{"id":10188,"date":"2024-10-19T14:43:26","date_gmt":"2024-10-19T11:43:26","guid":{"rendered":"https:\/\/www.hitit.fi\/?page_id=10188"},"modified":"2025-05-17T18:06:47","modified_gmt":"2025-05-17T15:06:47","slug":"dj-hall-of-fame","status":"publish","type":"page","link":"http:\/\/www.hitit.fi\/index.php\/dj-hall-of-fame\/","title":{"rendered":"DJ Hall of Fame"},"content":{"rendered":"\n<p>Tiskijukkien kunniagalleria, DJ Hall Of Fame on ep\u00e4muodollinen \u201dkerho\u201d, joka on kokoontunut vuosien mittaan DJ-meetingeiss\u00e4 ja Lavakauden p\u00e4\u00e4tt\u00e4j\u00e4isiss\u00e4. Ensimm\u00e4iset j\u00e4senet ilmoitettiin Lahden DJ-meetingiss\u00e4. S\u00e4\u00e4nn\u00f6llisempi yhteydenpito k\u00e4ynnistyi 1990-luvulla.<\/p>\n\n\n\n<p>Kunniagalleriaan kutsuttavien DJ-uran alkamisesta on t\u00e4ytynyt kulua yli 25 vuotta. Uusia j\u00e4seni\u00e4 ehdotetaan ja jos kriteerit t\u00e4yttyv\u00e4t, niin n\u00e4it\u00e4 valitaan vuosittain. Ehtona on my\u00f6s se, ett\u00e4 uuden j\u00e4senen t\u00e4ytyy tulla henkil\u00f6kohtaisesti vastaanottamaan kunniakirja kokoukseen. Oma aktiivisuus kannattaa, sill\u00e4 kaikki eiv\u00e4t tunne kaikkia. Niinp\u00e4 joukosta puuttuu varmasti monia, jotka uran pituuden perusteella kuuluisivat joukkoon. Kaikki eiv\u00e4t my\u00f6sk\u00e4\u00e4n halua liitty\u00e4 mukaan, esimerkiksi pel\u00e4tess\u00e4\u00e4n joutuvansa hyv\u00e4ntekev\u00e4isyyskeikalle.<\/p>\n\n\n\n<p>DJ Hall Of Fame sai oman kotiluolan marraskuussa 2006 Tabu-y\u00f6kerhoon Tampereen H\u00e4meenkadulle. Siihen menness\u00e4 valittujen kuvat laitettiin suureen sein\u00e4tauluun paikan per\u00e4sein\u00e4lle. Tabussa pidettiin komeat avajaiset ja j\u00e4rjestettiin DJ-iltamia, joissa k\u00e4viv\u00e4t haastateltavina muiden muassa nyttemmin edesmenneet Jyrki H\u00e4m\u00e4l\u00e4inen ja DJ Aake (Arne Nielsen). Muita vierailijoita olivat esimerkiksi Mikko Alatalo, Rale Koivisto ja Juha Laitila, joka teki DJ-uraa jo ennen kuin h\u00e4net opittiin tuntemaan koomikkona, imitaattorina ja laulajana.<\/p>\n\n\n\n<p>Valitettavasti Tabu tuhoutui vuonna 2010 palossa, jonka saman kerrostalon H\u00e4meenkatu 10:n pizzeria sytytettiin tahallaan. Tuhopoltossa menehtyi talon yl\u00e4kerran asukkaita.<\/p>\n\n\n\n<p>DJ Hall Of Famen edustajat k\u00e4viv\u00e4t maaliskuussa 2007 luovuttamassa Kulosaaren Casinolle kunniataulun, kun 40 vuotta oli kulunut maan ensimm\u00e4isen diskoteekin avaamisesta tuossa legendaarisessa paikassa.<\/p>\n\n\n\n<figure class=\"is-layout-flex wp-block-gallery-1 wp-block-gallery has-nested-images columns-default is-cropped\">\n<figure class=\"wp-block-image size-large\"><img decoding=\"async\" loading=\"lazy\" width=\"1024\" height=\"682\" data-id=\"10189\"  src=\"https:\/\/www.hitit.fi\/wp-content\/uploads\/2024\/10\/halloffame_WEB-1024x682.jpg\" alt=\"\" class=\"wp-image-10189\" srcset=\"http:\/\/www.hitit.fi\/wp-content\/uploads\/2024\/10\/halloffame_WEB-1024x682.jpg 1024w, http:\/\/www.hitit.fi\/wp-content\/uploads\/2024\/10\/halloffame_WEB-300x200.jpg 300w, http:\/\/www.hitit.fi\/wp-content\/uploads\/2024\/10\/halloffame_WEB-768x512.jpg 768w, http:\/\/www.hitit.fi\/wp-content\/uploads\/2024\/10\/halloffame_WEB-120x80.jpg 120w, http:\/\/www.hitit.fi\/wp-content\/uploads\/2024\/10\/halloffame_WEB-255x170.jpg 255w, http:\/\/www.hitit.fi\/wp-content\/uploads\/2024\/10\/halloffame_WEB-345x230.jpg 345w, http:\/\/www.hitit.fi\/wp-content\/uploads\/2024\/10\/halloffame_WEB.jpg 1454w\" sizes=\"(max-width: 1024px) 100vw, 1024px\" \/><figcaption class=\"wp-element-caption\">DJ Hall of Fame kokoontui vuonna 2024 Lavakauden p\u00e4\u00e4tt\u00e4j\u00e4isten yhteydess\u00e4. Mukaan kutsuttiin uusina j\u00e4senin\u00e4 Kirsi Uskali, K-System, Orkidea ja Sampl.<\/figcaption><\/figure>\n<\/figure>\n\n\n\n<p><strong>DISKOMUISTELMIA vuosien varrelta<\/strong><\/p>\n\n\n\n<p><strong><a href=\"https:\/\/www.hitit.fi\/index.php\/kun-diskopallo-saapui-meidan-kylille\/\">Kun diskopallo saapui meid\u00e4n kylille<\/a><\/strong>. Penan jutussa muistelevat my\u00f6s <strong>Johnny-Kai Forssell<\/strong> ja <strong>Joke Linnamaa \/ Stadin S\u00e4kki<\/strong><\/p>\n\n\n\n<p><strong><a href=\"https:\/\/www.hitit.fi\/index.php\/dj-hall-of-fame-dj-aira-davidsson\/\">DJ Aira Davidsson<\/a> &#8211; Lahden ensimm\u00e4inen naispuolinen DJ<\/strong><\/p>\n\n\n\n<p><strong><a href=\"https:\/\/www.hitit.fi\/index.php\/diskokulttuuri-muutoksessa\/\">Diskokulttuuri muutoksessa<\/a> &#8211; tekniikka alkoi kehitty\u00e4<\/strong><\/p>\n\n\n\n<p><strong><a href=\"https:\/\/www.hitit.fi\/index.php\/valoa-diskokansalle-jo-yli-40-vuotta\/\">Valoa diskokansalle jo yli 40 vuotta &#8211; DJ RokkiPekka muistelee<\/a><\/strong><\/p>\n\n\n\n<p><strong><a href=\"https:\/\/www.hitit.fi\/index.php\/turkulaista-diskoelamaa-70-80-luvulla\/\">Turkulaista diskoel\u00e4m\u00e4\u00e4 70- ja 80-luvulla<\/a><\/strong><\/p>\n\n\n\n<p><strong><a href=\"https:\/\/www.hitit.fi\/index.php\/dj-hall-of-fame-wolfman-jack\/\">Wolfman Jack Suomessa \/ Diskosuden j\u00e4ljill\u00e4 <\/a><\/strong><\/p>\n\n\n\n<p><a href=\"https:\/\/www.hitit.fi\/index.php\/goom-risteilyt-huh-huh\/\"><strong>Showmaster DJ Anselmi Kuusisto muistelee Goom-risteilyj\u00e4<\/strong><\/a><\/p>\n\n\n\n<p><strong><a href=\"https:\/\/www.hitit.fi\/index.php\/dj-hall-of-famella-oli-kotiluola-2006-2010\/\">DJ Hall of Famella oli kotiluola 2006 &#8211; 2010<\/a><\/strong><\/p>\n\n\n\n<p><strong><a href=\"https:\/\/www.hitit.fi\/index.php\/dj-kisavoittajia-kautta-aikain\/\">DJ KISAVOITTAJIA KAUTTA AIKAIN <\/a><\/strong><\/p>\n\n\n\n<p><strong>DJ Hall of Fame 2024<\/strong> (Lue lis\u00e4\u00e4 = *)<\/p>\n\n\n\n<ul>\n<li>Affe &#8211; Antero Ramsay (ent. Syrj\u00e4l\u00e4)<\/li>\n\n\n\n<li><a rel=\"noreferrer noopener\" href=\"https:\/\/papinsaari.fi\/\" data-type=\"URL\" data-id=\"https:\/\/papinsaari.fi\/\" target=\"_blank\"><strong>Altti <\/strong><\/a>&#8211; Altti Papinsaari <\/li>\n\n\n\n<li><a href=\"https:\/\/www.facebook.com\/deejay.AndyK\/\">Andy <\/a>&#8211; Antti K\u00e4lk\u00e4inen <\/li>\n\n\n\n<li><strong><a rel=\"noreferrer noopener\" href=\"https:\/\/www.annanohjelmat.fi\/\" data-type=\"URL\" data-id=\"https:\/\/www.annanohjelmat.fi\/\" target=\"_blank\">Anna<\/a> <\/strong>&#8211; Anna Hirvonen <\/li>\n\n\n\n<li><strong><a rel=\"noreferrer noopener\" href=\"https:\/\/fi.wikipedia.org\/wiki\/Tapani_Ripatti\" data-type=\"URL\" data-id=\"https:\/\/fi.wikipedia.org\/wiki\/Tapani_Ripatti\" target=\"_blank\">Beaver<\/a> <a href=\"https:\/\/www.hitit.fi\/index.php\/dj-hall-of-fame-dj-beaver\/\">&#8211; Tapani Ripatti <\/a>*<\/strong><\/li>\n\n\n\n<li><strong><a rel=\"noreferrer noopener\" href=\"https:\/\/www.stagent.fi\/esiintyjat\/djt\/dj-borje\/\" data-type=\"URL\" data-id=\"https:\/\/www.stagent.fi\/esiintyjat\/djt\/dj-borje\/\" target=\"_blank\">B\u00f6rje<\/a> <a href=\"https:\/\/www.hitit.fi\/index.php\/dj-hall-of-fame-dj-borje\/\">&#8211; Bore Wanner <\/a><\/strong>*<\/li>\n\n\n\n<li><a href=\"https:\/\/www.djbunuel.com\/\"><strong>Bunuel <\/strong><\/a>&#8211; M\u00e5ns Str\u00f6mberg <\/li>\n\n\n\n<li><strong>Djay <\/strong>&#8211; Mikael Monola<\/li>\n<\/ul>\n\n\n\n<ul>\n<li><a rel=\"noreferrer noopener\" href=\"https:\/\/www.hitit.fi\/index.php\/dj-hall-of-fame-dj-edward\/\" data-type=\"URL\" data-id=\"https:\/\/www.hitit.fi\/index.php\/dj-hall-of-fame-dj-edward\/\" target=\"_blank\"><strong>Edward &#8211; Markku Vesala R.I.P.<\/strong><\/a> *<\/li>\n\n\n\n<li>Eemu &#8211; Esko Riihel\u00e4 R.I.P.<\/li>\n\n\n\n<li>Eki &#8211; Erkki Sillanp\u00e4\u00e4<\/li>\n\n\n\n<li><strong><a href=\"https:\/\/www.hitit.fi\/index.php\/dj-hall-of-fame-dj-elmo-r-i-p\/\">Elmo &#8211; Eero Lehtonen R.I.P.<\/a><\/strong><\/li>\n\n\n\n<li>Elwood &#8211; Esa Silvennoinen <\/li>\n\n\n\n<li><strong><a rel=\"noreferrer noopener\" href=\"https:\/\/www.linkedin.com\/in\/eero-korpelainen-b70b4582\/?originalSubdomain=fi\" data-type=\"URL\" data-id=\"https:\/\/www.linkedin.com\/in\/eero-korpelainen-b70b4582\/?originalSubdomain=fi\" target=\"_blank\">Eppu<\/a> <\/strong>&#8211; Eero Korpelainen <\/li>\n\n\n\n<li><strong><a rel=\"noreferrer noopener\" href=\"https:\/\/www.facebook.com\/profile.php?id=100083623887753\" data-type=\"URL\" data-id=\"https:\/\/www.facebook.com\/profile.php?id=100083623887753\" target=\"_blank\">Erkku<\/a> <\/strong>&#8211; Eero Hepojoki <\/li>\n\n\n\n<li><strong><a href=\"https:\/\/www.facebook.com\/hammu.rauhala\">Hammu <\/a><\/strong>&#8211; Hannu Rauhala<\/li>\n\n\n\n<li>Hanski &#8211; Hannu Kinnunen R.I.P.<\/li>\n\n\n\n<li>Hare &#8211; Harto Tuohimaa<\/li>\n\n\n\n<li>Harold &#8211; Harri Koskenselk\u00e4<\/li>\n\n\n\n<li><strong><a href=\"https:\/\/www.kasaridisco.fi\/\">Igor <\/a><\/strong>\u2013 <strong><a href=\"https:\/\/www.hitit.fi\/index.php\/dj-hall-of-fame-dj-igor-eero-kiiskinen\/\">Eero Kiiskinen <\/a><\/strong>*<\/li>\n\n\n\n<li>Ina &#8211; Ismo Heino<\/li>\n\n\n\n<li><strong><a rel=\"noreferrer noopener\" href=\"https:\/\/l4events.fi\/yhteystiedot\/\" data-type=\"URL\" data-id=\"https:\/\/l4events.fi\/yhteystiedot\/\" target=\"_blank\">Ippe<\/a> <\/strong>&#8211; Ismo Hakulinen <\/li>\n\n\n\n<li><strong><a rel=\"noreferrer noopener\" href=\"https:\/\/www.facebook.com\/ismo.roiha.79\/?locale=fi_FI\" data-type=\"URL\" data-id=\"https:\/\/www.facebook.com\/ismo.roiha.79\/?locale=fi_FI\" target=\"_blank\">Ismo<\/a> <\/strong>&#8211; Ismo Roiha <\/li>\n\n\n\n<li>Japi &#8211; Jarmo Hietanen<\/li>\n\n\n\n<li>Jay Jay &#8211; Jarmo Leskinen R.I.P.<\/li>\n\n\n\n<li><strong><a rel=\"noreferrer noopener\" href=\"https:\/\/fi.wikipedia.org\/wiki\/Johnny-Kai_Forssell\" data-type=\"URL\" data-id=\"https:\/\/fi.wikipedia.org\/wiki\/Johnny-Kai_Forssell\" target=\"_blank\">Johnny<\/a> <\/strong>&#8211; Johnny-Kai Forssell <\/li>\n\n\n\n<li><a rel=\"noreferrer noopener\" href=\"https:\/\/www.jokelinnamaa.fi\/main\/Joke_Linnamaa\/Etusivu.html\" data-type=\"URL\" data-id=\"https:\/\/www.jokelinnamaa.fi\/main\/Joke_Linnamaa\/Etusivu.html\" target=\"_blank\"><strong>Joke eli Stadin S\u00e4kki<\/strong><\/a> &#8211; Jouko Linnamaa  <\/li>\n\n\n\n<li><strong><a href=\"https:\/\/www.vinyylidisco.fi\/\">Jon Landlord<\/a><\/strong> &#8211; Jari Salonen <\/li>\n\n\n\n<li>Jone &#8211; Jouni Pyh\u00e4j\u00e4rvi <\/li>\n\n\n\n<li><strong><a rel=\"noreferrer noopener\" href=\"https:\/\/fi.wikipedia.org\/wiki\/Juha_Laitila\" data-type=\"URL\" data-id=\"https:\/\/fi.wikipedia.org\/wiki\/Juha_Laitila\" target=\"_blank\">Juha Laitila<\/a> <\/strong>&#8211;<strong><a href=\"https:\/\/www.hitit.fi\/index.php\/dj-hall-of-fame-juha-laitila\/\"> Juha Laitila *<\/a><\/strong><\/li>\n\n\n\n<li>Juhis &#8211; Juha Koskenranta<\/li>\n\n\n\n<li><strong><a href=\"https:\/\/dj-juissi.fi\/\" data-type=\"URL\" data-id=\"https:\/\/dj-juissi.fi\/\" target=\"_blank\" rel=\"noreferrer noopener\">Juissi<\/a> <\/strong>&#8211; Juha Koivunen <\/li>\n\n\n\n<li><strong><a href=\"https:\/\/www.hitit.fi\/index.php\/dj-hall-of-fame-dj-jupe-juha-lohi-r-i-p\/\">Jupe &#8211; Juha Lohi R.I.P.*<\/a><\/strong><\/li>\n\n\n\n<li><strong><a href=\"https:\/\/www.facebook.com\/patjus\" data-type=\"URL\" data-id=\"https:\/\/www.facebook.com\/patjus\" target=\"_blank\" rel=\"noreferrer noopener\">Jussi<\/a> <\/strong>&#8211; Jussi Patrikka <\/li>\n\n\n\n<li>Justus &#8211; Jukka M\u00e4ntym\u00e4ki R.I.P.<\/li>\n\n\n\n<li><strong><a rel=\"noreferrer noopener\" href=\"https:\/\/fi.wikipedia.org\/wiki\/Jyrki_H%C3%A4m%C3%A4l%C3%A4inen\" data-type=\"URL\" data-id=\"https:\/\/fi.wikipedia.org\/wiki\/Jyrki_H%C3%A4m%C3%A4l%C3%A4inen\" target=\"_blank\">Jyr\u00e4ys<\/a> <\/strong>&#8211; <strong><a href=\"https:\/\/www.hitit.fi\/index.php\/dj-hall-of-fame-dj-jyrays-jyrki-hamalainen-r-i-p\/\">Jyrki H\u00e4m\u00e4l\u00e4inen R.I.P. *<\/a><\/strong><\/li>\n\n\n\n<li><strong><a href=\"https:\/\/www.hitit.fi\/index.php\/dj-hall-of-fame-dj-jyti-jyrki-alander-r-i-p\/\">Jyti &#8211; Jyri \u00c5lander R.I.P *<\/a><\/strong><\/li>\n\n\n\n<li><a rel=\"noreferrer noopener\" href=\"https:\/\/www.facebook.com\/Kmarkkinat?locale=fi_FI\" data-type=\"URL\" data-id=\"https:\/\/www.facebook.com\/Kmarkkinat?locale=fi_FI\" target=\"_blank\"><strong>Kaarina Kaskinen<\/strong><\/a><\/li>\n\n\n\n<li><strong><a rel=\"noreferrer noopener\" href=\"https:\/\/www.facebook.com\/kimmo.kortelainen.7?locale=fi_FI\" data-type=\"URL\" data-id=\"https:\/\/www.facebook.com\/kimmo.kortelainen.7?locale=fi_FI\" target=\"_blank\">Kaiffa<\/a> <\/strong>&#8211; Kimmo Kortelainen <\/li>\n\n\n\n<li>Kaiffari &#8211; Kai Mannerheimo R.I.P.<\/li>\n\n\n\n<li><strong><a rel=\"noreferrer noopener\" href=\"https:\/\/www.facebook.com\/djkaippa?locale=fi_FI\" data-type=\"URL\" data-id=\"https:\/\/www.facebook.com\/djkaippa?locale=fi_FI\" target=\"_blank\">Kaippa<\/a> <\/strong>&#8211; Kari Kaivola <\/li>\n\n\n\n<li><strong><a rel=\"noreferrer noopener\" href=\"https:\/\/www.facebook.com\/kirsiuskalihk\/?locale=fi_FI\" target=\"_blank\">Kirsi Uskali<\/a> 2024<\/strong><\/li>\n\n\n\n<li><strong><a rel=\"noreferrer noopener\" href=\"https:\/\/www.facebook.com\/jukka.kuusanmaki?locale=fi_FI\" data-type=\"URL\" data-id=\"https:\/\/www.facebook.com\/jukka.kuusanmaki?locale=fi_FI\" target=\"_blank\">Kokki<\/a> <\/strong>&#8211; Jukka Kuusanm\u00e4ki <\/li>\n\n\n\n<li><strong><a rel=\"noreferrer noopener\" href=\"https:\/\/www.k-system.nu\/\" target=\"_blank\">K-System<\/a> &#8211; Kimmo Kauppinen 2024<\/strong><\/li>\n\n\n\n<li><strong><a href=\"https:\/\/www.hitit.fi\/index.php\/dj-hall-of-fame-dj-lisko\/\">Lisko &#8211; Heikki Linko R.I.P. *<\/a><\/strong><\/li>\n\n\n\n<li><strong><a rel=\"noreferrer noopener\" href=\"https:\/\/www.mkproductions.fi\/dj-marco-4\" data-type=\"URL\" data-id=\"https:\/\/www.mkproductions.fi\/dj-marco-4\" target=\"_blank\">Marco<\/a> <\/strong>&#8211; Marko Kiuru <\/li>\n\n\n\n<li><a href=\"https:\/\/www.hitit.fi\/index.php\/dj-hall-of-fame-dj-mata-hari\/\"><strong>Matahari &#8211; Ritva Laine<\/strong> *<\/a><\/li>\n\n\n\n<li>Matti &#8211; Matti Kahila R.I.P.<\/li>\n\n\n\n<li><strong><a rel=\"noreferrer noopener\" href=\"https:\/\/www.facebook.com\/pia.aikio?locale=fi_FI\" data-type=\"URL\" data-id=\"https:\/\/www.facebook.com\/pia.aikio?locale=fi_FI\" target=\"_blank\">Monster<\/a> <\/strong>&#8211; Pia Aikio <\/li>\n\n\n\n<li><strong><a rel=\"noreferrer noopener\" href=\"https:\/\/www.hitit.fi\/index.php\/dj-hall-of-fame-dj-nite\/\" data-type=\"URL\" data-id=\"https:\/\/www.hitit.fi\/index.php\/dj-hall-of-fame-dj-nite\/\" target=\"_blank\">Nite &#8211; Kari Niiranen<\/a> *<\/strong><\/li>\n\n\n\n<li><strong><a rel=\"noreferrer noopener\" href=\"http:\/\/djorkidea.com\/\" target=\"_blank\">Orkidea<\/a> &#8211; Tapio Hakanen 2024<\/strong><\/li>\n\n\n\n<li><a href=\"https:\/\/www.facebook.com\/dj.pasi.virtanen?locale=fi_FI\" data-type=\"URL\" data-id=\"https:\/\/www.facebook.com\/dj.pasi.virtanen?locale=fi_FI\" target=\"_blank\" rel=\"noreferrer noopener\"><strong>Pasi<\/strong><\/a> &#8211; Pasi Virtanen <\/li>\n\n\n\n<li><a href=\"https:\/\/www.facebook.com\/pentti.teravainen?locale=fi_FI\" data-type=\"URL\" data-id=\"https:\/\/www.facebook.com\/pentti.teravainen?locale=fi_FI\" target=\"_blank\" rel=\"noreferrer noopener\"><strong>Pena<\/strong><\/a> &#8211; Pentti Ter\u00e4v\u00e4inen <\/li>\n\n\n\n<li><strong><a href=\"https:\/\/www.facebook.com\/pertti.kosonen.5?locale=fi_FI\" data-type=\"URL\" data-id=\"https:\/\/www.facebook.com\/pertti.kosonen.5?locale=fi_FI\" target=\"_blank\" rel=\"noreferrer noopener\">Pertsa<\/a> <\/strong>&#8211; Pertti Kosonen <\/li>\n\n\n\n<li><strong><a href=\"https:\/\/oulaistenohjelmapalvelu.fi\/\" data-type=\"URL\" data-id=\"https:\/\/oulaistenohjelmapalvelu.fi\/\" target=\"_blank\" rel=\"noreferrer noopener\">Pona<\/a> <\/strong>&#8211; Antti Ep\u00e4ilys <\/li>\n\n\n\n<li><strong><a href=\"https:\/\/fi.wikipedia.org\/wiki\/Pentti_Kemppainen\" data-type=\"URL\" data-id=\"https:\/\/fi.wikipedia.org\/wiki\/Pentti_Kemppainen\" target=\"_blank\" rel=\"noreferrer noopener\">Poppamies<\/a> <\/strong>&#8211; Pentti Kemppainen <\/li>\n\n\n\n<li>Rami &#8211; Raimo Latvaniemi<\/li>\n\n\n\n<li><strong><a href=\"https:\/\/op-koti.fi\/kiinteistonvalitys\/valkeakoski\/ristorautiainen\" data-type=\"URL\" data-id=\"https:\/\/op-koti.fi\/kiinteistonvalitys\/valkeakoski\/ristorautiainen\" target=\"_blank\" rel=\"noreferrer noopener\">Rautsi<\/a> <\/strong>&#8211; Risto Rautiainen <\/li>\n\n\n\n<li><a href=\"https:\/\/www.hitit.fi\/index.php\/dj-hall-of-fame-dj-ripa\/\" data-type=\"page\" data-id=\"10301\"><strong>Ripa &#8211; Risto Tuhkala R.I.P.<\/strong><\/a><\/li>\n\n\n\n<li><strong><a href=\"https:\/\/www.satakunnankansa.fi\/satakunta\/art-2000010937352.html\">Rolf &#8211; Rolf Filander <\/a>R.I.P.<\/strong><\/li>\n\n\n\n<li><strong><a href=\"https:\/\/www.facebook.com\/mkukkohovi\/\">Roxy <\/a><\/strong>&#8211; Markku Kukkohovi<\/li>\n\n\n\n<li><strong><a rel=\"noreferrer noopener\" href=\"https:\/\/www.facebook.com\/salsa.sinisalo?locale=fi_FI\" data-type=\"URL\" data-id=\"https:\/\/www.facebook.com\/salsa.sinisalo?locale=fi_FI\" target=\"_blank\">Salsa<\/a> <\/strong>&#8211; Tero Sinisalo<\/li>\n\n\n\n<li><strong><a href=\"http:\/\/www.djsampl.com\">Sampl <\/a>&#8211; <\/strong>Sami Pitk\u00e4nen 2024<\/li>\n\n\n\n<li>Takku &#8211; Pekka Kotilainen R.I.P.<\/li>\n\n\n\n<li><strong><a href=\"https:\/\/timba.net\/\" data-type=\"URL\" data-id=\"https:\/\/timba.net\/\" target=\"_blank\" rel=\"noreferrer noopener\">Timba<\/a> <\/strong>&#8211; Timo Pelkonen <\/li>\n\n\n\n<li><strong><a href=\"https:\/\/www.facebook.com\/oiva.mursu?locale=fi_FI\" data-type=\"URL\" data-id=\"https:\/\/www.facebook.com\/oiva.mursu?locale=fi_FI\" target=\"_blank\" rel=\"noreferrer noopener\">Tippa<\/a> <\/strong>&#8211; Oiva Mursu <\/li>\n\n\n\n<li><strong><a href=\"https:\/\/www.popmaster.fi\/topihonkonen\/\" data-type=\"URL\" data-id=\"https:\/\/www.popmaster.fi\/topihonkonen\/\" target=\"_blank\" rel=\"noreferrer noopener\">Topi<\/a> <\/strong>&#8211; Toivo H Honkonen <\/li>\n\n\n\n<li>Usa \u2013 Usa (ent.Vesa) Ossi R.I.P.<\/li>\n\n\n\n<li>Vesa Roponen R.I.P.<\/li>\n\n\n\n<li><strong><a href=\"https:\/\/www.hitit.fi\/index.php\/dj-hall-of-fame-dj-vesku-vesa-talonen\/\">Vesku &#8211; Vesa Talonen *<\/a><\/strong><\/li>\n\n\n\n<li>Yary &#8211; Jari Piippola<\/li>\n<\/ul>\n","protected":false},"excerpt":{"rendered":"<p>Tiskijukkien kunniagalleria, DJ Hall Of Fame on ep\u00e4muodollinen \u201dkerho\u201d, joka on kokoontunut vuosien mittaan DJ-meetingeiss\u00e4 ja Lavakauden p\u00e4\u00e4tt\u00e4j\u00e4isiss\u00e4. Ensimm\u00e4iset j\u00e4senet&#8230;<\/p>\n","protected":false},"author":2,"featured_media":10189,"parent":0,"menu_order":0,"comment_status":"closed","ping_status":"closed","template":"","meta":[],"_links":{"self":[{"href":"http:\/\/www.hitit.fi\/index.php\/wp-json\/wp\/v2\/pages\/10188"}],"collection":[{"href":"http:\/\/www.hitit.fi\/index.php\/wp-json\/wp\/v2\/pages"}],"about":[{"href":"http:\/\/www.hitit.fi\/index.php\/wp-json\/wp\/v2\/types\/page"}],"author":[{"embeddable":true,"href":"http:\/\/www.hitit.fi\/index.php\/wp-json\/wp\/v2\/users\/2"}],"replies":[{"embeddable":true,"href":"http:\/\/www.hitit.fi\/index.php\/wp-json\/wp\/v2\/comments?post=10188"}],"version-history":[{"count":47,"href":"http:\/\/www.hitit.fi\/index.php\/wp-json\/wp\/v2\/pages\/10188\/revisions"}],"predecessor-version":[{"id":10775,"href":"http:\/\/www.hitit.fi\/index.php\/wp-json\/wp\/v2\/pages\/10188\/revisions\/10775"}],"wp:featuredmedia":[{"embeddable":true,"href":"http:\/\/www.hitit.fi\/index.php\/wp-json\/wp\/v2\/media\/10189"}],"wp:attachment":[{"href":"http:\/\/www.hitit.fi\/index.php\/wp-json\/wp\/v2\/media?parent=10188"}],"curies":[{"name":"wp","href":"https:\/\/api.w.org\/{rel}","templated":true}]}}