{"id":252,"date":"2015-01-13T20:38:35","date_gmt":"2015-01-13T20:38:35","guid":{"rendered":"http:\/\/www.hitit.fi\/?page_id=252"},"modified":"2025-07-07T12:24:45","modified_gmt":"2025-07-07T09:24:45","slug":"artisteille","status":"publish","type":"page","link":"http:\/\/www.hitit.fi\/index.php\/artisteille\/","title":{"rendered":"Palveluja artisteille"},"content":{"rendered":"<p><strong>Dis<\/strong><strong>copress Oy<\/strong> (per. 1980) on organisoinut radioiden musiikkitoimittajien yhteistoimintaa paikallisradioiden alkuajoista, vuodesta 1985 l\u00e4htien. Toimintamme disko-, tanssi- ja iskelm\u00e4musiikin saralla alkoi jo 1970-luvulla. Meill\u00e4 on my\u00f6s oma radiokanava <a href=\"http:\/\/www.radiomusa.fi\/\" target=\"_blank\" rel=\"noopener\">Radio Musa.<\/a><\/p>\n<p>Discopress Oy jakelee uutta musiikkia radioille ja DJ:lle viikottain. Digijakelussa k\u00e4yt\u00e4mme <strong>iPool<\/strong>-tekniikkaa, jota olemme olleet kehitt\u00e4m\u00e4ss\u00e4 saksalaisen <strong>Labeltoolsin<\/strong> kanssa.<\/p>\n<p>Julkaisemme <a href=\"http:\/\/www.hitit.fi\/viihdeuutiset\/radio-top-20\/\" target=\"_blank\" rel=\"noopener\">Radio Top 20<\/a>&#8211; ja <a href=\"http:\/\/www.hitit.fi\/viihdeuutiset\/tata-suomi-tanssii\/\" target=\"_blank\" rel=\"noopener\">T\u00e4t\u00e4 Suomi tanssii<\/a> -listoja, jotka laaditaan yhteisty\u00f6ss\u00e4 radioasemien ja tiskijukkien kanssa.<\/p>\n<p>Toimitamme paikallisradioiden k\u00e4ytt\u00f6\u00f6n my\u00f6s artistihaastatteluja yhteisty\u00f6ss\u00e4 levy-yhti\u00f6iden ja -tuottajien kanssa.<\/p>\n<p>K\u00e4\u00e4nny kaikissa media-asioissa puoleemme.<\/p>\n<p>Yhteystiedot:<\/p>\n<p><strong>Pentti Ter\u00e4v\u00e4inen 0400 62 00 36<\/strong><\/p>\n<p><strong>Discopress Oy<\/strong><br \/>\n<strong>Myllypurontie 16<\/strong><br \/>\n<strong>33450 SIIVIKKALA<\/strong><\/p>\n<p><a href=\"mailto:discopress@kolumbus.fi\"><strong>discopress@kolumbus.fi<\/strong><\/a><\/p>\n<p><a href=\"http:\/\/www.hitit.fi\/wp-content\/uploads\/2015\/01\/tanssi2.jpg\" rel=\"lightbox[252]\">\u00a0<\/a><\/p>\n<div id=\"attachment_16\" style=\"width: 970px\" class=\"wp-caption aligncenter\"><a href=\"http:\/\/www.hitit.fi\/wp-content\/uploads\/2014\/12\/palkitut.jpg\" rel=\"lightbox[252]\"><img aria-describedby=\"caption-attachment-16\" decoding=\"async\" loading=\"lazy\" class=\"wp-image-16 size-large\" src=\"http:\/\/www.hitit.fi\/wp-content\/uploads\/2014\/12\/palkitut-1024x768.jpg\" alt=\"Discopress Oy j\u00e4rjest\u00e4\u00e4 Lavakauden p\u00e4\u00e4tt\u00e4j\u00e4iset syyskuussa.\" width=\"960\" height=\"720\" srcset=\"http:\/\/www.hitit.fi\/wp-content\/uploads\/2014\/12\/palkitut-1024x768.jpg 1024w, http:\/\/www.hitit.fi\/wp-content\/uploads\/2014\/12\/palkitut-300x225.jpg 300w, http:\/\/www.hitit.fi\/wp-content\/uploads\/2014\/12\/palkitut-768x576.jpg 768w\" sizes=\"(max-width: 960px) 100vw, 960px\" \/><\/a><p id=\"caption-attachment-16\" class=\"wp-caption-text\">Discopress Oy j\u00e4rjest\u00e4\u00e4 Lavakauden p\u00e4\u00e4tt\u00e4j\u00e4iset syyskuussa. Seuraavaa Lavista odotellessa!<\/p><\/div>\n<p><a href=\"http:\/\/www.hitit.fi\/wp-content\/uploads\/2015\/01\/tanssi2.jpg\" rel=\"lightbox[252]\">\u00a0<\/a><\/p>\n<p><script>\/\/ <![CDATA[ (function(i,s,o,g,r,a,m){i['GoogleAnalyticsObject']=r;i[r]=i[r]||function(){ (i[r].q=i[r].q||[]).push(arguments)},i[r].l=1*new Date();a=s.createElement(o), m=s.getElementsByTagName(o)[0];a.async=1;a.src=g;m.parentNode.insertBefore(a,m) })(window,document,'script','\/\/www.google-analytics.com\/analytics.js','ga'); ga('create', 'UA-58541555-1', 'auto'); ga('send', 'pageview'); \/\/ ]]><\/p>\n<p><\/script><\/p>\n","protected":false},"excerpt":{"rendered":"<p>Discopress Oy (per. 1980) on organisoinut radioiden musiikkitoimittajien yhteistoimintaa paikallisradioiden alkuajoista, vuodesta 1985 l\u00e4htien. Toimintamme disko-, tanssi- ja iskelm\u00e4musiikin saralla&#8230;<\/p>\n","protected":false},"author":1,"featured_media":0,"parent":0,"menu_order":0,"comment_status":"closed","ping_status":"closed","template":"","meta":[],"_links":{"self":[{"href":"http:\/\/www.hitit.fi\/index.php\/wp-json\/wp\/v2\/pages\/252"}],"collection":[{"href":"http:\/\/www.hitit.fi\/index.php\/wp-json\/wp\/v2\/pages"}],"about":[{"href":"http:\/\/www.hitit.fi\/index.php\/wp-json\/wp\/v2\/types\/page"}],"author":[{"embeddable":true,"href":"http:\/\/www.hitit.fi\/index.php\/wp-json\/wp\/v2\/users\/1"}],"replies":[{"embeddable":true,"href":"http:\/\/www.hitit.fi\/index.php\/wp-json\/wp\/v2\/comments?post=252"}],"version-history":[{"count":5,"href":"http:\/\/www.hitit.fi\/index.php\/wp-json\/wp\/v2\/pages\/252\/revisions"}],"predecessor-version":[{"id":10816,"href":"http:\/\/www.hitit.fi\/index.php\/wp-json\/wp\/v2\/pages\/252\/revisions\/10816"}],"wp:attachment":[{"href":"http:\/\/www.hitit.fi\/index.php\/wp-json\/wp\/v2\/media?parent=252"}],"curies":[{"name":"wp","href":"https:\/\/api.w.org\/{rel}","templated":true}]}}