{"id":38,"date":"2014-12-22T21:19:06","date_gmt":"2014-12-22T21:19:06","guid":{"rendered":"http:\/\/www.hitit.fi\/wordpress\/?page_id=38"},"modified":"2022-04-28T19:17:40","modified_gmt":"2022-04-28T16:17:40","slug":"yhteystiedot","status":"publish","type":"page","link":"http:\/\/www.hitit.fi\/index.php\/yhteystiedot\/","title":{"rendered":"Discopress Oy"},"content":{"rendered":"<p>Discopress Oy on julkaissut Hitit!-, DJ- ja Diskosusi-lehte\u00e4 vuodesta 1979. Vuoden 2015 alusta alkaen olemme toimittaneet&nbsp;t\u00e4t\u00e4 nettijulkaisua. Discopress l\u00f6ytyy aikuisten musiikkiradio <a href=\"http:\/\/www.radiomusa.fi\/\" target=\"_blank\" rel=\"noopener\">Radio Musan<\/a> takaa.<\/p>\n<p>Parhaiten tunnettu kansainv\u00e4linen projektimme on ollut Nokia Eurohit Parade Show, jota esitettiin 22 maassa vuosina 1995-1998.<\/p>\n<p><b>YHTEYS:<br \/>\nDiscopress Oy<br \/>\nMyllypurontie 16<br \/>\n33450 SIIVIKKALA<br \/>\n0400 620036<br \/>\n<a href=\"mailto:discopress@kolumbus.fi\" target=\"_blank\" rel=\"noopener\">discopress@kolumbus.fi<\/a><br \/>\n<\/b><\/p>\n<p><script>\/\/ <![CDATA[ (function(i,s,o,g,r,a,m){i['GoogleAnalyticsObject']=r;i[r]=i[r]||function(){ (i[r].q=i[r].q||[]).push(arguments)},i[r].l=1*new Date();a=s.createElement(o), m=s.getElementsByTagName(o)[0];a.async=1;a.src=g;m.parentNode.insertBefore(a,m) })(window,document,'script','\/\/www.google-analytics.com\/analytics.js','ga'); ga('create', 'UA-58541555-1', 'auto'); ga('send', 'pageview'); \/\/ ]]><\/script><\/p>\n","protected":false},"excerpt":{"rendered":"<p>Discopress Oy on julkaissut Hitit!-, DJ- ja Diskosusi-lehte\u00e4 vuodesta 1979. Vuoden 2015 alusta alkaen olemme toimittaneet&nbsp;t\u00e4t\u00e4 nettijulkaisua. Discopress l\u00f6ytyy aikuisten&#8230;<\/p>\n","protected":false},"author":1,"featured_media":179,"parent":0,"menu_order":0,"comment_status":"closed","ping_status":"closed","template":"","meta":[],"_links":{"self":[{"href":"http:\/\/www.hitit.fi\/index.php\/wp-json\/wp\/v2\/pages\/38"}],"collection":[{"href":"http:\/\/www.hitit.fi\/index.php\/wp-json\/wp\/v2\/pages"}],"about":[{"href":"http:\/\/www.hitit.fi\/index.php\/wp-json\/wp\/v2\/types\/page"}],"author":[{"embeddable":true,"href":"http:\/\/www.hitit.fi\/index.php\/wp-json\/wp\/v2\/users\/1"}],"replies":[{"embeddable":true,"href":"http:\/\/www.hitit.fi\/index.php\/wp-json\/wp\/v2\/comments?post=38"}],"version-history":[{"count":2,"href":"http:\/\/www.hitit.fi\/index.php\/wp-json\/wp\/v2\/pages\/38\/revisions"}],"predecessor-version":[{"id":7997,"href":"http:\/\/www.hitit.fi\/index.php\/wp-json\/wp\/v2\/pages\/38\/revisions\/7997"}],"wp:featuredmedia":[{"embeddable":true,"href":"http:\/\/www.hitit.fi\/index.php\/wp-json\/wp\/v2\/media\/179"}],"wp:attachment":[{"href":"http:\/\/www.hitit.fi\/index.php\/wp-json\/wp\/v2\/media?parent=38"}],"curies":[{"name":"wp","href":"https:\/\/api.w.org\/{rel}","templated":true}]}}