{"id":10200,"date":"2024-10-19T14:52:20","date_gmt":"2024-10-19T11:52:20","guid":{"rendered":"https:\/\/www.hitit.fi\/?page_id=10200"},"modified":"2024-11-02T16:11:31","modified_gmt":"2024-11-02T14:11:31","slug":"dj-hall-of-fame-dj-edward","status":"publish","type":"page","link":"https:\/\/www.hitit.fi\/index.php\/dj-hall-of-fame-dj-edward\/","title":{"rendered":"DJ Hall of Fame \/ DJ Edward"},"content":{"rendered":"\n<p><strong>DJ Edward oli ainutlaatuinen<\/strong><\/p>\n\n\n\n<p>Viihdemaailma on t\u00e4ynn\u00e4 mit\u00e4 erilaisimpia ihmisi\u00e4 ja erikoisia tyyppej\u00e4. Moni heist\u00e4 ansaitsisi el\u00e4m\u00e4kertakirjan. Viihteen puolella toimittaessa riitt\u00e4\u00e4 vauhtia ja vaarallisia tilanteita.<\/p>\n\n\n\n<p>Lappeenrantalainen Markku Vesala alias DJ Edward (1955 \u2013 2019) oli yksi persoonallisimmista suomalaisista tiskijukista kautta aikain. \u201dEetu\u201d touhusi alalla yli nelj\u00e4nkymmenen vuoden ajan.<\/p>\n\n\n\n<p>Edward aloitti monien muiden tiskijukkien tavoin uransa nuorisotaloilla ns.apusoittajana, joka tuurasi v\u00e4h\u00e4n vanhemman kollegan kahvitunteja ja vessataukoja. Lopulta vanhempi kollega tunsi itsens\u00e4 liian vanhaksi ja siirtyi soittamaan ravintoloihin. H\u00e4nen paikkansa otti innokas nuori, joka oli siihen menness\u00e4 opetellut k\u00e4ytt\u00e4m\u00e4\u00e4n diskolaitteita ja kehittynyt v\u00e4hint\u00e4\u00e4n yht\u00e4 hyv\u00e4ksi kansanvillitsij\u00e4ksi kuin ravintolaan siirtynyt, pari vuotta vanhempi.<\/p>\n\n\n\n<figure class=\"wp-block-image size-large\"><img decoding=\"async\" loading=\"lazy\" width=\"1024\" height=\"768\" src=\"https:\/\/www.hitit.fi\/wp-content\/uploads\/2019\/05\/Kuvassa_DJ_EDWARD_IFE_02.06.2007-019-1024x768.jpg\" alt=\"\" class=\"wp-image-5460\" srcset=\"https:\/\/www.hitit.fi\/wp-content\/uploads\/2019\/05\/Kuvassa_DJ_EDWARD_IFE_02.06.2007-019-1024x768.jpg 1024w, https:\/\/www.hitit.fi\/wp-content\/uploads\/2019\/05\/Kuvassa_DJ_EDWARD_IFE_02.06.2007-019-300x225.jpg 300w, https:\/\/www.hitit.fi\/wp-content\/uploads\/2019\/05\/Kuvassa_DJ_EDWARD_IFE_02.06.2007-019-768x576.jpg 768w, https:\/\/www.hitit.fi\/wp-content\/uploads\/2019\/05\/Kuvassa_DJ_EDWARD_IFE_02.06.2007-019.jpg 1280w\" sizes=\"(max-width: 1024px) 100vw, 1024px\" \/><figcaption class=\"wp-element-caption\">DJ Edward aloitti DJ-uransa 1970-luvun alussa.<\/figcaption><\/figure>\n\n\n\n<p>Markku Vesala aloitti DJ-keikkailun 1971. Vaikutteita omaan juttuunsa h\u00e4nkin sai Wolfman Jackilta ja erityisesti elokuvasta American Graffiti \u2013 Svengijengi &#8217;62.<\/p>\n\n\n\n<p>Tiskijukkien ensimm\u00e4iset, nykyaikaiset SM-kisat j\u00e4rjesti Help!-lehti talvella 1976 \u2013 1977. Kisakiertuetta py\u00f6ritti Juha Laitila, iso mies, joka liikkui ymp\u00e4ri maata pienell\u00e4 sponsoriautolla, Toyota Timangilla. Pohjoisimmat alkukarsinnat pidettiin Oulussa, joista jatkoon p\u00e4\u00e4si muuan DJ Pena. H\u00e4nen kisataipaleensa katkesi semifinaaliin Tampereella.<\/p>\n\n\n\n<p>DJ Edward saapui Helsingin finaaliin kev\u00e4\u00e4ll\u00e4 1977 ison karjalaisen kannattajajoukon kanssa. Aikalaislausuntojen mukaan Eetun show oli aivan omaa luokkaansa, h\u00e4n pisti diskoteekin rokkaamaan ja rollaamaan. Tyylilaji oli \u201dkahjomainen sliipparimeininki\u201d, kuten joku asian kiteytti. Hyvin kisassa p\u00e4rj\u00e4si my\u00f6s Tampereen semifinaalin voittaja DJ Roxy, Markku Kukkohovi, jonka show-hahmona oli Uuno Turhapuro. Kisavoitto poiki Edwardille kiertueen ja t\u00f6it\u00e4 pitk\u00e4ksi aikaa.<\/p>\n\n\n\n<p>Radio Luxemburgin DJ Tony Prince (oik. Anthony Whitehead), \u201dThe Royal Ruler\u201d saatiin houkuteltua talvikiertueelle Suomeen 1980-luvun alussa. Keikkakuskina, paikallisoppaana ja l\u00e4mpp\u00e4rin\u00e4 toimivat Edward ja DJ Igor (Eero Kiiskinen). Miehet kiersiv\u00e4t kylm\u00e4\u00e4 maata Ford Transitilla, jossa ei tunnetusti ollut kunnon l\u00e4mmityslaitetta.<\/p>\n\n\n\n<p>&#8211; Eetu ja jokseenkin kylmettynyt Tony k\u00e4viv\u00e4t meill\u00e4 kahvilla ja Diskosusi-lehden haastattelussa. Radio Luxemburg oli sen ajan ykk\u00f6sjuttu, kun ei ollut MusicTV:t\u00e4 eik\u00e4 netti\u00e4. T\u00e4t\u00e4 taustaa vasten voi ymm\u00e4rt\u00e4\u00e4, miten iso juttu tuo vierailu meille oli. Samaa osastoa kuin Wolfman Jack kymmenen vuotta my\u00f6hemmin Radio Musassa, Pena Ter\u00e4v\u00e4inen muistelee.<\/p>\n\n\n\n<p>Pian talvikiertueen j\u00e4lkeen Tony Prince keskittyi Disco Mix Clubin py\u00f6ritt\u00e4miseen, eik\u00e4 h\u00e4nt\u00e4 n\u00e4hty sen koommin kiertueilla.<\/p>\n\n\n\n<p>Diskosudesta kehkeytyi valtakunnallinen lehti, jota jaettiin diskokansalle enimmill\u00e4\u00e4n 10 000 kappaleen painoksena. Sen tunnettavuutta p\u00e4\u00e4tettiin vuonna 1981 edist\u00e4\u00e4 \u2013 mill\u00e4s muulla kuin \u2013 omalla \u00e4\u00e4nilevyll\u00e4, mink\u00e4 mahdollistivat hyv\u00e4t suhteet levyfirmoihin. Kustantajaksi ja julkaisijaksi saatiin kansainv\u00e4linen CBS (my\u00f6h. Sony).<\/p>\n\n\n\n<p>Tuumasta toimeen. Levyn musiikillisesta toteutuksesta vastasivat Karjalan pojat, jotka rockmuusikkoina k\u00e4tkeytyiv\u00e4t nimimerkkien taakse. Mukana olivat mm. T.T. Oksala ja Kari Litmanen. Sanoituksesta ja \u201dlaulusuorituksesta\u201d vastasi DJ Edward. K\u00e4\u00e4nt\u00f6puolelle tehtiin \u201dSin\u00e4 j\u00e4tit j\u00e4tit mun\u201d, jonka innoittajana toimi Napoleon XIV:n kreisi \u201dThey&#8217;re coming to take me away, ha-haa\u201d. Vuosia my\u00f6hemmin t\u00e4m\u00e4 seiskatuumainen single on todellinen harvinaisuus, josta ker\u00e4ilij\u00e4t maksavat maltaita.<\/p>\n\n\n\n<p>DJ Edward oli ensimm\u00e4inen levytt\u00e4nyt suomalainen tiskijukka, kun mukaan ei lasketa 70-luvulla ilmestyneit\u00e4 paria kokoelmaa, joiden v\u00e4lispiikeist\u00e4 vastasivat DJ Yekku (Jukka Sinerv\u00e4) ja DJ Perttu (Perttu Rousi).<\/p>\n\n\n\n<p>DJ Edward jatkoi uraansa vaihtelevalla menestyksell\u00e4. Jossain vaiheessa Pena ehdotti keikkapulasta k\u00e4rsineelle Eetulle, ett\u00e4 Discopress voisi alkaa h\u00e4nen keikkamyyj\u00e4kseen ja myyd\u00e4 kalenterin t\u00e4yteen. Olihan miehell\u00e4 nime\u00e4 ja komealta kalskahtava titteli. Pena oli sit\u00e4 mielt\u00e4, ett\u00e4 diskon on tiedett\u00e4v\u00e4 millaista show&#8217;ta ollaan ostamassa. H\u00e4n otti esiin tuoreimman Suomen Diskolistan ja kysyi, voiko Eetu sitoutua soittamaan illan mittaan n\u00e4m\u00e4 ajan kovimmat hitit. Ei voinut, ja niin keikkamyyntisopimus j\u00e4i tekem\u00e4tt\u00e4.<\/p>\n\n\n\n<p>\u2013 Eetu oli luonnonlapsi ja luonnonlahjakkuus, joka soitti levyj\u00e4 tunteella. Ei h\u00e4nt\u00e4 saanut mukautumaan mihink\u00e4\u00e4n formaattiin. H\u00e4nell\u00e4 oli oma tapansa tehd\u00e4 showta faneilleen, mik\u00e4 ei miellytt\u00e4nyt kaikkia.<\/p>\n\n\n\n<p>\u2013 Edwardin keikka oli kuin hallitsematon kaaos, jonka h\u00e4n yht&#8217;\u00e4kki\u00e4 loi kokonaisuudeksi ja vei sit\u00e4 viel\u00e4 eteen p\u00e4in, totesi puolestaan kollega Matti Korttinen, joka tunnustautuu yst\u00e4v\u00e4ns\u00e4 oppipojaksi.<\/p>\n\n\n\n<p>DJ Edward hy\u00f6dynsi vuosikausia keikkamyynniss\u00e4 SM DJ-titteli\u00e4\u00e4n. Niin paljon ja h\u00e4ik\u00e4ilem\u00e4tt\u00e4, ett\u00e4 alan piireiss\u00e4 virisi ajatus uusien DJ-kisojen j\u00e4rjest\u00e4misest\u00e4. Ei siksi, ett\u00e4 kukkulan kuningas haluttaisiin kaataa vaan ett\u00e4 alalle saataisiin uusia tekij\u00f6it\u00e4.<\/p>\n\n\n\n<p>DJ Edward oli mukana muutamilla SM DJ -kisakiertueille. DJ Erkku (Eero Hepojoki) muistelee, ett\u00e4 aikataulut eiv\u00e4t aina pit\u00e4neet Eetun kanssa. Mies saattoi uppoutua levykaupassa tai divarissa niin totaalisesti levyjen selaamiseen, ettei ilmestynyt sovittuun aikaan keikka-autolle. Sitten h\u00e4nt\u00e4 etsittiin ns. kissojen ja koirien kanssa. &#8211; Majoittuminen kiertueilla oli luku sin\u00e4ns\u00e4, my\u00f6s siksi, ett\u00e4 Eetu oli armoton kuorsaaja.<\/p>\n\n\n\n<p>Paikallisradioiden alkuaikoina Eetulla oli oma Eeturatio-show lappeenrantalaisessa Saimaan Aallot- radiossa.<\/p>\n\n\n\n<p>Edward osallistui aktiivisti alan yhteisty\u00f6h\u00f6n ja oli aina valmis kantamaan kortensa kekoon esimerkiksi hyv\u00e4ntekev\u00e4isyyskeikoilla. H\u00e4n ilmestyi matkojen takaa DJ-meetingeihin tavalla tai toisella ja loi aina hyv\u00e4\u00e4 fiilist\u00e4 ymp\u00e4rilleen.<\/p>\n\n\n\n<p>Raha-asiat eiv\u00e4t olleet koskaan Eetun ydinosaamista. Pahasti velkaantuneelle taiteilijalle nimettiin jossain vaiheessa edunvalvoja, joka yritti saada talouden tasapainoon. Ik\u00e4\u00e4ntymisen my\u00f6t\u00e4 Eetu k\u00e4rsi ylipainosta ja sen my\u00f6t\u00e4 erilaisista sairauksista kuten kihdist\u00e4 ja diabeteksest\u00e4. H\u00e4n oli yksi el\u00e4m\u00e4nty\u00f6palkinnon saajista \u201dDisco 50 vuotta Suomessa\u201d -tapahtumassa Tampere-talossa 2016. H\u00e4nelle oli jo aiemmin my\u00f6nnetty paikallisen yritt\u00e4j\u00e4yhdistyksen tunnustus pitk\u00e4st\u00e4 urasta. Edward itsekin naureskeli, ett\u00e4 palkinto taisi tulla siit\u00e4, ettei h\u00e4n ole pyrkinyt muiden t\u00f6ihin.<\/p>\n\n\n\n<p>Viimeiset vuotensa Markku Vesala asui el\u00e4kkeell\u00e4 palvelutalossa.<\/p>\n\n\n\n<hr class=\"wp-block-separator has-alpha-channel-opacity\"\/>\n\n\n\n<p><strong>Kollegat muistelevat DJ Edwardia:<\/strong><\/p>\n\n\n\n<p>Eetu oli soittamassa meid\u00e4n h\u00e4iss\u00e4 <strong>N\u00e4sinneulassa<\/strong>. S\u00e4\u00e4 oli eritt\u00e4in huono, lunta tuli niin paljon, ettei Neulan ikkunoista n\u00e4hnyt juuri mit\u00e4\u00e4n. Eetu tuli tietysti pari tuntia my\u00f6h\u00e4ss\u00e4, jo kelinkin takia. Eetu r\u00e4j\u00e4ytti pankin heti ekalla levyll\u00e4, joka oli Billy Idolin <em><strong>White Wedding<\/strong><\/em>! Vieraat ymm\u00e4rsi yhteyden ja se oli sitten yht\u00e4 menoa koko ilta aina kun oli Eetun vuoro soittaa. Monta hienoa muistoa on Eetusta ja yhteisist\u00e4 reissuista. Ja hauskoja juttuja my\u00f6s. Hyvink\u00e4\u00e4n Sveitsiss\u00e4 vuonna 1987 oli DJ-meeting ja meill\u00e4 oli ensi kertaa Suomessa esill\u00e4 Shuren \u00e4\u00e4nirasiat ja mainosjulisteet osastollamme. Eetu kirjoitti tussilla julisteen p\u00e4\u00e4lle &#8221; Jumalan Ruoska&#8221;. Olen kehyst\u00e4nyt julisteen ja tallessa on.<\/p>\n\n\n\n<p><strong>Aimo Teva, Tampere<\/strong><\/p>\n\n\n\n<hr class=\"wp-block-separator has-alpha-channel-opacity\"\/>\n\n\n\n<p>Ajoimme kahville keikkamatkalla yhteen paikkaan. Sis\u00e4ll\u00e4 oli ilmoitus Dj Edwardin<br>keikasta. Menimme katsomaan, olisiko Eetu jo tullut paikan p\u00e4\u00e4lle. Siell\u00e4 mies istui tanssilattialla ja manasi laitteitaan. Kysyin, et mik\u00e4 vikana? Eetu: ei tule \u00e4\u00e4nt\u00e4! Kun kysyin, et mitk\u00e4 laitteet n\u00e4m\u00e4 ovat, niin Eetu vastasi, et lainasin kaverilta. Sitten tutkimaan niit\u00e4 ja hetken p\u00e4\u00e4st\u00e4 kysyin: Mist\u00e4 n\u00e4m\u00e4 piuhat on? &#8211; Ne on toiselta kaverilta, sanoi Eetu. Ei kun liittimet auki ja kolvia esiin, jotta saatiin ne oikeeseen j\u00e4rjestykseen. Eetu tyytyv\u00e4inen, kun musaa tuli p\u00f6ntt\u00f6ihin.<\/p>\n\n\n\n<p><strong>Hammu Rauhala, Lappeenranta<\/strong><\/p>\n\n\n\n<p>Markku Vesala oli minun sielunkumppani, josta ei kyll\u00e4 ole paha sanaa sanottavana. Yst\u00e4vystyimme Eetun kanssa, kun h\u00e4n oli keikalla Lieksassa<strong> Ravintola Simo Hurtassa<\/strong> joskus 70-luvun lopulla. Siit\u00e4 alkoi meid\u00e4n yhteisty\u00f6 ja pitk\u00e4aikainen yst\u00e4vyys, joka kesti aika Eetun kuolemaan saakka. Pidimme yhteytt\u00e4 kokoajan ja historiaan peilaten teimme satoja keikkoja yhdess\u00e4. Eetun my\u00f6t\u00e4 siirryin my\u00f6s sen ajan merkitt\u00e4v\u00e4\u00e4n keikkamyynti toimistoon <strong>Discofeeling Ky<\/strong>:hyn jota veti Lappeenrantalainen <strong>Jouko Rikkil\u00e4<\/strong>. Eetu oli tiskijukkana ihan oma persoona, joka ei ollut hittien per\u00e4\u00e4n, vaan soitti hyvinkin omaper\u00e4ist\u00e4 musaa ja h\u00e4nen show oli tietenkin se The juttu. Suuri syd\u00e4n, ei puhunut potaskaa kenest\u00e4k\u00e4\u00e4n, taiteilija isolla T:ll\u00e4, hyv\u00e4 huumori, hieno ja rakas yst\u00e4v\u00e4.<\/p>\n\n\n\n<p>Yhten\u00e4 ikimuistettavana kiertueena oli kun toimme Eetun kanssa Radio Luxemburgin <strong>Dj. Tony Princen<\/strong> Suomeen kiertueelle ja kiersimme talvella kovassa pakkasessa Eetun pinkin v\u00e4risell\u00e4 Ford Transitilla, jossa oli l\u00e4mmityslaite vain puolitoiminnassa. Tony ihmetteli ett\u00e4 n\u00e4ink\u00f6 te Suomessa toimitte, johon Eetu sanoi Yes Tony\u2026Dida..Daadi.Daa\u2026Eeturadiooo\u2026<\/p>\n\n\n\n<p><strong>DJ Igor, Eero Kiiskinen<\/strong><\/p>\n","protected":false},"excerpt":{"rendered":"<p>DJ Edward oli ainutlaatuinen Viihdemaailma on t\u00e4ynn\u00e4 mit\u00e4 erilaisimpia ihmisi\u00e4 ja erikoisia tyyppej\u00e4. Moni heist\u00e4 ansaitsisi el\u00e4m\u00e4kertakirjan. Viihteen puolella toimittaessa&#8230;<\/p>\n","protected":false},"author":2,"featured_media":0,"parent":0,"menu_order":0,"comment_status":"closed","ping_status":"closed","template":"","meta":[],"_links":{"self":[{"href":"https:\/\/www.hitit.fi\/index.php\/wp-json\/wp\/v2\/pages\/10200"}],"collection":[{"href":"https:\/\/www.hitit.fi\/index.php\/wp-json\/wp\/v2\/pages"}],"about":[{"href":"https:\/\/www.hitit.fi\/index.php\/wp-json\/wp\/v2\/types\/page"}],"author":[{"embeddable":true,"href":"https:\/\/www.hitit.fi\/index.php\/wp-json\/wp\/v2\/users\/2"}],"replies":[{"embeddable":true,"href":"https:\/\/www.hitit.fi\/index.php\/wp-json\/wp\/v2\/comments?post=10200"}],"version-history":[{"count":2,"href":"https:\/\/www.hitit.fi\/index.php\/wp-json\/wp\/v2\/pages\/10200\/revisions"}],"predecessor-version":[{"id":10327,"href":"https:\/\/www.hitit.fi\/index.php\/wp-json\/wp\/v2\/pages\/10200\/revisions\/10327"}],"wp:attachment":[{"href":"https:\/\/www.hitit.fi\/index.php\/wp-json\/wp\/v2\/media?parent=10200"}],"curies":[{"name":"wp","href":"https:\/\/api.w.org\/{rel}","templated":true}]}}