{"id":10301,"date":"2024-10-26T19:04:49","date_gmt":"2024-10-26T16:04:49","guid":{"rendered":"https:\/\/www.hitit.fi\/?page_id=10301"},"modified":"2024-11-02T16:07:29","modified_gmt":"2024-11-02T14:07:29","slug":"dj-hall-of-fame-dj-ripa","status":"publish","type":"page","link":"https:\/\/www.hitit.fi\/index.php\/dj-hall-of-fame-dj-ripa\/","title":{"rendered":"DJ Hall of Fame \/ DJ Ripa"},"content":{"rendered":"\n<p>Lahdesta syntyisin oleva DJ Ripa (Risto Tuhkala) tuli tunnetuksi 70-luvulla ymp\u00e4ri Suomea suuntautuneista kiertuediskoista. H\u00e4n veti muun muassa <strong>Colt<\/strong>-savukkeiden sponssaamaa diskokiertuetta sek\u00e4 <strong>SOK:n muotishowta<\/strong> kautta maan.<\/p>\n\n\n\n<p>Alun perin s\u00e4hk\u00f6asentajaksi kouluttautunut Ripa ty\u00f6skenteli suomidiskon pioneerivuosina mm. Lahden <strong>Torwessa<\/strong> ja legendaarisella <strong>Helsinki Clubilla<\/strong>. Hesarin j\u00e4lkeen Ripa py\u00f6ritti keikkadiskoa nelj\u00e4tt\u00e4 vuotta Lontoossa. Yksi sesonki kului my\u00f6s <strong>Rhodoksen<\/strong> pintapaikoissa soittaen.<\/p>\n\n\n\n<p>Ripa oli ensimm\u00e4isen polven tiskijukkia, joiden ty\u00f6n ja toiminnan ansiosta maassamme on nyt monipuolinen, vire\u00e4 ja my\u00f6s kansainv\u00e4linen DJ-kulttuuri. Ripa teki arvokasta pioneerity\u00f6t\u00e4 kiertueilla, jotka veiv\u00e4t diskon ilosanomaa syrj\u00e4isemmillekin kylille.<\/p>\n\n\n\n<p><strong>Pena <\/strong>muistelee Ripaa:<\/p>\n\n\n\n<p>&#8211; Tutustuin Ripaan vuonna 1975, kun h\u00e4n oli SOK:n muotikiertueen DJ:n\u00e4. Karavaani saapui meid\u00e4nkin kyl\u00e4lle Rovaniemelle ja tottakai se piti k\u00e4yd\u00e4 katsomassa.<\/p>\n\n\n\n<p>Paikallisen Sokoksen vaateosastolle oli pystytetty esiintymislava sek\u00e4 sen aikaista \u00e4\u00e4ni- ja valotekniikkaa. Ripa soitti levyj\u00e4 ja esitteli mallitytt\u00f6jen asusteita. Sen muistan, ett\u00e4 h\u00e4n oli onnistunut saamaan importtina k\u00e4siins\u00e4 <strong>Donna Summerin<\/strong> kovasti eroottisen <em><strong>Love To Love You Baby<\/strong><\/em> -maksin, jolla hoitui pitk\u00e4 siivu muotin\u00e4yt\u00f6ksen taustamusiikkia. Kauppakansa seisoi muovikassit k\u00e4siss\u00e4\u00e4n ja tapitti esityst\u00e4 kuin ulkomaan el\u00e4vi\u00e4 konsanaan.<\/p>\n\n\n\n<p>Esityksen p\u00e4\u00e4tytty\u00e4 Ripalta liikeni aikaa jutella meid\u00e4n junioreiden kanssa. Puhuttiin tietysti laitteista, levyist\u00e4 ja kiertueesta. Palaveri p\u00e4\u00e4ttyi, kun muuan malliblondi haki Ripan backstagelle. Tai eih\u00e4n se ollut kuin tavaratalon varasto, jossa kiertuev\u00e4ki hengaili esitysten v\u00e4lill\u00e4.<\/p>\n\n\n\n<p>Meid\u00e4n mielest\u00e4 t\u00e4htideejii meni divaanille nauttimaan missineitosten seurasta, mik\u00e4li nyt ehti shampanjan ja mansikoiden aterioinniltaan. Y\u00f6ksi ne meni varmaan pit\u00e4m\u00e4\u00e4n bileit\u00e4 hotellihuoneeseen, kunnes jaksoivat nousta amerikanautoihinsa, joissa shaf\u00f6\u00f6rit jo valmiina odottivat ovea avaten. Tuumasimme, ett\u00e4 olisi hienoa ryhty\u00e4 ammattiin, jossa oli jo noin kovia karpaaseja. Joskus mekin tekisimme tuollaisen kiertueen. Uhkaus on periaatteessa yh\u00e4 voimassa.<\/p>\n\n\n\n<p>Hieman my\u00f6hemmin, 1976, Ripa ilmestyi paikkakunnalle <strong>Colt<\/strong>-savukkeiden diskokiertueella. Niin, sellaisiakin tehtiin ennen vanhaan, aikaan <strong>Irwinin<\/strong> ja <strong>Baddingin<\/strong> kuten <strong>Hanhiniemen<\/strong> biisiss\u00e4 lauletaan. Tupakkatehtaat saastuttivat nuorisoa siis diskoa levitt\u00e4m\u00e4ll\u00e4kin.<\/p>\n\n\n\n<p>Colt-disko rakennettiin paikalliseen ykk\u00f6smestaan Vaskooliin. En muista, kuinka paljon mukana oli tekniikkaa, mutta p\u00e4\u00e4asiassa hy\u00f6dynnettiin paikan omia kamoja. Coltia vedeltiin koko ehtoo, sit\u00e4 jaettiin arpajaispalkintoina ja oheistuotteiden kera. Colt-paita oli hieno, sytk\u00e4reist\u00e4 nyt puhumattakaan. Paikassa oli niin sakea tupakansavu, ett\u00e4 erillisi\u00e4 savukoneita ei tarvittu valoefektien n\u00e4ytt\u00e4miseen. Ainoa h\u00e4iritsev\u00e4 seikka oli keskiy\u00f6n aurinko, joka valaisi toisessa kerroksessa sijaitsevan paikan.<\/p>\n\n\n\n<p>Ripa ja kiertue jatkoivat matkaa. Meille j\u00e4i kassikaupalla Coltia ja haisevat vaatteet. Tupakasta vierottumiseen tarvittiin monta vuotta.<\/p>\n\n\n\n<p>Muutama vuosi my\u00f6hemmin haastattelin Ripaa, joka oli vierailevana t\u00e4hten\u00e4 <strong>Pirkanmaan Tiskijukkien<\/strong> bileiss\u00e4. <strong>Diskosusi<\/strong>-lehden etusivun jutun otsikkona oli &#8221;DJ&nbsp;Ripa:&nbsp;Suomalaisella DJ:ll\u00e4 on penikkatauti&#8221;. Jutussa Ripa \u00e4r\u00e4hti vanhemman valtiomiehen aksentilla, ett\u00e4 DJ:t ovat hukanneet hommansa punaisen langan, yleis\u00f6npalvelun ja tanssittamisen diivailuun, meteliin ja keskin\u00e4iseen kateuteen. N\u00e4in siis jo vuonna 1981!<\/p>\n\n\n\n<p>80-luvulla tapasin Ripan Lontoossa <strong>Plaza<\/strong>-messureissulla. Rhodos-kauden j\u00e4lkeen h\u00e4n oli muuttanut sinne py\u00f6ritt\u00e4m\u00e4\u00e4n keikkadiskoa sek\u00e4 hoitamaan sen aikaisen vaimonsa strippariesitysten valoa ja \u00e4\u00e4nt\u00e4. Kulkupelin\u00e4 taisi olla vanha Transit. Silloin mulle valkeni, ett\u00e4 DJ:n ty\u00f6 svengaavassa Lontoossa onkin&#8230; ty\u00f6t\u00e4. Lukuhalut kasvoivat ja valmistuin seuraavana kev\u00e4\u00e4n\u00e4.<\/p>\n\n\n\n<p>Suomeen palattuaan Ripa asettui Sein\u00e4joelle, jossa h\u00e4net rekrytoitiin pian paikallisradioon. Lyhyess\u00e4 ajassa komea\u00e4\u00e4nisest\u00e4 juontajasta kehittyi my\u00f6s virtuoosimainen urheiluselostaja, joka perehtyi pohjalaisiin lajeihin, painiin ja pes\u00e4palloon. Ripasta tuli radiot\u00e4hti, mutta ei h\u00e4n DJ-keikkoja lopettanut. Laajensi viel\u00e4 karaoke-juontoonkin, mutta ei suostunut itse laulamaan. H\u00e4n hoiti my\u00f6s <strong>tangomarkkinoilla<\/strong> Torikeskuksen keikkojen \u00e4\u00e4nentoistoa ja juontoa.<\/p>\n\n\n\n<p>Ripa t\u00e4ytti 60 vuotta kes\u00e4ll\u00e4 2006. H\u00e4n myh\u00e4ili jotenkin siihen tyyliin, ett\u00e4 <em>onhan se aika kamalaa, kun tuntee yh\u00e4 kuuluvansa nuorisoon.<\/em><\/p>\n\n\n\n<p>Kun DJ-kunniagallerian kotiluola saatiin auki, puhuimme monta kertaa, ett\u00e4 Ripa tulisi vierailemaan jossain illassa. Samalla saataisiin talteen sattumuksia ja muisteluksia vuosien varrelta historiikkiin, jota pikkuhiljaa ker\u00e4ill\u00e4\u00e4n. Ripa ilmoittautui Winter DJ meetingiin, mutta ei kuitenkaan ehtinyt paikalle.<\/p>\n\n\n\n<p>Kev\u00e4\u00e4ll\u00e4 Ripa soitti: &#8211; Ootko kuullu, ett\u00e4 meid\u00e4n <strong>Mia<\/strong> on kuollut?<\/p>\n\n\n\n<p>Mulla l\u00f6i v\u00e4h\u00e4n aikaa tyhj\u00e4\u00e4, eih\u00e4n Ripalla ollut muistaakseni Mia-nimist\u00e4 l\u00e4heist\u00e4. Esitin osanottoni ja sitten selvisi, ett\u00e4 Idolsista tuttu <strong>Mia Permanto<\/strong> oli sukua Ripalle. H\u00e4n kertoi Mian vaiheista ja jos olisin kovan linjan kohutoimittaja, olisin tehnyt tilin vuotamalla tiedot sensaatiolehdille. En tehnyt niin, koska kaverille ei tehd\u00e4 niin.<\/p>\n\n\n\n<p>Puhuimme Mian kohtalosta viel\u00e4 muutaman p\u00e4iv\u00e4n p\u00e4\u00e4st\u00e4. Juttelimme pitk\u00e4\u00e4n, muun muassa siit\u00e4, miten l\u00e4ht\u00f6j\u00e4rjestys on arvottu, eik\u00e4 kukaan voi koskaan tiet\u00e4\u00e4 kenen vuoro on seuraavana.<\/p>\n\n\n\n<p>Lauantaina 3.5. tuli Ripan kaverilta Lasse Finskalta tekstari, jossa h\u00e4n kertoi saaneensa Ripan vaimolta tiedon, ett\u00e4 Ripa on teholla, syyn\u00e4 aivoverenvuoto. Seuraavana p\u00e4iv\u00e4n\u00e4 tuli tekstari: Ripa nukkui t\u00e4n\u00e4\u00e4n pois.<\/p>\n\n\n\n<p>Tiskijukkien kunniagallerian, <strong>DJ Hall Of Famen<\/strong> nestori <strong>Risto Tuhkala<\/strong> alias <strong>DJ Ripa <\/strong>menehtyi 61-vuotiaana aivoverenvuotoon Sein\u00e4joen keskussairaalassa sunnuntaina 4.5.2008.<\/p>\n\n\n\n<p>Ripan leppoisaa el\u00e4m\u00e4nasennetta ja joviaalia olemusta j\u00e4iv\u00e4t kaipaamaan perhe, aikuiset lapset sek\u00e4 laaja yst\u00e4v\u00e4- ja tuttavajoukko.<\/p>\n\n\n\n<p><strong>KOLLEGAT muistelevat<\/strong><\/p>\n\n\n\n<p>* * * *<\/p>\n\n\n\n<p>Ripa reissasi paljon ulkomaita. Milloin Kreikassa, milloin Espanjassa ja Englannissa. Tapasin Ripan pitk\u00e4st\u00e4 aikaa keikalla Suomessa. Soitti taustanauhoja stippari-tytt\u00f6yst\u00e4vlleen. Vaihdettiin kuulumiset ym.<\/p>\n\n\n\n<p>Parin vuoden p\u00e4\u00e4st\u00e4 Ripa soitti ja kysyi minulta t\u00f6it\u00e4. Kerroin, et l\u00f6ytyy.<\/p>\n\n\n\n<p>Kun kysyin, viel\u00e4k\u00f6 daami seuraa mukana oli vastaus: Ei. Mutta uusi seuralainen on. H\u00e4n on espanjalainen poliisi. Min\u00e4 menin hiljaiseksi. Ripa korjasi: espanjalainen naispoliisi.<\/p>\n\n\n\n<p><strong>Hammu Rauhala, Lappeenranta<\/strong><\/p>\n\n\n\n<p><strong>****<\/strong><\/p>\n\n\n\n<p>Tuhkalan Ripaan tutustuin useilla keikoilla joissa soitimme samaan aikaan. Ripa oli oman tiens\u00e4 kulkija, mukava ja hyv\u00e4ntuulinen kaveri.  Yksi Englannin reissu oli sellainen, jossa asuimme Ripan ja h\u00e4nen strippari tytt\u00f6yst\u00e4v\u00e4ns\u00e4 asunnolla viikon verran omissa huoneissamme. Ripa teki keikkoja paikallisissa kuppiloissa ja usein loppuy\u00f6st\u00e4 k\u00e4vimme strippiklubilla katsomassa esityksi\u00e4 ja ikuisesti j\u00e4i mieleen kun Ripa ker\u00e4si iltaisin tytt\u00f6yst\u00e4v\u00e4ns\u00e4 tienestit liiviiins\u00e4 ja sitten taas otettiin juomaa. Ripasta mukavia muistoja ja hieno yst\u00e4v\u00e4.<\/p>\n\n\n\n<p><strong>DJ Igor, Eero Kiiskinen<\/strong><\/p>\n","protected":false},"excerpt":{"rendered":"<p>Lahdesta syntyisin oleva DJ Ripa (Risto Tuhkala) tuli tunnetuksi 70-luvulla ymp\u00e4ri Suomea suuntautuneista kiertuediskoista. H\u00e4n veti muun muassa Colt-savukkeiden sponssaamaa&#8230;<\/p>\n","protected":false},"author":2,"featured_media":0,"parent":0,"menu_order":0,"comment_status":"closed","ping_status":"closed","template":"","meta":[],"_links":{"self":[{"href":"https:\/\/www.hitit.fi\/index.php\/wp-json\/wp\/v2\/pages\/10301"}],"collection":[{"href":"https:\/\/www.hitit.fi\/index.php\/wp-json\/wp\/v2\/pages"}],"about":[{"href":"https:\/\/www.hitit.fi\/index.php\/wp-json\/wp\/v2\/types\/page"}],"author":[{"embeddable":true,"href":"https:\/\/www.hitit.fi\/index.php\/wp-json\/wp\/v2\/users\/2"}],"replies":[{"embeddable":true,"href":"https:\/\/www.hitit.fi\/index.php\/wp-json\/wp\/v2\/comments?post=10301"}],"version-history":[{"count":2,"href":"https:\/\/www.hitit.fi\/index.php\/wp-json\/wp\/v2\/pages\/10301\/revisions"}],"predecessor-version":[{"id":10325,"href":"https:\/\/www.hitit.fi\/index.php\/wp-json\/wp\/v2\/pages\/10301\/revisions\/10325"}],"wp:attachment":[{"href":"https:\/\/www.hitit.fi\/index.php\/wp-json\/wp\/v2\/media?parent=10301"}],"curies":[{"name":"wp","href":"https:\/\/api.w.org\/{rel}","templated":true}]}}