{"id":10318,"date":"2024-11-02T15:56:21","date_gmt":"2024-11-02T13:56:21","guid":{"rendered":"https:\/\/www.hitit.fi\/?page_id=10318"},"modified":"2024-11-02T15:56:21","modified_gmt":"2024-11-02T13:56:21","slug":"dj-hall-of-fame-dj-beaver","status":"publish","type":"page","link":"https:\/\/www.hitit.fi\/index.php\/dj-hall-of-fame-dj-beaver\/","title":{"rendered":"DJ Hall of Fame \/ DJ Beaver"},"content":{"rendered":"\n<p><strong>DJ &amp; DANCE<\/strong><\/p>\n\n\n\n<p>GOD is a DJ (Faithless) \u201c<em>This is my church&nbsp;<\/em><em>This is where I heal my hurts&nbsp;<\/em><em>It&#8217;s in natural grace&nbsp;<\/em><em>Or watching young life shape\u201d<\/em><\/p>\n\n\n\n<p><strong>YOUR HOUSE WAS MY HOUSE<\/strong><\/p>\n\n\n\n<figure class=\"wp-block-image size-large\"><img decoding=\"async\" loading=\"lazy\" width=\"1024\" height=\"576\" src=\"http:\/\/www.hitit.fi\/wp-content\/uploads\/2024\/11\/ripatti1-1024x576.jpg\" alt=\"\" class=\"wp-image-10319\" srcset=\"https:\/\/www.hitit.fi\/wp-content\/uploads\/2024\/11\/ripatti1-1024x576.jpg 1024w, https:\/\/www.hitit.fi\/wp-content\/uploads\/2024\/11\/ripatti1-300x169.jpg 300w, https:\/\/www.hitit.fi\/wp-content\/uploads\/2024\/11\/ripatti1-768x432.jpg 768w, https:\/\/www.hitit.fi\/wp-content\/uploads\/2024\/11\/ripatti1-1536x864.jpg 1536w, https:\/\/www.hitit.fi\/wp-content\/uploads\/2024\/11\/ripatti1-2048x1152.jpg 2048w\" sizes=\"(max-width: 1024px) 100vw, 1024px\" \/><\/figure>\n\n\n\n<p><strong>Tapani Ripatti alias DJ Beaver:<\/strong><\/p>\n\n\n\n<p>Olin kes\u00e4ll\u00e4 1976 kiert\u00e4m\u00e4ss\u00e4 Suomea perinteisell\u00e4, toki katetulla englantilaisella double-decker &#8211; bussilla Mary Quant-kiertueen merkeiss\u00e4. P\u00e4ivisin tyt\u00f6t ja naiset k\u00e4viv\u00e4t kokeilemassa Quant-tuotteita bussin yl\u00e4kerroksessa, min\u00e4 py\u00f6ritin levy-yhti\u00f6ilt\u00e4 lainaamiani 16 millimetrin popfilkkojatakaprojisointina alakerroksessa bussin yhteen sivuikkunaan luodulle valkokankaalle. Iltaisin iskimme ennalta sovittuun discoon, jossa meuhusin DJ:n\u00e4 ja kiertueen naiset pitiv\u00e4t Mary Quantin meikkipistett\u00e4 lepohuoneessa tms.<\/p>\n\n\n\n<p>Juhannuksen tiet\u00e4miss\u00e4 kiertueemme saapui Rovaniemelle. Majoituimme jonnekin Napapiirin m\u00f6kkikyl\u00e4\u00e4n. Rovaniemell\u00e4 tapahtui kaksi merkitt\u00e4v\u00e4\u00e4 juttua. Ensinn\u00e4kin sain sponsorimme tuella j\u00e4rjest\u00e4\u00e4 kaupungin jalkapallostadionilla konsertin, jossa p\u00e4\u00e4esiintyj\u00e4n\u00e4 oli <strong>The Paper Lace<\/strong>. B\u00e4ndi oli tuolloin kova nimi \u201cBilly, don\u2019t be a hero\u201d ansiosta. Yhtyeen toinen hitti oli \u201dThe Night Chicago died\u201d.<\/p>\n\n\n\n<p>Toinen, ehk\u00e4 tuotakin kauaskantoisempi juttu oli sitten illan keikka sik\u00e4l\u00e4isess\u00e4 Vaskooli-discossa. M\u00e4 tapasin tuolloin ensimm\u00e4isen kerran Ter\u00e4v\u00e4isen Penan, joka oli tuon mestan koti-DJ. Tuohon min\u00e4 liit\u00e4n ensimm\u00e4isen tapaamisemme, mutta toki se saattoi olla se toinen keikkani Rovaniemell\u00e4 &#8211; discossa, jonka nime\u00e4 en muista; kuten en vuottakaan. Mutta pidet\u00e4\u00e4n tuota vuotta 1976 l\u00e4ht\u00f6vuonna, koska siihen liittyy hyv\u00e4 tarina.<\/p>\n\n\n\n<p>Pena on kertonut DJ-uralle joutumisestaan mm. seuraavaa: \u201d<em>Joskus 70-luvulla Rovaniemell\u00e4 vieraili DJ Beaver, joka oli toista maata kuin ennen n\u00e4kem\u00e4ni levynk\u00e4\u00e4nt\u00e4j\u00e4t. H\u00e4n pisti porukat sekaisin. Sen j\u00e4lkeen tuli amerikanraudallaan Joke Linnamaa ja min\u00e4 ajattelin, ett\u00e4 tuollaisen k\u00e4rryn min\u00e4kin viel\u00e4 hankin.\u201d<\/em><\/p>\n\n\n\n<p>Sen j\u00e4lkeen Pena siirtyi Tampereelle ja m\u00e4 jatkoin sivutoimisesti DJ-hommia omilla poluillani. Me toki tapasimme aina silloin t\u00e4ll\u00f6in dj-kulttuurin merkeiss\u00e4. Mik\u00e4li oikein muistan, niin olimme molemmat mukana hyvinkin tiiviisti 70-luvun DJ-yhdistystoiminnassa.<\/p>\n\n\n\n<p>T\u00e4m\u00e4n j\u00e4lkeen emme juurikaan olleet yhteyksiss\u00e4, kunnes 80-luvun edetess\u00e4 tiemme j\u00e4lleen kohtasivat. Olin kehitellyt Yleisradiossa <strong>OCSID<\/strong>-ohjelmaideani ja Pena py\u00f6ritti <strong>Diskosusi<\/strong>-lehte\u00e4 sek\u00e4 siihen nivoutunutta DJ-ryhm\u00e4\u00e4.<\/p>\n\n\n\n<p>Tuolloin j\u00e4rjestettiin erilaisia DJ-tapaamisia sek\u00e4 DJ-kilpailuja. Ihan kotisuomen tarpeisiin j\u00e4rjestettiin Show-dj -skaboja, mutta 80-luvun loppupuoliskolla Suomen dj:t alkoivat ottaa osaa englantilaisen <strong>DMC (Disco Mix Club) <\/strong>&#8211; organisaation j\u00e4rjest\u00e4miin dj-miksauksen MM-kisoihin. Suomen DMC organisoi valtakunnalliset karsinnat ja m\u00e4 olin joskus tuomaroimassa, mutta aina tekem\u00e4ss\u00e4 niist\u00e4 juttuja Ocsidiin. Pena oli v\u00e4h\u00e4n samoissa teht\u00e4viss\u00e4 kirjoittavana \u201ddiskosutena\u201d.<\/p>\n\n\n\n<p>M\u00e4 menin my\u00f6s aina ty\u00f6n puolesta Lontooseen seuraamaan DJ-miksauksen MM-finaaleja ja samoin teki usein my\u00f6s Pena. Suomestahan kisaamassa olivat eri vuosina ainakin <strong>Eliott Ness, Kaippa<\/strong> ja <strong>K\u00e4p\u00e4<\/strong>. Elliott taisi olla Suomen edustajana kolme kertaa ja paras sijoitus lienee ollut kolmas eli MM-pronssia.<\/p>\n\n\n\n<p>Ja nyt ollaan t\u00e4ss\u00e4! Wau, mik\u00e4 taival! Wau, mit\u00e4 kokemuksia ja el\u00e4myksi\u00e4 &#8211; ja kilometrej\u00e4 ja heitettyj\u00e4 keikkoja mit\u00e4 erilaisimmissa paikoissa!<\/p>\n\n\n\n<p>Olen muutaman vuoden, ihan aikani kuluksi, kaivellut my\u00f6s DJ-historiaa, joka on &#8211; uskomatonta, mutta totta &#8211; vanhempi kuin vaikkapa beat-musiikki. Pena kumppaneineen on luonut ja edist\u00e4nyt t\u00e4t\u00e4 siis todellisuudessa jo noin 50 vuotta.<\/p>\n\n\n\n<p>Uskon, ett\u00e4 meid\u00e4n seuraava projekti on pist\u00e4\u00e4 suomalaisesta n\u00e4k\u00f6kulmasta yksiin kansiin DJ &amp; Dance-kulttuuri. Respectit kaikille niille DJ:lle ja discoilijoille\/klubijengille, jotka ovat jo poistuneet t\u00e4st\u00e4 maailmasta!<\/p>\n","protected":false},"excerpt":{"rendered":"<p>DJ &amp; DANCE GOD is a DJ (Faithless) \u201cThis is my church&nbsp;This is where I heal my hurts&nbsp;It&#8217;s in natural&#8230;<\/p>\n","protected":false},"author":2,"featured_media":10319,"parent":0,"menu_order":0,"comment_status":"closed","ping_status":"closed","template":"","meta":[],"_links":{"self":[{"href":"https:\/\/www.hitit.fi\/index.php\/wp-json\/wp\/v2\/pages\/10318"}],"collection":[{"href":"https:\/\/www.hitit.fi\/index.php\/wp-json\/wp\/v2\/pages"}],"about":[{"href":"https:\/\/www.hitit.fi\/index.php\/wp-json\/wp\/v2\/types\/page"}],"author":[{"embeddable":true,"href":"https:\/\/www.hitit.fi\/index.php\/wp-json\/wp\/v2\/users\/2"}],"replies":[{"embeddable":true,"href":"https:\/\/www.hitit.fi\/index.php\/wp-json\/wp\/v2\/comments?post=10318"}],"version-history":[{"count":2,"href":"https:\/\/www.hitit.fi\/index.php\/wp-json\/wp\/v2\/pages\/10318\/revisions"}],"predecessor-version":[{"id":10321,"href":"https:\/\/www.hitit.fi\/index.php\/wp-json\/wp\/v2\/pages\/10318\/revisions\/10321"}],"wp:featuredmedia":[{"embeddable":true,"href":"https:\/\/www.hitit.fi\/index.php\/wp-json\/wp\/v2\/media\/10319"}],"wp:attachment":[{"href":"https:\/\/www.hitit.fi\/index.php\/wp-json\/wp\/v2\/media?parent=10318"}],"curies":[{"name":"wp","href":"https:\/\/api.w.org\/{rel}","templated":true}]}}