{"id":10335,"date":"2024-11-02T16:51:01","date_gmt":"2024-11-02T14:51:01","guid":{"rendered":"https:\/\/www.hitit.fi\/?page_id=10335"},"modified":"2024-11-02T16:51:01","modified_gmt":"2024-11-02T14:51:01","slug":"dj-hall-of-fame-dj-borje","status":"publish","type":"page","link":"https:\/\/www.hitit.fi\/index.php\/dj-hall-of-fame-dj-borje\/","title":{"rendered":"DJ Hall of Fame \/ DJ B\u00f6rje"},"content":{"rendered":"\n<p><strong>DJ B\u00f6rje<\/strong><\/p>\n\n\n\n<figure class=\"wp-block-image size-large\"><img decoding=\"async\" loading=\"lazy\" width=\"1024\" height=\"1024\" src=\"http:\/\/www.hitit.fi\/wp-content\/uploads\/2024\/11\/A48I2862-1024x1024.jpg\" alt=\"\" class=\"wp-image-10336\" srcset=\"https:\/\/www.hitit.fi\/wp-content\/uploads\/2024\/11\/A48I2862-1024x1024.jpg 1024w, https:\/\/www.hitit.fi\/wp-content\/uploads\/2024\/11\/A48I2862-300x300.jpg 300w, https:\/\/www.hitit.fi\/wp-content\/uploads\/2024\/11\/A48I2862-150x150.jpg 150w, https:\/\/www.hitit.fi\/wp-content\/uploads\/2024\/11\/A48I2862-768x768.jpg 768w, https:\/\/www.hitit.fi\/wp-content\/uploads\/2024\/11\/A48I2862-1536x1536.jpg 1536w, https:\/\/www.hitit.fi\/wp-content\/uploads\/2024\/11\/A48I2862-2048x2048.jpg 2048w\" sizes=\"(max-width: 1024px) 100vw, 1024px\" \/><\/figure>\n\n\n\n<p>Olen Bore Wanner, syntynyt 1948 Helsingiss\u00e4.<\/p>\n\n\n\n<p>Asun nykyisin Espoossa, Kuitinm\u00e4ess\u00e4. Helsingist\u00e4 t\u00e4nne muutettiin 1986. Vuosina 1973 \u2013 1976 asuttiin Vihdiss\u00e4, vaimoni ja minun ensimm\u00e4inen yhteinen koti. Sitten oli vuorossa Lauttasaari 1976 \u2013 1986, josta p\u00e4\u00e4dyttiin Kuitinm\u00e4keen, Espooseen ja t\u00e4\u00e4ll\u00e4 on viihdytty.<\/p>\n\n\n\n<p>Is\u00e4ll\u00e4 oli kauppapuutarha ja min\u00e4 k\u00e4vin Turussa Kupittaalla <strong>Svenska Tr\u00e4dg\u00e5rdsm\u00e4stare skolan<\/strong> pari vuotta 1966 \u2013 1967, eli olen puutarhuri. Armeija 1968 Riihim\u00e4en viestirykmentiss\u00e4, jonne p\u00e4\u00e4dyin sattumalta. Papereissa kutsunnoissa luki ruotsiksi modersm\u00e5l, k\u00e4\u00e4nsin \u00e4idinkieli, niin \u00e4itini kieli oli suomi, rasti ruutuun suomi ja niin olin Riihim\u00e4ell\u00e4, vaikka Dragsvik olisi ollut oikea paikka. Meni ruotsi ja suomi v\u00e4h\u00e4n sekaisin, taisi j\u00e4nnitt\u00e4\u00e4! T\u00e4ll\u00e4 oli kuitenkin suuri vaikutus siihen, miten minusta tuli tiskijukka, muuten ei varmastikaan olisi k\u00e4ynyt n\u00e4in. Sattumalla on ihmisen el\u00e4m\u00e4ss\u00e4 iso rooli.<\/p>\n\n\n\n<p>Riihim\u00e4en varuskunnassa tutustuin <strong>Jukka Kyt\u00f6niemeen<\/strong>. H\u00e4n oli mukana musiikkikuvioissa ja alkoi kes\u00e4ll\u00e4 1971 py\u00f6ritt\u00e4\u00e4 Bj\u00f6rkhagenin tanssilavaa Kauklahdessa. Ensin j\u00e4rjestysmiehen\u00e4, sitten my\u00f6hemmin samana kes\u00e4n\u00e4 <strong>DJ Maken<\/strong> kaverina tiskijukkana. Olimme tutustuneet Maken kanssa, kun olin roudariroopena ja autokuskina. Minulla oli VW-pakettiauto mill\u00e4 ajoittain kuljetin soittajia.<\/p>\n\n\n\n<p>Jos Jukka Kyt\u00f6niemi ei olisi kutsunut minua j\u00e4rjestysmieheksi, tuota kaikkea ei olisi tapahtunut, eli en olisi tiskijukka. H\u00e4n kehotti minua hakemaan Linnanm\u00e4elle avattavaan <strong>Luola Discoon<\/strong> kev\u00e4\u00e4ll\u00e4 1972 ja t\u00e4st\u00e4 voi katsoa, ett\u00e4 ammattimainen tiskijukkaurani sai alkuunsa. Siihen menness\u00e4 levyjen soittaminen oli ollut viel\u00e4 sivutoimi b\u00e4ndien taukojen v\u00e4lill\u00e4.<\/p>\n\n\n\n<p>Jukka Kyt\u00f6niemi avasi talveksi 1971 \u2013 1972 <strong>Walhalla<\/strong>-nimisen diskon Espoon keskustan l\u00e4heisyydess\u00e4. Sielt\u00e4 sain kunnon opit tiskijukaksi l\u00e4hinn\u00e4 yleis\u00f6palautteen kautta. Olen itseoppinut, kuten kaikki muutkin tuon ajan tiskijukat.<\/p>\n\n\n\n<p>Helsingin <strong>Natsalla<\/strong> esiintyi espanjalainen tiskijukka <strong>Dj Angel,<\/strong> joka oli esikuva meille kaikille. Tein my\u00f6s Helsingin kaupungin eri nuorisotaloilla diskokeikkoja yksin sek\u00e4 yhdess\u00e4 Maken kanssa.<\/p>\n\n\n\n<p>Linnanm\u00e4en Luola discon tiskijukaksi hain siis kev\u00e4\u00e4ll\u00e4 1972. Siell\u00e4 sitten soitin 10 vuotta. Paikka oli hyvin suosittu limudisco. Avoinna kahtena ensimm\u00e4isen\u00e4 vuotena vuoden ymp\u00e4ri. Vapusta syyskuun alkuun kuutena p\u00e4iv\u00e4n\u00e4 viikossa ja talvisin kolmena p\u00e4iv\u00e4n\u00e4 viikossa. Talvisin soitin monissa paikoissa kuten TF-Discossa Espoon Otaniemess\u00e4, jonkin verran Tavastialla, Maken kanssa Ravintola Adlonissa, jossa oli disco peilisalissa 1973 \u2013 1975. Kylteri kellarissa KY:n alakerrassa ja my\u00f6s KY: ll\u00e4 soitin 1970-luvulla. Disco33 H\u00e4meentiell\u00e4 Helsingiss\u00e4 oli kiva paikka soittaa. Siell\u00e4 k\u00e4vi paljon jengi\u00e4, jotka olivat t\u00e4ytt\u00e4neet 18 v ja siirtyneet Luolasta pois.<\/p>\n\n\n\n<p>Maken kanssa osallistuttiin E-kiertueelle, muistaakseni syksyll\u00e4 1974, sill\u00e4 Luola oli silloin auki vain kes\u00e4isin. DJ Maken kanssa tehtiin my\u00f6s Anytime-disco kiertue kev\u00e4\u00e4ll\u00e4 1975. Sitten perustettiin yhdess\u00e4 <strong>Disco Machine <\/strong>-yhti\u00f6, jossa olin mukana noin vuoden. Make jatkoi sit\u00e4 sitten yksin muun muassa <strong>DJ Jallun (Harri Jalom\u00e4ki)<\/strong> kanssa ja tiimiss\u00e4 oli my\u00f6s <strong>Juha Laitila.<\/strong><\/p>\n\n\n\n<p>J\u00e4in yhti\u00f6st\u00e4 pois, kuntuli mahdollisuus tiskijukkat\u00f6iden ohella ty\u00f6skennell\u00e4 <strong>Oy EMI Finlandissa <\/strong>myyj\u00e4n\u00e4. Se sopi hyvin, kun Luola Disco oli auki 19.00 \u2013 23.00, niin hyvin jaksoi p\u00e4iv\u00e4ty\u00f6n. T\u00e4t\u00e4 kesti noin pari vuotta, kunnes tuli ensimm\u00e4inen \u00f6ljykriisi, joka rokotti \u00e4\u00e4nitealaa kovasti. Henkil\u00f6kuntaa alalta irtisanottiin, viimeksi tulleet saivat l\u00e4hte\u00e4 monesta alan yrityksest\u00e4.<\/p>\n\n\n\n<p>Olin my\u00f6s alkanut soittaa maakunnissa eri diskoissa Somerolla, Forssassa, H\u00e4meenlinnassa, Hyvink\u00e4\u00e4ll\u00e4 jne. Keikkapaikat Helsingiss\u00e4 olivat entiset yll\u00e4 mainitut ja my\u00f6s eri l\u00e4hi\u00f6ravintoloiden diskoja. Kes\u00e4t meni Luola Discossa, kuusi iltaa viikossa.<\/p>\n\n\n\n<p>Talvella 1979 olin viel\u00e4 kerran Maken mukana Disco Machinessa, kun p\u00e4iv\u00e4ty\u00f6t EMIss\u00e4 ja my\u00f6hemmin my\u00f6s Musiikki Fazerilla olivat j\u00e4\u00e4neet. Tehtiin Lapin kiertue ja sen yhteydess\u00e4 tutustuin Rovaniemell\u00e4 <strong>DJ Tapani Hallikaiseen<\/strong>. T\u00e4m\u00e4 johti siihen, ett\u00e4 talvella 1980 perustettiin <strong>K2-Disco<\/strong>. T\u00e4ll\u00e4 kierrettiin eri tunturipaikoissa helmikuusta toukokuun alkuun. Disco oli K2-suksimerkin mainosdisko, jolla kierrettiin my\u00f6s eri freestyle-kisoja, kun laji teki silloin voimakkaasti tuloaan Suomeen.<\/p>\n","protected":false},"excerpt":{"rendered":"<p>DJ B\u00f6rje Olen Bore Wanner, syntynyt 1948 Helsingiss\u00e4. Asun nykyisin Espoossa, Kuitinm\u00e4ess\u00e4. Helsingist\u00e4 t\u00e4nne muutettiin 1986. Vuosina 1973 \u2013 1976&#8230;<\/p>\n","protected":false},"author":2,"featured_media":10336,"parent":0,"menu_order":0,"comment_status":"closed","ping_status":"closed","template":"","meta":[],"_links":{"self":[{"href":"https:\/\/www.hitit.fi\/index.php\/wp-json\/wp\/v2\/pages\/10335"}],"collection":[{"href":"https:\/\/www.hitit.fi\/index.php\/wp-json\/wp\/v2\/pages"}],"about":[{"href":"https:\/\/www.hitit.fi\/index.php\/wp-json\/wp\/v2\/types\/page"}],"author":[{"embeddable":true,"href":"https:\/\/www.hitit.fi\/index.php\/wp-json\/wp\/v2\/users\/2"}],"replies":[{"embeddable":true,"href":"https:\/\/www.hitit.fi\/index.php\/wp-json\/wp\/v2\/comments?post=10335"}],"version-history":[{"count":2,"href":"https:\/\/www.hitit.fi\/index.php\/wp-json\/wp\/v2\/pages\/10335\/revisions"}],"predecessor-version":[{"id":10338,"href":"https:\/\/www.hitit.fi\/index.php\/wp-json\/wp\/v2\/pages\/10335\/revisions\/10338"}],"wp:featuredmedia":[{"embeddable":true,"href":"https:\/\/www.hitit.fi\/index.php\/wp-json\/wp\/v2\/media\/10336"}],"wp:attachment":[{"href":"https:\/\/www.hitit.fi\/index.php\/wp-json\/wp\/v2\/media?parent=10335"}],"curies":[{"name":"wp","href":"https:\/\/api.w.org\/{rel}","templated":true}]}}