{"id":10381,"date":"2024-11-09T11:55:42","date_gmt":"2024-11-09T09:55:42","guid":{"rendered":"https:\/\/www.hitit.fi\/?page_id=10381"},"modified":"2024-11-11T18:46:28","modified_gmt":"2024-11-11T16:46:28","slug":"dj-hall-of-fame-dj-jyti-jyrki-alander-r-i-p","status":"publish","type":"page","link":"https:\/\/www.hitit.fi\/index.php\/dj-hall-of-fame-dj-jyti-jyrki-alander-r-i-p\/","title":{"rendered":"DJ Hall of Fame \/ DJ Jyti, Jyri \u00c5lander R.I.P."},"content":{"rendered":"\n<p>Kollegat muistelevat:<\/p>\n\n\n\n<p>Hyv\u00e4 yst\u00e4v\u00e4ni Jyti \u00c5lander oli mainio persoona, kovanluokan DJ ja musiikin monitoimimies sek\u00e4 koko kotimaisen viihdekent\u00e4n (tekniikan kehitt\u00e4j\u00e4).<\/p>\n\n\n\n<p>Ensikosketus tuli Jytiin <strong>Korhosen Maran<\/strong> ja Jytin <strong>Paradise Productionin<\/strong> kautta, kun silloin suunniteltiin hankittiin keikkak\u00e4ytt\u00f6\u00f6n diskolaitteita. Tutustuin Jytiin paremmin keikkamatkalla Porissa, jossa h\u00e4n nuorempana silloin soitteli kaupungin ykk\u00f6spaikoissa.<\/p>\n\n\n\n<p>My\u00f6hemmin teimme paljon yhteisty\u00f6t\u00e4 diskojen teknisell\u00e4 puolella, suunnittelimme yhteisty\u00f6ss\u00e4 diskoja ja kehitimme niit\u00e4. Yhteisty\u00f6t\u00e4 kesti aina Jytin kuolemaan saakka.<\/p>\n\n\n\n<p>Viikkoa ennen Jytin poismenoa h\u00e4n soitti minulle hyv\u00e4tuulisen puhelun ja naureskeli yhteisen yst\u00e4vyytemme hauskoja juttuja. H\u00e4n ei ollut miss\u00e4\u00e4n vaiheessa surullinen omasta sairastumisestaan, pahoittelin tilannetta, mutta Jyti oli positiivinen ja kertoi, ett\u00e4 aika on kohta p\u00e4\u00e4ttym\u00e4ss\u00e4. Viikko t\u00e4m\u00e4n puhelun j\u00e4lkeen sain tiedon h\u00e4nen poistumisestaan. Loistava seuramies, herrasmies ja huippu-DJ. Yst\u00e4v\u00e4 suurella syd\u00e4mell\u00e4.<\/p>\n\n\n\n<p><strong>DJ Igor, Eero Kiiskinen<\/strong><\/p>\n","protected":false},"excerpt":{"rendered":"<p>Kollegat muistelevat: Hyv\u00e4 yst\u00e4v\u00e4ni Jyti \u00c5lander oli mainio persoona, kovanluokan DJ ja musiikin monitoimimies sek\u00e4 koko kotimaisen viihdekent\u00e4n (tekniikan kehitt\u00e4j\u00e4)&#8230;.<\/p>\n","protected":false},"author":2,"featured_media":0,"parent":0,"menu_order":0,"comment_status":"closed","ping_status":"closed","template":"","meta":[],"_links":{"self":[{"href":"https:\/\/www.hitit.fi\/index.php\/wp-json\/wp\/v2\/pages\/10381"}],"collection":[{"href":"https:\/\/www.hitit.fi\/index.php\/wp-json\/wp\/v2\/pages"}],"about":[{"href":"https:\/\/www.hitit.fi\/index.php\/wp-json\/wp\/v2\/types\/page"}],"author":[{"embeddable":true,"href":"https:\/\/www.hitit.fi\/index.php\/wp-json\/wp\/v2\/users\/2"}],"replies":[{"embeddable":true,"href":"https:\/\/www.hitit.fi\/index.php\/wp-json\/wp\/v2\/comments?post=10381"}],"version-history":[{"count":2,"href":"https:\/\/www.hitit.fi\/index.php\/wp-json\/wp\/v2\/pages\/10381\/revisions"}],"predecessor-version":[{"id":10392,"href":"https:\/\/www.hitit.fi\/index.php\/wp-json\/wp\/v2\/pages\/10381\/revisions\/10392"}],"wp:attachment":[{"href":"https:\/\/www.hitit.fi\/index.php\/wp-json\/wp\/v2\/media?parent=10381"}],"curies":[{"name":"wp","href":"https:\/\/api.w.org\/{rel}","templated":true}]}}