{"id":10468,"date":"2024-12-01T19:14:44","date_gmt":"2024-12-01T17:14:44","guid":{"rendered":"https:\/\/www.hitit.fi\/?page_id=10468"},"modified":"2025-01-12T16:53:02","modified_gmt":"2025-01-12T14:53:02","slug":"dj-hall-of-fame-wolfman-jack","status":"publish","type":"page","link":"https:\/\/www.hitit.fi\/index.php\/dj-hall-of-fame-wolfman-jack\/","title":{"rendered":"DJ Hall of Fame \/ Wolfman Jack"},"content":{"rendered":"\n<figure class=\"wp-block-image size-large\"><img decoding=\"async\" loading=\"lazy\" width=\"1024\" height=\"887\" src=\"https:\/\/www.hitit.fi\/wp-content\/uploads\/2024\/12\/wolfmanjack-1-1024x887.jpg\" alt=\"\" class=\"wp-image-10469\" srcset=\"https:\/\/www.hitit.fi\/wp-content\/uploads\/2024\/12\/wolfmanjack-1-1024x887.jpg 1024w, https:\/\/www.hitit.fi\/wp-content\/uploads\/2024\/12\/wolfmanjack-1-300x260.jpg 300w, https:\/\/www.hitit.fi\/wp-content\/uploads\/2024\/12\/wolfmanjack-1-768x665.jpg 768w, https:\/\/www.hitit.fi\/wp-content\/uploads\/2024\/12\/wolfmanjack-1-1536x1331.jpg 1536w, https:\/\/www.hitit.fi\/wp-content\/uploads\/2024\/12\/wolfmanjack-1.jpg 2048w\" sizes=\"(max-width: 1024px) 100vw, 1024px\" \/><\/figure>\n\n\n\n<p><strong>Wolfman Jack ulvoi DJ:n t\u00e4hdeksi<\/strong><\/p>\n\n\n\n<p><strong>DJ Wolfman Jack<\/strong> oli yksi merkitt\u00e4vimmist\u00e4 esikuvista ja idoleista toisen polven DJ-ammattilaisille, jotka aloittivat 1970-luvulla. Mies nousi kansainv\u00e4liseen kuuluisuuteen <em><strong>Svengijengi 62 \/ American Graffiti<\/strong><\/em> -elokuvan my\u00f6t\u00e4. H\u00e4n oli salaper\u00e4inen pikkukaupungin paikallisradion DJ, jonka y\u00f6showta kruisaileva nuoriso kuunteli autoradioistaan. Matala\u00e4\u00e4ninen \u201dsusimies\u201d soitti rock&#8217;n rollia, doo woppia, surf-musaa eli sen ajan hittibiisej\u00e4. V\u00e4lill\u00e4 h\u00e4n ulvoi kuten \u201dsusimiehen\u201d pit\u00e4\u00e4kin.<\/p>\n\n\n\n<p>American Graffiti nosti DJ:n h\u00e4nelle kuuluvalle paikalle nuorisokulttuurissa. Se antoi rock&#8217;n rollille seremoniamestarit, jotka kutovat \u00e4\u00e4nitteist\u00e4 jokaisen nuoren oman el\u00e4m\u00e4n soundtrackin.<\/p>\n\n\n\n<p>Salaper\u00e4inen Susimies toi yli 30 vuoden ajan lis\u00e4v\u00e4ri\u00e4 Pohjois-Amerikan radioaalloille. Mies k\u00e4hisi, murisi, puheli leppoisia ja p\u00e4\u00e4sti aina silloin t\u00e4ll\u00f6in ilmoille karmivan kiljuntansa, joka erehdytt\u00e4v\u00e4sti muistutti suden ulvontaa.<\/p>\n\n\n\n<p>DJ Pena kertoo American Graffitin vaikuttaneen ratkaisevasti h\u00e4nen uravalintaansa.<\/p>\n\n\n\n<p>&#8211; Olin tehnyt muutamia keikkoja nuorisotiloissa ja koulubileiss\u00e4, mutta ne olivat l\u00e4hinn\u00e4 sellaista ujohkon nuoren levynk\u00e4\u00e4nt\u00f6\u00e4.Mallia olin koettanut ottaa jonkin verran YLE:n parhailta radiojuontajilta kuten Jouko \u201dPoppantai\u201d Rikalainen, Pentti \u201dPoppamies\u201d Kemppainen ja Jussi Raittinen. Mutta vasta Wolfman Jack osoitti, mit\u00e4 juontava DJ voi parhaimmillaan tehd\u00e4.<\/p>\n\n\n\n<p>American Graffiti vapautti monet muutkin DJ:t kautta maailman kokeilemaan rajoja rikkovia esitystapoja. Suomessa ja erityisesti Lahdessa alkoi Joni Heinosen ja kumppaneiden vet\u00e4m\u00e4 kulttuuri, joka johti mm. Sleepy Sleepersien kautta Leningrad Cowboyseihin.<\/p>\n\n\n\n<p>Elokuva sai ensi-iltansa vuonna 1975 ja oli yksi vuoden menestysleffoista my\u00f6s Suomessa. Katsomossa vaikuttui my\u00f6s joitain diskokeikkoja tehnyt DJ Pena.<\/p>\n\n\n\n<ul>\n<li>Suomessa ei tuolloin ollut hajuakaan kaupallisesta radiotoiminnasta, mutta Wolfman n\u00e4ytti esimerkki\u00e4 mit\u00e4 se voisi olla. Minusta tuli kertaheitolla fani. Haaveilin, ett\u00e4 olispa hienoa vauhdittaa joskus kuuntelijoiden illan ja y\u00f6n viettoa samaan tapaan. Kytem\u00e4\u00e4n j\u00e4i ajatus omasta radioshowsta.<\/li>\n<\/ul>\n\n\n\n<p>Pena eteni kohti omaa haavettaan m\u00e4\u00e4r\u00e4tietoisesti \u2013 vai oliko sittenkin kyse vain sattumien summasta. Ylioppilaskirjoitusten j\u00e4lkeen h\u00e4n aloitti ammattimaisena DJ:n\u00e4 ja p\u00e4\u00e4si harjoittelijaksi Yleisradion Lapin radioon. Varusmiespalveluksen aikana h\u00e4n organisoi Sodankyl\u00e4n j\u00e4\u00e4k\u00e4ripataljoonan sis\u00e4isen radion, osallistui valtakunnalliseen DJ-kisaan ja perusti Lappiin DJ-yhdistyksen, <strong>The Arctic DJ Clubin.<\/strong> Tampereelle muutettuaan Pena jatkoi keikkailua ja oli mukana perustamassa <strong>Pirkanmaan Tiskijukat<\/strong> -yhdistyst\u00e4, jonka lehden p\u00e4\u00e4toimittajana h\u00e4n levitti diskon ilosanomaa, aluksi Tampereella ja my\u00f6hemmin ymp\u00e4ri maata. Lehden nimeksi tuli \u2013 yll\u00e4tys, yll\u00e4tys \u2013 <em><strong>Diskosusi<\/strong><\/em>. <strong>DJ Edward<\/strong> levytti samannimisen biisin Sony Musicille!<\/p>\n\n\n\n<figure class=\"wp-block-image size-full\"><img decoding=\"async\" loading=\"lazy\" width=\"599\" height=\"600\" src=\"https:\/\/www.hitit.fi\/wp-content\/uploads\/2024\/12\/1981diskosusilevy-1.jpg\" alt=\"\" class=\"wp-image-10470\" srcset=\"https:\/\/www.hitit.fi\/wp-content\/uploads\/2024\/12\/1981diskosusilevy-1.jpg 599w, https:\/\/www.hitit.fi\/wp-content\/uploads\/2024\/12\/1981diskosusilevy-1-300x300.jpg 300w, https:\/\/www.hitit.fi\/wp-content\/uploads\/2024\/12\/1981diskosusilevy-1-150x150.jpg 150w\" sizes=\"(max-width: 599px) 100vw, 599px\" \/><\/figure>\n\n\n\n<p>&#8211; Kun perustimme parhaimmillaan neliv\u00e4rikantisen lehden, nimeksi piti v\u00e4ltt\u00e4m\u00e4tt\u00e4 laittaa Diskosusi. Me koimme itsemme Susimiehen hengenheimolaisiksi, tai ainakin Sudenpennuiksi.<\/p>\n\n\n\n<p>Toimittajaopintojen kuluessa Tampereella Pena perusti Discopress Oy:n, joka aloitti DJ-ohjelmatoimistona ja keskittyi my\u00f6hemmin \u00e4\u00e4nitteiden promoamiseen ja radio-ohjelmien tuotantoon.<\/p>\n\n\n\n<ul>\n<li>Meid\u00e4n tiimi pyydettiin vet\u00e4m\u00e4\u00e4n Tampereen Pyrinn\u00f6n diskotoimintaa VPK:lle, jolle haluttiin muutenkin kasvojenkohotusta. Nyky\u00e4\u00e4n puhuttaisiin kai br\u00e4nd\u00e4yksest\u00e4. Keksin, ett\u00e4 tehd\u00e4\u00e4np\u00e4 t\u00e4st\u00e4 Wolfman Jack Club! Helpommin sanottu kuin tehty. Miest\u00e4 tai h\u00e4nen edustajaansa mets\u00e4stettiin eri puolilta maailmaa, sill\u00e4 Wolfmanin show&#8217;t py\u00f6riv\u00e4t tuolloin USA:n armeijan radioissa. Olisimme siis kysyneet, voidaanko t\u00e4llainen tribuutti toteuttaa.<\/li>\n\n\n\n<li>Wolfman alias Robert \u201dBob\u201d Smith vaikutti tuolloin V\u00e4limerell\u00e4 USA:n laivaston radiossa.<\/li>\n\n\n\n<li>Ehk\u00e4 oli onni, ett\u00e4 nimihanke hautautui. Jenkit olisivat varmaan l\u00e4hett\u00e4neet laskun nimen k\u00e4yt\u00f6st\u00e4. VPK Disko pysyi nimen\u00e4. My\u00f6hemmin samoissa tiloissa toimi muun muassa Senssi. Nyky\u00e4\u00e4n siell\u00e4 lienee kuntosali, jossa soi diskomusa.<\/li>\n<\/ul>\n\n\n\n<p><strong>Wolfman Suomessa<\/strong><\/p>\n\n\n\n<p>Radioalalla vaikutti 80-90-luvulla innokas myyntimies ja ideanikkari <strong>Petri Deryng<\/strong> (os. Niemi),joka p\u00e4\u00e4tti tuoda Wolfman Jackin radiokiertueelle Suomeen 90-luvun alussa. Hankkeen sponsoriksi l\u00e4hti <strong>Toyota<\/strong>. Tarina ei kerro, miten jenkkiautokulttuurin samansaattaja Wolfman suhtautui japsiautoihin. Joka tapauksessa mies saatiin kiertueelle, jonka aikana h\u00e4n vieraili radioasemilla ja esiintyi paikallisissa autoliikkeissa. Samalla julkaistiin kokoelmalevy Wolfmanin radioshow&#8217;sta.<\/p>\n\n\n\n<ul>\n<li>Wau! T\u00e4m\u00e4 oli niin kova juttu, ett\u00e4 valmistauduimme <strong>Radio Musassa<\/strong> t\u00e4h\u00e4n kuin valtiovierailuun. Otaksuin jostain kumman syyst\u00e4, ett\u00e4 Wolfman on suurella todenn\u00e4k\u00f6isyydell\u00e4 <em><strong>Jack Daniels-<\/strong><\/em>juoman l\u00e4mmin yst\u00e4v\u00e4. Tuohon aikaan t\u00e4t\u00e4 jaloa juomaa ei saanut Alkosta, mutta muistaakseni <strong>Epe Heleniuksen<\/strong> baarikaapissa sit\u00e4 oli ja h\u00e4n suostui luopumaan pullosta.<\/li>\n<\/ul>\n\n\n\n<p>Kun suuri p\u00e4iv\u00e4 lopulta koitti, vannoutunut Wolfman-fani Pena oli niin t\u00e4pin\u00f6iss\u00e4\u00e4n, ett\u00e4 h\u00e4nen oli pakko pyyt\u00e4\u00e4 haastattelijaksi radiomaster-voittaja <strong>Anne Sarlin<\/strong>. Wolfman oli levyjens\u00e4 ja karismansa ansiosta kasvanut el\u00e4m\u00e4\u00e4 suuremmaksi hahmoksi Penan mieless\u00e4, v\u00e4h\u00e4n niin kuin Elvis.<\/p>\n\n\n\n<p>Radiohaastattelun j\u00e4lkeen legenda seurueineen ohjattiin radion kahvihuoneeseen. Pena otti esille Jack Danielsin ja kuinka ollakaan, Wolfman ei ollutkaan viinamiehi\u00e4. <em>Ei kell\u00e4\u00e4n sattuis olemaan marijuanaa<\/em>, h\u00e4n kysyi. No eih\u00e4n sit\u00e4 kenell\u00e4k\u00e4\u00e4n ollut, eik\u00e4 muuten ole viel\u00e4k\u00e4\u00e4n kuin alan harrastajilla. Wolfman oli my\u00f6s ihmeiss\u00e4\u00e4n, kun h\u00e4nelle ojennettiin nippu vanhoja Diskosusi-lehti\u00e4.<\/p>\n\n\n\n<p>Radio Porissa Wolfman p\u00e4\u00e4si seuraamaan DJ Johnny-Kai Forsselin live-ty\u00f6skentely\u00e4.<\/p>\n\n\n\n<ul>\n<li>Minulle h\u00e4n sanoi my\u00f6skin kuultuaan l\u00e4hetyst\u00e4ni, ett\u00e4 \u201dYou are my kind of DJ\u201d &#8211; ja sill\u00e4h\u00e4n min\u00e4 elin pari kuukautta, naureskelee Johnny.<\/li>\n\n\n\n<li>Wolfman Jackin taika on mielest\u00e4ni h\u00e4nen maagisessa tavassaan puhua ja huutaa yht\u00e4 aikaa ja siin\u00e4, ett\u00e4 h\u00e4n pysyi piilossa Meksikon puolella antaen ihmisten arvuutella h\u00e4nen olemustaan.<\/li>\n<\/ul>\n\n\n\n<ul>\n<li>P\u00e4\u00e4asiassa luulivat minua isoksi, mustaksi mieheksi, sanoi Susimies. Johnny kertoo my\u00f6s tuskailleensa Jackille tuosta juontajien ikiongelmasta, levyjen p\u00e4\u00e4lle puhumisesta.<\/li>\n\n\n\n<li>Jack sanoi, ett\u00e4 anna menn\u00e4 vaan \u2013 kuulevathan ne samat levyt miljoona kertaa. Er\u00e4\u00e4ksi menestymisens\u00e4 syyksi Wolfman mainitsi sen, ett\u00e4 koko uransa ajan piti n\u00e4ppins\u00e4 erossa nk. payola-ilmi\u00f6st\u00e4, lahjonnasta johon moni DJ on sortunt.<\/li>\n<\/ul>\n\n\n\n<p>Wolfman Jack alias <strong>Robert Smith<\/strong> poistui soittamaan levyj\u00e4 ns. yl\u00e4kertaan hein\u00e4kuun alussa vuonna 1995.<\/p>\n\n\n\n<p>Wolfmanin tyyli\u00e4 ja muistoa vaali pitk\u00e4\u00e4n <strong>DJ Edward<\/strong>, \u201dthe man with the golden voice\u201d. <strong>Eki Sillanp\u00e4\u00e4<\/strong> puolestaan esiintyi <strong>DJ Wolfman<\/strong> -nimell\u00e4 vet\u00e4m\u00e4ss\u00e4\u00e4n Rodeo-y\u00f6kerhossa.<\/p>\n\n\n\n<p>Wolfmanille omistettu nettisivusto pit\u00e4\u00e4 yll\u00e4 legendan muistoa. Sielt\u00e4 voi tilata itselleen fanikamaa kuten paitoja, lippiksia ja badgea.<\/p>\n\n\n\n<p><strong>Seikkailu lumisilla lakeuksilla<\/strong><\/p>\n\n\n\n<p>Wolfman Jackin kiertueen j\u00e4rjest\u00e4nyt <strong>Petri Deryng<\/strong> (PYN Radio &amp; Tv oy) muistelee PR-kiertuetta, jolla oli mukana my\u00f6s Wolfmanin agentti <strong>Lonnie Napier<\/strong>:<\/p>\n\n\n\n<p>&#8211; Matkalla <strong>Radio Vaasasta<\/strong> Ouluun <strong>Radio Megaan<\/strong>, alla ohjelmien Suomi-sponsorin SUV. Wolfia tylsistytt\u00e4\u00e4 pitk\u00e4 ajo lakeuksilla. P\u00e4\u00e4t\u00e4 hiert\u00e4\u00e4 autossa ja h\u00e4n riisuu stetsoninsa k\u00e4delleen. Yll\u00e4tys on suuri, h\u00e4nen stetsoninsa liereiss\u00e4 on kaksi k\u00e4sink\u00e4\u00e4ritty\u00e4 marijuana-savuketta jotka olivat unohtuneet sinne ja ovat olleet siell\u00e4 my\u00f6s h\u00e4nen tullessaan Suomeen tullin l\u00e4pi. Savuke palamaan ja marin polttaminen sai Wolfin kest\u00e4m\u00e4\u00e4n hyvin Pohjois-Pohjanmaan pitk\u00e4t ja pitk\u00e4stytt\u00e4v\u00e4t maantieosuudet.<\/p>\n\n\n\n<p><strong>Radio Roysta<\/strong> matka jatkuu <strong>Radio Kajaukseen<\/strong>, mutta tarkoitus v\u00e4liss\u00e4 viett\u00e4\u00e4 lepop\u00e4iv\u00e4t Rukan hiihtokeskuksessa. Jossain ennen Posiota huomaan, ettei maantien varrella ole ollut pitkiin aikoihin bensa-asemia, enk\u00e4 ollut varautunut Rovaniemell\u00e4 tankkaamaan.<\/p>\n\n\n\n<p>Bensa loppui ja joudun h\u00e4m\u00e4rtyv\u00e4ss\u00e4 loppuiltap\u00e4iv\u00e4ss\u00e4 ajamaan auton aivan maantien penkan viereen. Wolfman hypp\u00e4\u00e4 autosta ulos penkan puolelta ja uppoa bootseissaan lumihankeen. Bootsit t\u00e4yttyv\u00e4t lumesta ja kuluu noin 30 sekuntia, kun Wolfman kertoo, ett\u00e4 h\u00e4n on sairastunut flunssaan.<\/p>\n\n\n\n<p>Saan pys\u00e4ytetty\u00e4 auton, joka vie meid\u00e4t noin 20 kilometri\u00e4 eteenp\u00e4in ensimm\u00e4iselle bensa-asemalle. Auto on pieni ja vanhanmallinen <strong>Toyota Corolla<\/strong>, johon juuri juuri mahduimme sis\u00e4\u00e4n. Kuljettaja tunnistaa matkustajan ja koomisesti saavuttuamme bensikselle, sanoo Wolfmanille englanniksi &#8221; I am sorry, that I have a japanese car.\u201d<\/p>\n\n\n\n<p>Rukan omistajaperhe on varannut Wolfmanille luksusluokan asunnon, johon h\u00e4n asettuu kahdeksi vuorokaudeksi ja kertoo sis\u00e4\u00e4n astuessaan, ettei en\u00e4\u00e4 aio astua koskaan en\u00e4\u00e4 uudestaan lumeen. Wolfman saa ohjeet tilata ruokaa sis\u00e4puhelimella huoneeseen, mutta unohtaa miten otetaan ulko- tai sis\u00e4puhelu.<\/p>\n\n\n\n<p>Kuulin j\u00e4lkik\u00e4teen, ett\u00e4 h\u00e4nen soitot meniv\u00e4t <strong>Lapin h\u00e4lytyskeskukseen<\/strong>, jossa otettiin vastaan noin viisi kertaa juustohampurilaistilaus Ruka-oleskelun aikana.<\/p>\n\n\n\n<p><\/p>\n","protected":false},"excerpt":{"rendered":"<p>Wolfman Jack ulvoi DJ:n t\u00e4hdeksi DJ Wolfman Jack oli yksi merkitt\u00e4vimmist\u00e4 esikuvista ja idoleista toisen polven DJ-ammattilaisille, jotka aloittivat 1970-luvulla&#8230;.<\/p>\n","protected":false},"author":2,"featured_media":0,"parent":0,"menu_order":0,"comment_status":"closed","ping_status":"closed","template":"","meta":[],"_links":{"self":[{"href":"https:\/\/www.hitit.fi\/index.php\/wp-json\/wp\/v2\/pages\/10468"}],"collection":[{"href":"https:\/\/www.hitit.fi\/index.php\/wp-json\/wp\/v2\/pages"}],"about":[{"href":"https:\/\/www.hitit.fi\/index.php\/wp-json\/wp\/v2\/types\/page"}],"author":[{"embeddable":true,"href":"https:\/\/www.hitit.fi\/index.php\/wp-json\/wp\/v2\/users\/2"}],"replies":[{"embeddable":true,"href":"https:\/\/www.hitit.fi\/index.php\/wp-json\/wp\/v2\/comments?post=10468"}],"version-history":[{"count":2,"href":"https:\/\/www.hitit.fi\/index.php\/wp-json\/wp\/v2\/pages\/10468\/revisions"}],"predecessor-version":[{"id":10542,"href":"https:\/\/www.hitit.fi\/index.php\/wp-json\/wp\/v2\/pages\/10468\/revisions\/10542"}],"wp:attachment":[{"href":"https:\/\/www.hitit.fi\/index.php\/wp-json\/wp\/v2\/media?parent=10468"}],"curies":[{"name":"wp","href":"https:\/\/api.w.org\/{rel}","templated":true}]}}