{"id":10498,"date":"2024-12-22T17:53:38","date_gmt":"2024-12-22T15:53:38","guid":{"rendered":"https:\/\/www.hitit.fi\/?page_id=10498"},"modified":"2024-12-22T17:53:39","modified_gmt":"2024-12-22T15:53:39","slug":"kun-diskopallo-saapui-meidan-kylille","status":"publish","type":"page","link":"https:\/\/www.hitit.fi\/index.php\/kun-diskopallo-saapui-meidan-kylille\/","title":{"rendered":"Kun diskopallo saapui meid\u00e4n kylille"},"content":{"rendered":"\n<p>Suomen ensimm\u00e4inen diskoteekki <strong>Club Discoteca<\/strong> aloitti helmikuussa 1966 <strong>Kulosaaren Casinolla.<\/strong> Tiskijukkien kunniagalleria, <strong>DJ Hall of Fame<\/strong> luovutti asian johdosta Casinolle kunniakirjan kutsuvierastilaisuudessa 15.3.2007.<\/p>\n\n\n\n<p>Kunniakirjataulun luovuttivat ravintoloitsija <strong>Mia Saarell<\/strong>e kunniagallerian edustajat <strong>Ritva \u201dMata Hari\u201d Laine, Jyrki \u201dJyr\u00e4ys\u201d H\u00e4m\u00e4l\u00e4inen, Vesku Talonen<\/strong> ja <strong>Pena Ter\u00e4v\u00e4inen.<\/strong> Tilaisuudessa haastateltiin Casinon alkuper\u00e4ist\u00e4, ensimm\u00e4isen illan disc-jockeyt\u00e4 <strong>Antti \u201dAndy\u201d Eini\u00f6t\u00e4<\/strong>. Illan muut DJ:t, <strong>Leena Orvomaa<\/strong> ja <strong>Risto Vanari<\/strong> soittavat jo yl\u00e4kerran orkesterin tauoilla. Eini\u00f6n haastattelu toteutettiin modernilla tekniikalla eli Penan kommunikaattorin kaiuttimen kautta, sill\u00e4 Eini\u00f6 oli joutunut reissun p\u00e4\u00e4lle jo heti aamusta.<\/p>\n\n\n\n<p>\u2013 Idea tuli isoveljelt\u00e4ni <strong>Paavolta<\/strong>, jolla oli vainu sen suhteen, mit\u00e4 maailmalla tapahtuu. Silloin elettiin brittipopin kulta-aikaa, ja meill\u00e4kin haluttiin olla ajan hermolla.<\/p>\n\n\n\n<p>Eini\u00f6n mukaan h\u00e4nen muistikuvansa kaikkien aikojen ensimm\u00e4isest\u00e4 diskoteekist\u00e4 ovat hieman hataria, mutta niinh\u00e4n sit\u00e4 sanotaan, ett\u00e4 jos v\u00e4itt\u00e4\u00e4 muistavansa svengaavan 60-luvun, ei ole el\u00e4nyt sit\u00e4.<\/p>\n\n\n\n<p>Ana oli jo tuolloin t\u00e4ysty\u00f6llistetty viihdeammattilainen, radio- ja TV-juontaja, levylaulaja (mm. <em><strong>Farmer John, Dizzy Miss Lizzy<\/strong><\/em>) sek\u00e4 promoottori, jossa teht\u00e4v\u00e4ss\u00e4 h\u00e4n edelleenkin j\u00e4rjest\u00e4\u00e4 konsertteja. Muiden muassa maaliskuun 2007 <strong>Cliff Richardin<\/strong> konsertti oli Anan j\u00e4rkk\u00e4\u00e4m\u00e4. H\u00e4nelle on my\u00f6nnetty <strong>Musiikki &amp; Median<\/strong> el\u00e4m\u00e4nty\u00f6palkinto.<\/p>\n\n\n\n<p>Live-muistelijana paikalla oli tuolloin viel\u00e4 hyv\u00e4ss\u00e4 iskussa ollut Jyrki \u201dJyr\u00e4ys\u201d H\u00e4m\u00e4l\u00e4inen, joka kuului jo tuolloin Stadin pintajengiin. Club Discotecaa tervehdittiin ilolla, kansainv\u00e4lisen\u00e4 tuulahduksena, johon Jyrki oli ottanut tuntumaa jo Lontoossa, Pariisissa ja Hampurissa. Paikka pyrki valikoimaan asiakkaansa, joilta edellytettiin osakuntakorttia eli ylioppilaskunnan j\u00e4senyytt\u00e4.<\/p>\n\n\n\n<figure class=\"wp-block-image size-large\"><img decoding=\"async\" loading=\"lazy\" width=\"629\" height=\"1024\" src=\"https:\/\/www.hitit.fi\/wp-content\/uploads\/2024\/12\/casino-629x1024.jpg\" alt=\"\" class=\"wp-image-10500\" srcset=\"https:\/\/www.hitit.fi\/wp-content\/uploads\/2024\/12\/casino-629x1024.jpg 629w, https:\/\/www.hitit.fi\/wp-content\/uploads\/2024\/12\/casino-184x300.jpg 184w, https:\/\/www.hitit.fi\/wp-content\/uploads\/2024\/12\/casino-768x1251.jpg 768w, https:\/\/www.hitit.fi\/wp-content\/uploads\/2024\/12\/casino-943x1536.jpg 943w, https:\/\/www.hitit.fi\/wp-content\/uploads\/2024\/12\/casino-1258x2048.jpg 1258w, https:\/\/www.hitit.fi\/wp-content\/uploads\/2024\/12\/casino.jpg 1453w\" sizes=\"(max-width: 629px) 100vw, 629px\" \/><\/figure>\n\n\n\n<p>\u2013 Ensi luokan paikka haluaa ensi luokan yleis\u00f6n, sanottiin mainoksessa, joka oli liitetty my\u00f6s kunniakirjatauluun.<\/p>\n\n\n\n<p>Ravintoloitsija Mia Saari kertoi Kulosaaren nuorison ottaneen diskoteekin hyvin vastaan.<\/p>\n\n\n\n<p>\u2013 Heid\u00e4n kannaltaan oli k\u00e4tev\u00e4\u00e4, kun muodikas menopaikka oli kotikulmilla. Hyv\u00e4nn\u00e4k\u00f6iset tyt\u00f6t ja pojat tulivat kuulemma kaikkialta t\u00e4nne.<\/p>\n\n\n\n<p>Mia Saari lupasi DJ Hall Of Famen kunniakirjan saavan hyv\u00e4n paikan ravintolassa. Sit\u00e4 ihailtiin joukolla jo parin p\u00e4iv\u00e4n kuluttua, kun kolme ja puoli sataa Royal Ravintoloiden ty\u00f6ntekij\u00e4\u00e4 kokoontui henkil\u00f6kuntabileisiin Casinolle bailaamaan <strong>Dannyn<\/strong> ja 60-luvun lopun hittien tahtiin.<\/p>\n\n\n\n<p>DJ Hall Of Famen vanhin j\u00e4sen, Jyrki H\u00e4m\u00e4l\u00e4inen menehtyi erilaisiin sairauksiin vuotta my\u00f6hemmin, tarkalleen 18.3.2008. Saman vuoden toukokuussa 4.5. siirtyi yl\u00e4kerran diskoon kunniagallerian toiseksi vanhin <strong>Risto \u201dRipa\u201d Tuhkala<\/strong>, joka ei toipunut aivoverenvuodosta. N\u00e4m\u00e4 kaksi kuolemantapausta vauhdittivat omalta osaltaan t\u00e4m\u00e4n projektin synty\u00e4.<\/p>\n\n\n\n<figure class=\"wp-block-image size-large\"><img decoding=\"async\" loading=\"lazy\" width=\"1024\" height=\"768\" src=\"https:\/\/www.hitit.fi\/wp-content\/uploads\/2024\/12\/djkulosaari-1024x768.jpg\" alt=\"\" class=\"wp-image-10501\" srcset=\"https:\/\/www.hitit.fi\/wp-content\/uploads\/2024\/12\/djkulosaari-1024x768.jpg 1024w, https:\/\/www.hitit.fi\/wp-content\/uploads\/2024\/12\/djkulosaari-300x225.jpg 300w, https:\/\/www.hitit.fi\/wp-content\/uploads\/2024\/12\/djkulosaari-768x576.jpg 768w, https:\/\/www.hitit.fi\/wp-content\/uploads\/2024\/12\/djkulosaari-1536x1152.jpg 1536w, https:\/\/www.hitit.fi\/wp-content\/uploads\/2024\/12\/djkulosaari-2048x1536.jpg 2048w\" sizes=\"(max-width: 1024px) 100vw, 1024px\" \/><\/figure>\n\n\n\n<p>Kun ensimm\u00e4isen ja toisen polven DJ:t, tiskijukat alkavat olla viisi-kuusikymppisi\u00e4, on muistelemisen aika. V\u00e4ki vanhenee, ns. luonnollinen poistuma ulottuu niihinkin, jotka joskus kuvittelivat olevansa kuolemattomia, ikuisen nuoruuden vinyylilevyjen ja tanssivan nuorison keskelt\u00e4 l\u00f6yt\u00e4neit\u00e4. Muistelemisen aika on silloin, kun viel\u00e4 muistaa. Tervetuloa aikamatkalle suomidiskon lapsuus- ja nuoruusvuosille, siten kuin alan veteraanit ne kokivat.<\/p>\n\n\n\n<p><strong>Neulapoikien aikaa<\/strong><\/p>\n\n\n\n<p>Tanssimusiikin soittaminen \u00e4\u00e4nilevyilt\u00e4 on huomattavasti vanhempi keksint\u00f6 kuin suomidiskon historia. Ensimm\u00e4iset levymusiikkia soittavat tanssiravintolat olivat Ranskassa jo 1900-luvun alkupuolella. Varsinaisia diskoteekkej\u00e4, joissa soi p\u00e4iv\u00e4n pop ja nuorisomusa, alettiin pystytt\u00e4\u00e4 1960-luvulla koko l\u00e4ntisess\u00e4 maailmassa. Svengaava Lontoo n\u00e4ytti mallia ja suuntaa muillekin.<\/p>\n\n\n\n<p>Suomessa \u00e4\u00e4nilevyj\u00e4 oli soiteltu tansseissa orkesterien taukomusiikkina jo paljon aikaisemmin. Silloin ei puhuttu viel\u00e4 tiskijukista (engl. disc-jockey) vaan &#8221;neulapojista&#8221;. Kannettavat veivi-gramofonit olivat er\u00e4\u00e4nlainen keikkadiskojen esiaste jo ennen sota-aikaa.<\/p>\n\n\n\n<p><strong>Joke Linnamaa<\/strong> muistaa \u00e4itins\u00e4 tarinan h\u00e4nen ja Joken is\u00e4n ensitapaamisesta: &#8211; Tapasimme diskossa vuonna 1936.<\/p>\n\n\n\n<p>H\u00e4mm\u00e4stynyt Joke kysyi, miten t\u00e4m\u00e4 oli mahdollista. \u00c4iti kertoi opiskelleensa Joensuussa kansakoulunopettajaksi ja is\u00e4 oli l\u00e4hist\u00f6ll\u00e4 valvomassa siltaty\u00f6maata rakennusmestarin praktiikkaa saadakseen.<\/p>\n\n\n\n<p>\u2013 Joensuun <strong>Matkailuhotellissa<\/strong> j\u00e4rjestettiin levytanssiaisia, joissa musiikista vastasi valtava 78 kierr\/min levyj\u00e4, niin sanottuja savikiekkoja, soittava jukeboksi. Tanssimme, is\u00e4si kosi minua, ja avioiduimme vuonna 1938, \u00e4iti kertoi.<\/p>\n\n\n\n<p>Joke totesi, ett\u00e4 h\u00e4n ja kolme sisarustaan ovat olemassa DISKON ansiosta!<\/p>\n\n\n\n<p>50- ja 60-luvulla tanssi-ilmoitukset t\u00e4yttiv\u00e4t maakuntalehtien loppuviikon numeroita. Esimerkiksi <strong>Vaasa<\/strong>-lehdess\u00e4 oli parhaimmillaan, 60-luvun puoliv\u00e4liss\u00e4, tanssi-ilmoituksia enemm\u00e4n kuin aukeaman verran. K\u00e4yt\u00e4nn\u00f6ss\u00e4 koko Suomi tanssi ja l\u00e4hti liikkeelle kes\u00e4lauantaisin \u2013 ennen kuin televisio jumitti raivaajasukupolven kotisohville.<\/p>\n\n\n\n<p>\u2013 1940-luvulla syntyneet dj:t, sik\u00e4li kuin heit\u00e4 elossa on, muistanevat, ett\u00e4 teimme alan t\u00f6it\u00e4 ennen kuin kyseist\u00e4 ammattinimityst\u00e4 oli viel\u00e4 otettu k\u00e4ytt\u00f6\u00f6n. Lato- ja kattamattomienkin lavojen j\u00e4rjestysmiehet k\u00e4viv\u00e4t vaakunaviinahuikkien v\u00e4lill\u00e4 k\u00e4\u00e4nt\u00e4m\u00e4ss\u00e4 my\u00f6s niit\u00e4 78 rpm-savikiekkoja. Ehdin tehd\u00e4 sit\u00e4kin, tosin ilman paloviinaa, koska olin kymmenvuotias, muistelee Munkan koulun kasvatti <strong>Johnny-Kai Forssell<\/strong> (s.1946).<\/p>\n\n\n\n<p>Samassa koulussa varttuivat my\u00f6s sittemmin alan kehitykseen suuresti vaikuttaneet <strong>Oscu Wilska<\/strong> ja Joke Linnamaa.<\/p>\n\n\n\n<p>\u2013 Koen urani alkaneen siit\u00e4, koska mielenkiintoa ja paloa oli n\u00e4hd\u00e4, miten ihmiset l\u00e4htiv\u00e4t tanssimaan juuri <strong>sen<\/strong> levyn tahdissa, <strong>sen<\/strong> levyn, jonka sin\u00e4 valitsit!<\/p>\n\n\n\n<p>\u201dNeulapojat\u201d soittivat joskus my\u00f6s koko illan, mutta he j\u00e4iv\u00e4t yleens\u00e4 nimett\u00f6miksi. Levynvaihdosta huolehtivat seurantalon vahtimestari tai joku reipas poika paikallisesta urheiluseurasta. Koska levyjen saanti oli hankalaa ja kallista, samat takuuvarmat parketint\u00e4ytt\u00e4j\u00e4t soivat vuodesta toiseen. Esimerkiksi <strong>Olavi Virran<\/strong> ja <strong>Veikko Tuomen<\/strong> tangot tulivat tutuksi viel\u00e4 70-luvun nuorisollekin, kun kaikenik\u00e4iset k\u00e4viv\u00e4t viel\u00e4 samoissa tansseissa. Elettiin kuitenkin yhten\u00e4iskulttuurin viimeisi\u00e4 aikoja, sill\u00e4 pian v\u00e4ki jakaantui eri kuppikuntiin.<\/p>\n\n\n\n<p>\u2013 Koulubailuja kutsuttiin nimityksell\u00e4 <strong>konva<\/strong>. Siell\u00e4kin sai soittaa levyj\u00e4, jollei joku opettaja pilannut piirileikki\u00e4 soittamalla itse pianoa. Tanssin nimi oli konifoksi, muistelee Johnny-Kai Forssell.<\/p>\n\n\n\n<p>\u2013 Kuusikymment\u00e4luvun alussa p\u00e4\u00e4si jo heitt\u00e4m\u00e4\u00e4n keikantynk\u00e4\u00e4, <strong>Dual<\/strong> keraamisella \u00e4\u00e4nip\u00e4\u00e4ll\u00e4 ja markan kolikko teipattiin \u00e4\u00e4nivarren p\u00e4\u00e4lle, niin johan soi! <strong>Rusettiluistelujen<\/strong> levynk\u00e4\u00e4nt\u00f6keikka oli jo yht\u00e4 juhlaa. Ja tiskijukka noteerattiin. Sai jopa juontaa elikk\u00e4 kuuluttaa.<\/p>\n\n\n\n<figure class=\"wp-block-image size-large\"><img decoding=\"async\" loading=\"lazy\" width=\"1024\" height=\"683\" src=\"https:\/\/www.hitit.fi\/wp-content\/uploads\/2024\/12\/johnny-1024x683.jpg\" alt=\"\" class=\"wp-image-10502\" srcset=\"https:\/\/www.hitit.fi\/wp-content\/uploads\/2024\/12\/johnny-1024x683.jpg 1024w, https:\/\/www.hitit.fi\/wp-content\/uploads\/2024\/12\/johnny-300x200.jpg 300w, https:\/\/www.hitit.fi\/wp-content\/uploads\/2024\/12\/johnny-768x512.jpg 768w, https:\/\/www.hitit.fi\/wp-content\/uploads\/2024\/12\/johnny-120x80.jpg 120w, https:\/\/www.hitit.fi\/wp-content\/uploads\/2024\/12\/johnny-255x170.jpg 255w, https:\/\/www.hitit.fi\/wp-content\/uploads\/2024\/12\/johnny-345x230.jpg 345w, https:\/\/www.hitit.fi\/wp-content\/uploads\/2024\/12\/johnny.jpg 1453w\" sizes=\"(max-width: 1024px) 100vw, 1024px\" \/><\/figure>\n\n\n\n<p>60-luvun alussa tietoa uudesta nuorisomusiikista saatiin Etel\u00e4-Suomessa merirosvoradioasema <strong>Radio Nordista<\/strong>, joka l\u00e4hetti musiikkiohjelmaa Pohjoismaihin kansainv\u00e4lisilt\u00e4 vesilt\u00e4. Nordin musiikkitoimituksessa oli t\u00f6iss\u00e4 <strong>Raija Valtonen<\/strong> aka <strong>Raya Ravell<\/strong>, joka tunnetaan parhaiten 1930\u201340-luvun suomalaisesta superlauluyhtyeest\u00e4 <strong>Harmony Sisters<\/strong>.<\/p>\n\n\n\n<p>Radio Nord mullisti kasvavan nuorison radionkuuntelun. Kansa vaati poppia ja kysynt\u00e4\u00e4 tyydytt\u00e4m\u00e4\u00e4n perustettiin 1963 Yleisradioon <strong>S\u00e4velradio<\/strong>-toimitus, jonka aloitus sattui parhaaseen <strong>Beatles<\/strong>-aikaan.<\/p>\n\n\n\n<p>\u2013 Popmusiikki tuli muutamassa vuodessa kaikkialle. Jopa vanha musiikinopettaja l\u00f6ysi Beatlesin, jonka lauluissa oli viitteit\u00e4 klassiseen musiikkiin. Tied\u00e4 sitten, kuinka moni innostui siit\u00e4 Bachin ja Beethovenin pariin.<\/p>\n\n\n\n<p><strong>Paavo oli ensimm\u00e4inen<\/strong><\/p>\n\n\n\n<p>Joke Linnamaan mielest\u00e4 ensimm\u00e4inen disc jockey Suomessa oli <strong>Paavo Eini\u00f6<\/strong> (1925\u20132006), joka soitti levyj\u00e4 tanssilavojen takahuoneista k\u00e4sin orkesterien tauoilla.<\/p>\n\n\n\n<p>\u2013 Paavo toimitti omaa <strong>Iskelm\u00e4<\/strong>-musiikkilehte\u00e4, tuotti ja palkkasi artisteja levytt\u00e4m\u00e4\u00e4n omalle <strong>Scandia<\/strong>-levymerkilleen ja teki ohjelmia, joissa omat artistit olivat enimm\u00e4kseen esill\u00e4. Eli Paavo Eini\u00f6 toimi fiksuna kaverina kukkona tunkiolla. K\u00e4sitt\u00e4\u00e4kseni t\u00e4llainen k\u00e4yt\u00e4nt\u00f6 olisi nyky\u00e4\u00e4n mahdotonta, laissa kielletty, Joke toteaa.<\/p>\n\n\n\n<p>Paavo Eini\u00f6 sanoo omael\u00e4m\u00e4nkertakirjassaan <strong>Jammaten<\/strong>:<\/p>\n\n\n\n<p>\u2013 En ole oikein varma, olinko ensimm\u00e4inen disc jockey Suomessa, mutta otan tittelin imarreltuna vastaan.<\/p>\n\n\n\n<p>Pikkuveli Antti Eini\u00f6 seurasi Paavon jalanj\u00e4lki\u00e4, j\u00e4rjesteli tilaisuuksia, juonsi niit\u00e4 ja alkoi pit\u00e4\u00e4 yhteytt\u00e4 esiintyjiin. <em><strong>Nuorten Tanssihetki<\/strong><\/em> televisiossa lankesi h\u00e4nelle, ja Suomen ensimm\u00e4inen VJ (video jockey) oli syntynyt. Ohjelman tunnusmelodian <em><strong>K\u00e4y tanssimaan<\/strong><\/em> lauloi levylle tietysti Paavo Eini\u00f6n vaimo <strong>Brita Koivunen<\/strong> vuonna 1960.<\/p>\n\n\n\n<p><strong>Diskoidea levi\u00e4\u00e4<\/strong><\/p>\n\n\n\n<p>Suomen ensimm\u00e4inen kansainv\u00e4list\u00e4 menoa ja meininki\u00e4 tarjonnut diskoteekki stereo\u00e4\u00e4nentoistolla, vilkkuvilla v\u00e4rivaloilla ja juontajilla perustettiin siis helmikuussa 1966 Helsinkiin, kunnianarvoisan Kulosaaren Casinon tiloihin. Club Discoteca j\u00e4i kuitenkin varsin lyhytik\u00e4iseksi.<\/p>\n\n\n\n<p>Eip\u00e4 aikaakaan, kun toiminta siirtyi Kalastajatorpalle. P\u00e4\u00e4kaupungin jetset olisi bailannut siell\u00e4 pidemp\u00e4\u00e4nkin, mutta diskoteekki loppui, kun muuan ison p\u00e4\u00e4llik\u00f6n poika ajoi kohtalokkaan kolarin Kalastajatorpan ja kotinsa v\u00e4lill\u00e4. Juovuksissa, tottakai.<\/p>\n\n\n\n<p>Syksyll\u00e4 1966 Disco siirtyi ja vakiintui H\u00e4meentie 10:een. Ensimm\u00e4isten diskoiltojen nimekk\u00e4\u00e4t radiojuontajat j\u00e4tt\u00e4ytyiv\u00e4t pois ja uusia soittajia l\u00f6ytyi opiskelijoiden joukosta. Heist\u00e4 nimekk\u00e4in oli <strong>DJ Oscu, Osmo Wilska<\/strong>, joka opiskeli sittemmin tohtoriksi, opetti Solnan yliopistossa ja teki komean uran tietotekniikan johtoteht\u00e4viss\u00e4.<\/p>\n\n\n\n<p>Pelkk\u00e4 diskoilu ei ly\u00f6nyt viel\u00e4 leiville, sill\u00e4 Discossa pidettiin my\u00f6s suosittuja humppatansseja ja kokeiltiin jopa alaik\u00e4isten teinitansseja. P\u00e4\u00e4kaupunkiseudulla toimi pian per\u00e4ti kolme opiskelijadiskoa <strong>Hisci, KY<\/strong> ja <strong>TF. Natsalla<\/strong> (Nylands Nation) Kasarmikadulla levyj\u00e4 soitettiin b\u00e4ndien v\u00e4liajoilla. <strong>Pontus<\/strong> oli kaikille avoin disko.<\/p>\n\n\n\n<p>&#8211; Mun suurin keikka oli 70-luvun alussa <strong>Dipoli<\/strong>ssa: Rock and roll party, 2000 ihmist\u00e4. Pienin keikka <strong>Harjavallan Olut-Tupa<\/strong>: Yksi ihminen, muistelee pitk\u00e4n linjan DJ <strong>Johnny-Kai Forssell.<\/strong><\/p>\n\n\n\n<p>Vuonna 1970 Suosikki julisti Dipolin Vesimiehen Suomen parhaaksi diskoksi, joka on my\u00f6s Euroopan suurin. Paikkaan mahtui kerralla virallisesti 2500 henke\u00e4, todellisuudessa jopa 3000 henke\u00e4! P\u00e4\u00e4kaupunkiseudun muita menomestoja olivat tuolloin muun muassa <strong>Y\u00f6myssy, Sven Tuuva, Heikintorin Disco <\/strong>ja<strong> N-Clubi.<\/strong><\/p>\n\n\n\n<p>Vesimies-diskosta, joka sijaitsi siis Dipolissa, Otaniemen teekkarikyl\u00e4ss\u00e4, saatiin skandaalikin aikaan Suosikissa. Paikassa esiintyi Mammuth-Fest-diskossa \u2013 ajalle tyypillisesti \u2013 kansainv\u00e4linen t\u00e4htistrippari <strong>Louzi Riviere<\/strong>, joka oli shownsa p\u00e4\u00e4tteeksi t\u00e4ysin nakuna. Eih\u00e4n siin\u00e4 muuten mit\u00e4\u00e4n, mutta kun kyseess\u00e4 oli K-18-nuorisodisco. Vesimiehen DJ:n\u00e4 toimi Oscu, joka oli rakentanut \u00e4\u00e4nentoistosysteemit sellaisiksi, ett\u00e4 t\u00e4rykalvoissa tuntui. Oscu suunnitteli ensimm\u00e4isten joukossa my\u00f6s valotekniikkaa, jonka tavoitteena oli saada valot vaihtumaan eri v\u00e4risiksi joka kolmas sekunti.<\/p>\n\n\n\n<p>Diskoteekki-idea levisi 1960-luvun lopulla kaikkialle Suomeen. Nuorisolle ja opiskelijoille suunnattuja menomestoja ilmaantui ensin isompiin kaupunkeihin kuten Tampere, Turku ja Oulu. Uuteen ilmi\u00f6\u00f6n tarttuivat my\u00f6s nuorison parissa ty\u00f6skentelev\u00e4t, jotka halusivat teinit valvottuihin sis\u00e4tiloihin.<\/p>\n\n\n\n<p><strong>Koulun konvissa soi<\/strong><\/p>\n\n\n\n<p><strong>Er\u00e4s pitk\u00e4n linjan DJ muistelee:<\/strong><\/p>\n\n\n\n<p>&#8211; Meik\u00e4l\u00e4isen &#8211; ja varmaan monen muunkin &#8211; ensimm\u00e4iset kokemukset diskoteekeist\u00e4 olivat oman koulun teinikunnan <strong>konventit<\/strong>, jotka olivat yhden sortin ohjelmallisia iltamia. Konvia j\u00e4rjestettiin, jotta oman koulun oppilaat pysyisiv\u00e4t poissa kulmilta ja kartsalta, poissa pahanteosta. Silloin kaikki kodin ulkopuolella, kadulla tapahtuva luokiteltiin enemm\u00e4n tai v\u00e4hemm\u00e4n pahanteoksi, vaikka yleens\u00e4 se ei ollut seisoskelua, hengailua kummempaa. Koska kyse oli koulun kemuista, t\u00e4m\u00e4 tapahtui tietysti talvella. Meill\u00e4 p\u00e4in talvet olivat viel\u00e4 silloin oikeita talvia, pitki\u00e4 ja tosi kylmi\u00e4. V\u00e4ki v\u00e4rj\u00f6tteli tiukoissa farmareissa ja lyhyiss\u00e4 karvakauluspusakoissa, tietysti ilmanpipoa tai karvahattua. Jotkut ajoivat mopolla, jos pakkasta oli v\u00e4hemm\u00e4n kuin kymmenen astetta.<\/p>\n\n\n\n<p>&#8211; Koulun \u201dkonvaan\u201dsaapui sitten ilmiel\u00e4v\u00e4 disc-jockey, jolla oli ulkomaalaiselta kalskahtava nimi, elettiinh\u00e4n Beatles-yhtyeen lopun aikoja. Koulun kaikuvassa ala-aulassa, jossa normaalisti pidettiin aamuhartauksia ja pelattiin talvisin lentopalloa, j\u00e4rjestettiin suuren maailman malliin discotheque.<\/p>\n\n\n\n<p>&#8211; Disc-jockeyll\u00e4 oli lierihattu, mursunviikset ja viimeisint\u00e4 muotia olevat kuteet. Mukana oli muutama hyv\u00e4nn\u00e4k\u00f6inen kiltsi, tyt\u00f6t olivat silloin kiltsej\u00e4, sek\u00e4 nippu aikakauden suosituimpia jyt\u00e4levyj\u00e4, hevi oli silloin jyt\u00e4\u00e4.<\/p>\n\n\n\n<p>&#8211; Isot pojat, ehk\u00e4 per\u00e4ti 16-vuotiaat, olivat onnistuneet salakuljettamaan povitaskuissaan juovutusaineita. Niit\u00e4 nautiskeltiin alakerran vessassa, jonka t\u00e4ytti sankka tupakansavu. Elettiinh\u00e4n aikaa ennen koulun omia tupakkatiloja, jotka saatiin kouluneuvostojen ja koulu-demokratia-pelleilyn my\u00f6t\u00e4, kun tupakoinnista tuli jokamiehen oikeus. Oi niit\u00e4 aikoja. Nyth\u00e4n kessuttelijat on karkotettu kaikista sis\u00e4tiloista. Vessassa pullo kiersi ringiss\u00e4 ja irvisteltiin vain. Kierrossa oli aikakauden \u00e4reit\u00e4 aineita kuten minttulik\u00f6\u00f6ri\u00e4, vinettoa, nordforssia ja gambinaa, joiden hy\u00f6tysuhde oli kohdallaan.Tosimies ei vedest\u00e4 maksa. Kun kokemattomuus, tiet\u00e4m\u00e4tt\u00f6myys ja testosteroni yhdistettiin ensik\u00e4nniin, illan mittaan l\u00f6ytyi koulun nurkista v\u00e4s\u00e4ht\u00e4neit\u00e4 ja sekavia poikia. Tolpillaan pysyv\u00e4t roudattiin virkist\u00e4v\u00e4\u00e4n -20 asteen pakkasilmaan, sammuneimmille tilattiin kotiv\u00e4ki noutamaan.<\/p>\n\n\n\n<p>Disc-jockey soitti levyj\u00e4, maanitteli teinej\u00e4 go-go-tanssin py\u00f6rteisiin, josta mallia n\u00e4yttiv\u00e4t mukana olevat kiltsit. Kuten kaikki tiet\u00e4v\u00e4t, teinit eiv\u00e4t l\u00e4hde tanssimaan, kun niill\u00e4 on murrosi\u00e4n pahin ahistus p\u00e4\u00e4ll\u00e4. Seesteiseen seurusteluun edenneet, siis isot ja kokeneet, ryhtyiv\u00e4t hytkym\u00e4\u00e4n soul-hittien kohdalla. Loppuillasta saatiin aikaan jotain hiihtoa Beatlesien Come Toget-herin ja Hey Juden soidessa. Mutta kyll\u00e4 se oli enemm\u00e4n sellaista kyr\u00e4ily\u00e4 ja musiikin kuuntelua kuin armotonta bailaamista.<\/p>\n\n\n\n<p>J\u00e4lkeenp\u00e4in meille selvisi, ett\u00e4 illan show oli j\u00e4rjestetty paikallisin voimin. Disc-jockey oli t\u00f6iss\u00e4 vaatekaupassa ja go-go-tyt\u00f6t olivat h\u00e4nen tytt\u00f6kaverinsa ja sen frendi. Levyt oli lainattu kavereilta. Eih\u00e4n kell\u00e4\u00e4n ollut paljon levyj\u00e4, kun ne maksoivat ty\u00f6miehen p\u00e4iv\u00e4palkan verran. Samoja levyj\u00e4 soitettiin pitk\u00e4\u00e4n, niiden kansia ihailtiin, sanat opeteltiin ulkoa ja haettiin niiden salaisia merkityksi\u00e4.<\/p>\n","protected":false},"excerpt":{"rendered":"<p>Suomen ensimm\u00e4inen diskoteekki Club Discoteca aloitti helmikuussa 1966 Kulosaaren Casinolla. Tiskijukkien kunniagalleria, DJ Hall of Fame luovutti asian johdosta Casinolle&#8230;<\/p>\n","protected":false},"author":2,"featured_media":0,"parent":0,"menu_order":0,"comment_status":"closed","ping_status":"closed","template":"","meta":[],"_links":{"self":[{"href":"https:\/\/www.hitit.fi\/index.php\/wp-json\/wp\/v2\/pages\/10498"}],"collection":[{"href":"https:\/\/www.hitit.fi\/index.php\/wp-json\/wp\/v2\/pages"}],"about":[{"href":"https:\/\/www.hitit.fi\/index.php\/wp-json\/wp\/v2\/types\/page"}],"author":[{"embeddable":true,"href":"https:\/\/www.hitit.fi\/index.php\/wp-json\/wp\/v2\/users\/2"}],"replies":[{"embeddable":true,"href":"https:\/\/www.hitit.fi\/index.php\/wp-json\/wp\/v2\/comments?post=10498"}],"version-history":[{"count":1,"href":"https:\/\/www.hitit.fi\/index.php\/wp-json\/wp\/v2\/pages\/10498\/revisions"}],"predecessor-version":[{"id":10503,"href":"https:\/\/www.hitit.fi\/index.php\/wp-json\/wp\/v2\/pages\/10498\/revisions\/10503"}],"wp:attachment":[{"href":"https:\/\/www.hitit.fi\/index.php\/wp-json\/wp\/v2\/media?parent=10498"}],"curies":[{"name":"wp","href":"https:\/\/api.w.org\/{rel}","templated":true}]}}