{"id":10543,"date":"2025-01-12T17:11:18","date_gmt":"2025-01-12T15:11:18","guid":{"rendered":"https:\/\/www.hitit.fi\/?page_id=10543"},"modified":"2025-01-12T17:11:18","modified_gmt":"2025-01-12T15:11:18","slug":"valoa-diskokansalle-jo-yli-40-vuotta","status":"publish","type":"page","link":"https:\/\/www.hitit.fi\/index.php\/valoa-diskokansalle-jo-yli-40-vuotta\/","title":{"rendered":"<strong>Valoa diskokansalle jo yli 40 vuotta<\/strong>"},"content":{"rendered":"\n<blockquote class=\"wp-block-quote\">\n<figure class=\"wp-block-image size-large\"><img decoding=\"async\" loading=\"lazy\" width=\"1024\" height=\"576\" src=\"https:\/\/www.hitit.fi\/wp-content\/uploads\/2025\/01\/disko50B-1024x576.jpg\" alt=\"\" class=\"wp-image-10545\" srcset=\"https:\/\/www.hitit.fi\/wp-content\/uploads\/2025\/01\/disko50B-1024x576.jpg 1024w, https:\/\/www.hitit.fi\/wp-content\/uploads\/2025\/01\/disko50B-300x169.jpg 300w, https:\/\/www.hitit.fi\/wp-content\/uploads\/2025\/01\/disko50B-768x432.jpg 768w, https:\/\/www.hitit.fi\/wp-content\/uploads\/2025\/01\/disko50B-1536x864.jpg 1536w, https:\/\/www.hitit.fi\/wp-content\/uploads\/2025\/01\/disko50B-2048x1152.jpg 2048w\" sizes=\"(max-width: 1024px) 100vw, 1024px\" \/><\/figure>\n<\/blockquote>\n\n\n\n<blockquote class=\"wp-block-quote\">\n<p>Syksyll\u00e4 1982 oli <strong>Rovaniemell\u00e4<\/strong> lukiossa er\u00e4s kaveri, joka teki dj-hommia kouludiskoissa ja ravintoloissa. H\u00e4n oli n\u00e4hnyt minun kotihuoneen katossa v\u00e4rilamppuja, joita ohjattiin rakennussarjasta tekem\u00e4ll\u00e4ni nelikanavaisella ohjaimella. Airamin E27 -v\u00e4rilamppuja oli 16 kappaletta. Tuli puheeksi, ett\u00e4 pit\u00e4isi tehd\u00e4 tuollainen ohjain keikkak\u00e4ytt\u00f6\u00f6n. No sellainen sitten tehtiin, kotelo keinonahalla p\u00e4\u00e4llystetyst\u00e4 lastulevyst\u00e4 IP 20(!).<\/p>\n<\/blockquote>\n\n\n\n<blockquote class=\"wp-block-quote\">\n<p><\/p>\n<\/blockquote>\n\n\n\n<blockquote class=\"wp-block-quote\">\n<p>Ensimm\u00e4inen keikka oli alkuvuonna 1983. Lamppuina oli kaverini is\u00e4n. koulun talonmiehen n\u00e4ytt\u00e4m\u00f6valaisimista tekem\u00e4t lamput, joissa oli PAR38 -tyyppiset v\u00e4rivalot, ihan tehtaan tekem\u00e4ll\u00e4 v\u00e4ripinnalla. Omiakin v\u00e4rj\u00e4ysyrityksi\u00e4 tehtiin vaihtelevalla menestyksell\u00e4.<\/p>\n<\/blockquote>\n\n\n\n<blockquote class=\"wp-block-quote\">\n<p><\/p>\n<\/blockquote>\n\n\n\n<blockquote class=\"wp-block-quote\">\n<p>Vuosina 1983 &#8211; 1985 valmistui keikkak\u00e4yt\u00f6\u00f6n valosysteemej\u00e4 kuten UV-putket ymp\u00e4ris\u00e4teilev\u00e4ll\u00e4 koteloinnilla, strobovaloja, mitoitusvirheen takia lyhytik\u00e4iseksi j\u00e4\u00e4nyt v\u00e4rilamppuletku, PAR56 lamppuja omatekoisilla koteloilla ja tietysti ne peilipallot valaisimineen. Tuohon aikaan diskolaitteet olivat eritt\u00e4in kalliita, UV-putki maksoi 300 mk, isommat peilipallot pari tonnia. Toiminnan luonteesta johtuen ei ollut muuta vaihtoehtoa kuin tehd\u00e4 itse kaikki mahdollinen. Ja lukiossahan oli aikaa, varsinkin kun siell\u00e4 tuli oltua kuusi vuotta. Osa metallit\u00f6ist\u00e4 tehtiin kansalaisopiston metallity\u00f6kurssilla, jossa oli suurinpana haasteena yritt\u00e4\u00e4 salata hartaalta lestadiolaiselta opettajalta, ett\u00e4 mit\u00e4 ihmett\u00e4 t\u00e4ss\u00e4 nyt oikein on tekeill\u00e4.<\/p>\n<\/blockquote>\n\n\n\n<blockquote class=\"wp-block-quote\">\n<p><\/p>\n<\/blockquote>\n\n\n\n<blockquote class=\"wp-block-quote\">\n<p>Muutama vuosi tehtiin kouludiskoja sek\u00e4 lukuisia kotibileit\u00e4 eik\u00e4 siis pahemmin h\u00e4iritty paikkakunnan varsinaisia ammattilaisia. Er\u00e4\u00e4lle sellaiselle myin sitten jotain mik\u00e4 sille kelpasi, kun l\u00e4hdin armeijaan syksyll\u00e4 1987. Er\u00e4it\u00e4 lastulevykoteloisia valolaatikoita my\u00f6s romutin tuossa vaiheessa, kun homman voitiin katsoa loppuneen. Miss\u00e4\u00e4n vaiheessa en harkinnut varsinaiseksi ammattilaiseksi ryhtymist\u00e4, kun kuitenkin olin l\u00e4helt\u00e4 seurannut isompien poikien toimintaa ja kalustopaljoutta. PA-laitteet varsinkin olivat tuohon aikaan valtavan kokoisia ja painavia.<\/p>\n<\/blockquote>\n\n\n\n<blockquote class=\"wp-block-quote\">\n<p><\/p>\n<\/blockquote>\n\n\n\n<blockquote class=\"wp-block-quote\">\n<p><strong>Kuopioon<\/strong><\/p>\n<\/blockquote>\n\n\n\n<blockquote class=\"wp-block-quote\">\n<p><\/p>\n<\/blockquote>\n\n\n\n<blockquote class=\"wp-block-quote\">\n<p>Sitten tuli paikkakunnalta muutto ja kotiel\u00e4m\u00e4n leikkimisyritys Kuopion Retkeilij\u00e4ntiell\u00e4. Ja pitk\u00e4hk\u00f6ksi ven\u00e4ht\u00e4neet opiskelut(?) <strong>Tekussa<\/strong>. No kun ne kattilat meni jakoon, syntyi uusi tilanne. Jotenkin sitten l\u00f6ysin <strong>Kutopin<\/strong> ja ilmoittauduin huvihommiin. Laitteitahan oli j\u00e4\u00e4nyt jemmaan sen verran, ett\u00e4 saatiin <strong>Ty\u00f6nkulmalle<\/strong> v\u00e4h\u00e4n valoa, jotain telineit\u00e4 piti tietysti valmistaa. Minullahan on aina ollut se periaate, ett\u00e4 hy\u00f6dynnet\u00e4\u00e4n mahdollisimman paljon juhlatilan ominaisuuksia, kiinnitell\u00e4\u00e4n laitteita kattoon, seiniin, porataan reiki\u00e4 yms. Siis v\u00e4ltet\u00e4\u00e4n lattialla olevia kolmijalkaisia telinerakenteita.<\/p>\n<\/blockquote>\n\n\n\n<blockquote class=\"wp-block-quote\">\n<p><\/p>\n<\/blockquote>\n\n\n\n<blockquote class=\"wp-block-quote\">\n<p>Tekun jutuissa tuli py\u00f6ritty\u00e4 vuoteen 2003 asti, jolloin j\u00e4rjestettiin viimeiseksi j\u00e4\u00e4nyt nime\u00e4\u00e4nkin vaihtanut 24TL- tyyppinen tapahtuma, joka ei siis en\u00e4\u00e4 ollut Kutopin j\u00e4rjest\u00e4m\u00e4. Uutena aluevaltauksena oli <strong>Koton, <\/strong>sittemmin <strong>Muotoiluakatemian<\/strong> pukun\u00e4yt\u00f6kset, joissa olin mukana 2000 &#8211; 2007.<\/p>\n<\/blockquote>\n\n\n\n<blockquote class=\"wp-block-quote\">\n<p><\/p>\n<\/blockquote>\n\n\n\n<blockquote class=\"wp-block-quote\">\n<p>Vuonna 2006 aloitin toiminimiyritt\u00e4jyyden apuv\u00e4linealalla kaikessa laajuudessaan. Aputoiminimeksi perustettiin <strong>Kuopion Keinovalo<\/strong>, t\u00e4m\u00e4 selkeytti laskutusta. Minullahan oli nyt sitten lopultakin oma metallipaja, jossa syntyi j\u00e4lleen uutta kalustoa, kun en\u00e4\u00e4 ei voitu jatkaa pelk\u00e4st\u00e4\u00e4n &#8221;polven p\u00e4\u00e4ll\u00e4&#8221; tehtyjen laitteiden kanssa. Ja ennen kaikkea, nyt alkoi saada k\u00e4ytettyn\u00e4 pikkurahalla niit\u00e4 vehkeit\u00e4, joista lukiossa haaveiltiin, valo-ohjaimia, himmentimi\u00e4, isompia stroboja, savukoneita yms. Ja ne oli viel\u00e4 laatuvalmistajien tuotteita ja t\u00e4ysin korjauskelpoisia. Lis\u00e4ksi alkuaikojen DJ-kaverini oli ravintolahommissa ja sain sit\u00e4 kautta k\u00e4yt\u00f6st\u00e4 poistettua moderninpaa valotekniikkaa. Siis n\u00e4it\u00e4 liikkuvia valoja. Niit\u00e4kin on joissakin projekteissa k\u00e4ytetty, vaikka ne tavallaan pilasivat baarien ja konserttien ilmeen, kun valokeilojen levottomasta liikuttelusta tuli kaikkialla valoshown p\u00e4\u00e4asia.<\/p>\n<\/blockquote>\n\n\n\n<blockquote class=\"wp-block-quote\">\n<p><\/p>\n<\/blockquote>\n\n\n\n<blockquote class=\"wp-block-quote\">\n<p>T\u00e4m\u00e4 Kuopion Keinovalo on samalla my\u00f6s er\u00e4\u00e4nlainen koe, jossa selvitet\u00e4\u00e4n sit\u00e4, ett\u00e4 kuinka paljon keikkaa tulee sill\u00e4 systeemill\u00e4, ett\u00e4 ei varsinaisesti mainosteta miss\u00e4\u00e4n. No joo, onhan toki ollut jonkinlainen nettisivu ja jopa fb, joka tehtiin ett\u00e4 jotkut takavuosien kaverit n\u00e4kee miss\u00e4 menn\u00e4\u00e4n&#8230; Mutta siis periaatteessa puskaradiolla on menty.<\/p>\n<\/blockquote>\n\n\n\n<blockquote class=\"wp-block-quote\">\n<p><\/p>\n<\/blockquote>\n\n\n\n<blockquote class=\"wp-block-quote\">\n<p>Vuosina 2007 &#8211; 2014 Kuopiossa oli suhteellisen aktiivisia ns. konemusiikin harrastajia, johon porukkaan jotenkin kulkeuduttiin. N\u00e4iss\u00e4 varsinkin Kuopion Nuorisokeskuksella, (nykyisin <strong>Kulttuuriareena 44<\/strong>) tehtiin kaikkein n\u00e4ytt\u00e4vimm\u00e4t valaisuprojektimme. Mutta kun n\u00e4m\u00e4 p\u00e4\u00e4puuhamiehet aikuistuivat, niin nekin hommat ovat ainakin toistaiseksi loppuneet.<\/p>\n<\/blockquote>\n\n\n\n<blockquote class=\"wp-block-quote\">\n<p><\/p>\n<\/blockquote>\n\n\n\n<blockquote class=\"wp-block-quote\">\n<p>Mik\u00e4 on tilanne nyt? Kulkeuduin noin 15 vuotta sitten fiftariporukoihin, joissa piireiss\u00e4 teen suurimman osan nykyisist\u00e4 DJ-keikoistani tekulaisten aikanaan antamalla taiteilijanimell\u00e4 <strong>DJ RokkiPekka.<\/strong> P\u00e4\u00e4tapahtumana on ollut vuodesta 2010 l\u00e4htien j\u00e4rjestetty <strong>Ladybug Rock&#8217;n&#8217;Roll Weekender<\/strong>, joka siis on korona-aikaa lukuunottamatta j\u00e4rjestetty <strong>Lepp\u00e4virran Vesileppiksess\u00e4<\/strong> aina tammi-helmikuun vaihteessa. Siell\u00e4 on \u00e4\u00e4rimmilleen viety lavavalaistus, joka perustuu vanhanliiton tekniikkaan ja on siin\u00e4 my\u00f6s mukana ensimm\u00e4isen vaiheen led-teknologiaa.<\/p>\n<\/blockquote>\n\n\n\n<blockquote class=\"wp-block-quote\">\n<p><\/p>\n<\/blockquote>\n\n\n\n<blockquote class=\"wp-block-quote\">\n<p>Viimeisimp\u00e4n\u00e4 projektina on ollut &#8221;VW Transporter mobile DJ RokkiPekka Show&#8221;, jossa siis soitetaan vinyylilevyilt\u00e4 musiikkia rokkibileiden parkki\/telttamajoituspaikalla pakettiautoon konstruoidulla laitteistolla.<\/p>\n<\/blockquote>\n\n\n\n<blockquote class=\"wp-block-quote\">\n<p><\/p>\n<\/blockquote>\n\n\n\n<blockquote class=\"wp-block-quote\">\n<p>T\u00e4m\u00e4 kirjoitus sis\u00e4lt\u00e4\u00e4 riitt\u00e4v\u00e4sti hakusanoja, joiden avulla l\u00f6ytyy materiaalia, josta kyll\u00e4 selvi\u00e4\u00e4 mist\u00e4 t\u00e4ss\u00e4 hommassa on kysymys. Alkuajat ja Tekun aikaiset projektit viel\u00e4 puuttuvat, mutta niidenkin aika tulee viel\u00e4.<\/p>\n<\/blockquote>\n\n\n\n<blockquote class=\"wp-block-quote\">\n<p><\/p>\n<\/blockquote>\n\n\n\n<blockquote class=\"wp-block-quote\">\n<p><strong>DJ RokkiPekka \/Pekka Forsstr\u00f6m&nbsp;<\/strong><\/p>\n<\/blockquote>\n","protected":false},"excerpt":{"rendered":"<p>Syksyll\u00e4 1982 oli Rovaniemell\u00e4 lukiossa er\u00e4s kaveri, joka teki dj-hommia kouludiskoissa ja ravintoloissa. H\u00e4n oli n\u00e4hnyt minun kotihuoneen katossa v\u00e4rilamppuja,&#8230;<\/p>\n","protected":false},"author":2,"featured_media":0,"parent":0,"menu_order":0,"comment_status":"closed","ping_status":"closed","template":"","meta":[],"_links":{"self":[{"href":"https:\/\/www.hitit.fi\/index.php\/wp-json\/wp\/v2\/pages\/10543"}],"collection":[{"href":"https:\/\/www.hitit.fi\/index.php\/wp-json\/wp\/v2\/pages"}],"about":[{"href":"https:\/\/www.hitit.fi\/index.php\/wp-json\/wp\/v2\/types\/page"}],"author":[{"embeddable":true,"href":"https:\/\/www.hitit.fi\/index.php\/wp-json\/wp\/v2\/users\/2"}],"replies":[{"embeddable":true,"href":"https:\/\/www.hitit.fi\/index.php\/wp-json\/wp\/v2\/comments?post=10543"}],"version-history":[{"count":2,"href":"https:\/\/www.hitit.fi\/index.php\/wp-json\/wp\/v2\/pages\/10543\/revisions"}],"predecessor-version":[{"id":10546,"href":"https:\/\/www.hitit.fi\/index.php\/wp-json\/wp\/v2\/pages\/10543\/revisions\/10546"}],"wp:attachment":[{"href":"https:\/\/www.hitit.fi\/index.php\/wp-json\/wp\/v2\/media?parent=10543"}],"curies":[{"name":"wp","href":"https:\/\/api.w.org\/{rel}","templated":true}]}}