{"id":10580,"date":"2025-02-08T12:56:11","date_gmt":"2025-02-08T10:56:11","guid":{"rendered":"https:\/\/www.hitit.fi\/?page_id=10580"},"modified":"2025-02-08T12:58:44","modified_gmt":"2025-02-08T10:58:44","slug":"goom-risteilyt-huh-huh","status":"publish","type":"page","link":"https:\/\/www.hitit.fi\/index.php\/goom-risteilyt-huh-huh\/","title":{"rendered":"Goom-risteilyt&#8230; huh huh!"},"content":{"rendered":"\n<p>Yht\u00e4kki\u00e4 ja yll\u00e4tt\u00e4en&#8230; 25 vuotta ja muutama viikko sitten sain puhelun, joka resonoi omalla tavallaan vahvasti viel\u00e4 t\u00e4n\u00e4kin p\u00e4iv\u00e4n\u00e4 mun arjessa sek\u00e4 ty\u00f6ss\u00e4 ja ajattelin siit\u00e4 nyt v\u00e4h\u00e4n kertoa.<\/p>\n\n\n\n<figure class=\"wp-block-image size-large\"><img decoding=\"async\" loading=\"lazy\" width=\"1024\" height=\"683\" src=\"https:\/\/www.hitit.fi\/wp-content\/uploads\/2025\/02\/anselmikuusisto-1-1024x683.jpg\" alt=\"\" class=\"wp-image-10583\" srcset=\"https:\/\/www.hitit.fi\/wp-content\/uploads\/2025\/02\/anselmikuusisto-1-1024x683.jpg 1024w, https:\/\/www.hitit.fi\/wp-content\/uploads\/2025\/02\/anselmikuusisto-1-300x200.jpg 300w, https:\/\/www.hitit.fi\/wp-content\/uploads\/2025\/02\/anselmikuusisto-1-768x512.jpg 768w, https:\/\/www.hitit.fi\/wp-content\/uploads\/2025\/02\/anselmikuusisto-1-120x80.jpg 120w, https:\/\/www.hitit.fi\/wp-content\/uploads\/2025\/02\/anselmikuusisto-1-255x170.jpg 255w, https:\/\/www.hitit.fi\/wp-content\/uploads\/2025\/02\/anselmikuusisto-1-345x230.jpg 345w, https:\/\/www.hitit.fi\/wp-content\/uploads\/2025\/02\/anselmikuusisto-1.jpg 1440w\" sizes=\"(max-width: 1024px) 100vw, 1024px\" \/><\/figure>\n\n\n\n<p>Tuo soittaja silloin oli Jamboree Musicin <strong>Niko Lintukorpi,<\/strong> joka kysyi: &#8221;Kiinnostaisiko l\u00e4hte\u00e4 v\u00e4h\u00e4n opiskelijaristeilem\u00e4\u00e4n?&#8221; En ihan tarkalleen tiennyt mist\u00e4 oli kyse, mutta tottakai duunit kelpasivat ja kysyin koska l\u00e4hdet\u00e4\u00e4n? Olin tuossa kohtaa soittanut vasta noin puolisen vuotta p\u00e4\u00e4toimisesti keikkoja ja ajattelin, ett\u00e4 t\u00e4st\u00e4h\u00e4n saattaisi ehk\u00e4 olla hy\u00f6ty\u00e4 tulevaisuudessa. Ja jos ei muuta, niin varmasti jokunen hieno muisto j\u00e4\u00e4 ja kyll\u00e4h\u00e4n siit\u00e4 joku korvauskin maksetaan.<\/p>\n\n\n\n<p>Enp\u00e4 osannut kuvitella, ett\u00e4 oikeastaan kaikki, mit\u00e4 ammatissani tulen tekem\u00e4\u00e4n seuraavan 25 vuoden aikana ja mik\u00e4 on el\u00e4m\u00e4ntilanteeni t\u00e4ll\u00e4 hetkell\u00e4, on tavalla tai toisella seurausta tuosta Nikon puhelusta.<\/p>\n\n\n\n<p>Noniin&#8230; 25 vuotta sitten, t\u00e4ll\u00e4 p\u00e4iv\u00e4m\u00e4\u00e4r\u00e4ll\u00e4, helmikuun 7. p\u00e4iv\u00e4n\u00e4, aurinkoisessa pakkasaamussa saavuin sitten Kouvolan juna-asemalle. Laiturilla t\u00f6rm\u00e4sin yll\u00e4tt\u00e4en paikalliseen, jo silloiseen lajilegendaan <strong>DJ Toukkaan.<\/strong><\/p>\n\n\n\n<p>Olimme kyll\u00e4 Toukan (aka Mika Juhani) kanssa hyv\u00e4n p\u00e4iv\u00e4n tuttuja Donna K:sta (ja surullisen kuuluisasta Lahden Roomasta), mutta nyt olin l\u00e4hd\u00f6ss\u00e4 suuresti fanittamani soittajan kanssa yhdess\u00e4 keikalle. Laivalle saavuttuamme alkoi poskia kuumottaa kun meininki alkoi selvi\u00e4m\u00e4\u00e4n. Saapuville opiskelijoille jaettiin laivaan noustessa kondomeja ja heti sis\u00e4\u00e4ntuloaulassa oli ensimm\u00e4isen\u00e4 ohjelmanumerona kaljanjuontikilpailu.<\/p>\n\n\n\n<p>Sitten alkoi my\u00f6s valjeta konkreettisesti, mihin porukkaan olin l\u00e4htenyt mukaan, kun samaan palaveriin tupsahti juontajana toiminut Radio Mafian <strong>Jusu Lounela,<\/strong> DJ:t <strong>Kalle Miettinen<\/strong> ja <strong>Mikko \u201dPeltsi\u201d Peltola<\/strong>, Screen-klubin <strong>Juha &#8221;Mad Jay&#8221; Mellin<\/strong> ja viimosen p\u00e4\u00e4lle herrasmies, <strong>Anssi \u201dDj Tanssi\u201d J\u00e4rvinen<\/strong>. Toki paikalla oli muitakin sen ajan kovimpia soittajia niin ravintola kuin klubipuoleltakin, mutta n\u00e4it\u00e4 kavereita arvostin ja arvostan edelleen todella isosti.<\/p>\n\n\n\n<p>Ei ollut yksi tai kaksi kertaa, kun siin\u00e4 viikon aikana mietin, ett\u00e4 mit\u00e4 hittoa min\u00e4 teen siell\u00e4 heid\u00e4n kanssaan, samojen soittimien takana ja saman yleis\u00f6n edess\u00e4? Nopeasti kuitenkin l\u00f6ydettiin yhteiset s\u00e4velet vaikka n\u00e4m\u00e4 DJ:t olivat soittaneet jo koko ys\u00e4rin Suomen ykk\u00f6s y\u00f6kerhoja, klubeja ja kiertueita. Tehneet radiota ja ehtineet soittamaan maailman t\u00e4htienkin kanssa, paljon ennen kuin m\u00e4 olin edes koskenut ekan kerran DJ-soittimiin.<\/p>\n\n\n\n<p>Yksi musiikillisesti hienoimpia her\u00e4\u00e4misi\u00e4 nuorelle Anselmille oli, kun istuttiin mun ensimm\u00e4isen keikan j\u00e4lkeen hyttien edess\u00e4 k\u00e4yt\u00e4v\u00e4ll\u00e4 Peltsin ja Kalle Miettisen kanssa.<\/p>\n\n\n\n<p>Juotiin kaljaa ja juteltiin kaikenlaista musiikista ja v\u00e4h\u00e4n sen vierest\u00e4kin. Tuohon aikaan elektronisen tanssimusiikin eri tyylisuuntaukset alagenreineen olivat meik\u00e4l\u00e4iselle aivan tuntemattomia ja kun Miettisen Kalle hoksasi t\u00e4m\u00e4n, h\u00e4n sanoi: &#8221;Sulla ei taida olla mit\u00e4\u00e4n hajua n\u00e4ist\u00e4 klubimusa hommista? Otappa kuule aamulla nelj\u00e4n aikaan koppa kaljaa mukaan ja tuu discon DJ-koppiin!&#8221;<\/p>\n\n\n\n<p>N\u00e4in tehtiin ja sin\u00e4 aamuna Kalle soitti yleisimm\u00e4t housen, trancen, technon ja hardimman musan tyylisuunnat l\u00e4pi ja tuhottiin se kaljakoppa siin\u00e4 samalla. Monet biiseist\u00e4 olivat kyll\u00e4 tuttuja Donna K:n tanssilattialta, mutta ei mit\u00e4\u00e4n hajua, mit\u00e4 genre\u00e4 ne edustivat. Siihen aikaan mulle riitti, ett\u00e4 musiikki oli vain hyv\u00e4\u00e4 ja se soi oikeassa kontekstissa! Ja niin se on muuten edelleenkin. T\u00e4m\u00e4n aamu\u00f6isen session j\u00e4lkeen tiesin, ett\u00e4 tykk\u00e4\u00e4n housesta, mink\u00e4 olin aikaisemmin m\u00e4\u00e4ritellyt jonkinlaiseksi &#8221;uudeksi discoksi&#8221; ja t\u00e4st\u00e4 eteenp\u00e4in aloin ajattelemaan tanssimusiikkia paljon monimuotoisempana ja monimuotoisemmin. Jos mulla nyt ikin\u00e4 on ollut mit\u00e4\u00e4n omaa juttua, niin t\u00e4ss\u00e4 kohtaa sekin alkoi viimeist\u00e4\u00e4n hahmottua.<\/p>\n\n\n\n<p>Vuonna 2000 Goom-risteilyt olivat 7.-11.2. Siis nelj\u00e4 l\u00e4ht\u00f6\u00e4 Viking Linen ms\/ Cinderellalla ja kotisatama Helsingiss\u00e4. Siell\u00e4 juotiin siideri\u00e4 (jos hytin j\u00e4\u00e4kapissa oli), Olvia ja Minttuviinaa sek\u00e4 vedettiin Lucky Strikea niin, ett\u00e4 per\u00e4p\u00e4\u00e4st\u00e4 nousi savu. No itse en vet\u00e4nyt, mutta sit\u00e4 oli siell\u00e4 esill\u00e4 joka kulmassa! Tottakai jengi pukeutui silloinkin hassuihin asusteisiin (my\u00f6s alastomuus oli hyvin vahvasti l\u00e4sn\u00e4, koska kameroilla ei silloin viel\u00e4 voinut soittaa) ja osallistui Goom-Showhun hillitt\u00f6mill\u00e4 esityksill\u00e4. Itsekin raahasin levypakkien lis\u00e4ksi pari l\u00e4tk\u00e4kassillista erilaisia asusteita, kukkamekoista ja rintsikoista, flanelliseen y\u00f6pukuun, nahkaliiveihin ja koppalakkiin. Ja mit\u00e4 nyt vaan \u201dhassuksi\u201d luokiteltiin..<\/p>\n\n\n\n<p>Jusu veti Bronx-turistikierroksia laivan alimmissa kerroksissa, Hemma Beast j\u00e4rjesti keikallaan it\u00e4-meren hulluimmat toogabileet ja bodypainting-kisassa todistettiin, ett\u00e4 jumala tai \u00e4iti ei todellakaan ollut sill\u00e4 laivalla mukana, tai edes mieless\u00e4. Peltsi piti saunabileit\u00e4 n\u00e4k\u00f6alahississ\u00e4, joku lauloi Maamme-laulun ja Anssin ja Toukan iltap\u00e4iv\u00e4keikalla syntyi legendaarinen: &#8221;paska biisi, ihan paska&#8221;.<\/p>\n\n\n\n<p>Monet sanovat, ett\u00e4 juurikin n\u00e4m\u00e4 Cinderellan vuodet olivat ne parhaimmat vuodet kyseisen tapahtuman historiassa. Laiva oli l\u00e4hes joka kerta loppuunmyyty ja jos joku on ollut rakkauden laiva, niin kyll\u00e4 se oli Cinderella Goomien aikana! Goom-Majan <strong>Marko Liminka<\/strong> ja <strong>Janne Andersin<\/strong> sek\u00e4 Niko Lintukorpi, yhdess\u00e4 korvaamattoman ja maailman ihanimman Goom-Staffin kanssa rakensivat risteilyj\u00e4 suurella syd\u00e4mell\u00e4, rakkaudesta lajiin. Kriteerit olivat korkealla ja b\u00e4ndit, tiskijukat, juontajat sek\u00e4 teknikot risteilyill\u00e4 olivat tuohon aikaan parasta, mit\u00e4 Suomessa pystyi saamaan. Sit\u00e4 ei painettu liukuhihnalta, vaan se oli k\u00e4sity\u00f6n ja rautaisen ammattitaidon tuotos!<\/p>\n\n\n\n<p>Jos jollain on tuon vuoden 2000 artistilista tallessa, niin hihkaiskoon! Tunnelma oli aina haikea, kun laivasta poistuttiin ja hyv\u00e4steltiin suurin osa n\u00e4ist\u00e4 Goom-yst\u00e4vist\u00e4. Jotkut jopa vuodeksi, kunnes sitten taas mentiin.. Monien n\u00e4iden Cinderellan vuosien aikana tapaamieni ihmisten kanssa saan onneksi viel\u00e4kin tehd\u00e4 duunia, tai sitten muuten vaan ollaan viel\u00e4kin tekemisiss\u00e4 ja hyvi\u00e4 yst\u00e4vi\u00e4. Vaikkei vuosiin n\u00e4ht\u00e4isi, niin jutut jatkuu aina siit\u00e4 mihin viimeksi j\u00e4i.<\/p>\n\n\n\n<p>Mainitsin tuossa alkuun, ett\u00e4 tuo Nikolta saamani puhelu resonoi arjessani viel\u00e4kin vahvasti ja tulee tekem\u00e4\u00e4n sit\u00e4 t\u00e4st\u00e4 ajasta ikuisuuteen. Tuon puhelun syy-seurausketjussa ansaitsin mm. jonkinlaiset ammatilliset kannukset, joilla p\u00e4\u00e4sin my\u00f6hemmin yhdeksi Turun Hamburger B\u00f6rssin soittajista, josta taas jatkoin ensimm\u00e4iseen omaan DJ-residenssiin, avaamaan silloin uutta Mikkelin Night Vaakunaa.<\/p>\n\n\n\n<p>Edelleen tulee silloin t\u00e4ll\u00f6in keikkabuukkauksia ihmisilt\u00e4, joiden kanssa juotiin vuonna -2000 kaljaa hyttik\u00e4yt\u00e4v\u00e4ll\u00e4 tai minttuviinashotteja jonkun randomin 150-kiloisen pohjoisen pojan navasta, aamulla klo 7.38 ja tehtiin halukkaille brassivahauksia roudarinteipill\u00e4.<\/p>\n\n\n\n<p>Tapasin Goomilla ensimm\u00e4ist\u00e4 kertaa tulevan vaimoni ja lasteni \u00e4idin. Goom-johdannaisena p\u00e4\u00e4sin ensimm\u00e4iselle ulkomaan keikalleni, sek\u00e4 l\u00f6ysin itseni Ibizalta, joka sitten taas vaikutti meid\u00e4n Fiilis-klubin syntyyn, Baleaariseen musaan hurahtamiseen ja moneen muuhun klubimusa juttuun.<\/p>\n\n\n\n<p>My\u00f6s tiskijukkien SM-tittelin voitto Showmaster-kisassa vuonna 2000 irtosi jutuilla, jotka p\u00e4\u00e4osin saivat alkunsa ja kehittyiv\u00e4t tuolla risteilyll\u00e4. My\u00f6s mun osallisuus tiskijukkana Helsinginkadun approissa ja virallisilla Abiristeilyilla parin kymmenen vuoden ajan on ollut ja oli seurausta tuosta vuoden -2000 Goomista.<\/p>\n\n\n\n<p>Min\u00e4 ehdin soittamaan Goomeja 23 vuotta. Tarkkaa l\u00e4ht\u00f6jen m\u00e4\u00e4r\u00e4\u00e4 en tarkalleen tied\u00e4, mutta ehti niit\u00e4 tulla aika monta. Risteilyill\u00e4 k\u00e4vi my\u00f6s s\u00e4\u00e4nn\u00f6llisesti samaa jengi\u00e4 vuodesta toiseen ja t\u00e4m\u00e4n my\u00f6t\u00e4 n\u00e4ille (meille) vakkareille perustettiin <strong>SenioriGoomMatkaajaKlubi.<\/strong><\/p>\n\n\n\n<p>Vaikka Goomia ei en\u00e4\u00e4 ole, niin Goom-veteraanit jatkavat ja jaksavat viel\u00e4 omana yhteis\u00f6n\u00e4\u00e4n. Kaikkiaan heit\u00e4 on arviolta noin 130 j\u00e4sent\u00e4 (korjatkaa toki jos olen ihan v\u00e4\u00e4r\u00e4ss\u00e4!) ja ensi viikolla 15.2. aktiivisimmat ovatkin l\u00e4hd\u00f6ss\u00e4 pikkujouluristeilem\u00e4\u00e4n. En nyt muista tarkkaan, kuinka monta l\u00e4ht\u00f6\u00e4 piti olla, ett\u00e4 tuohon klubiin p\u00e4\u00e4see, mutta jos sinulla on niit\u00e4 yli 5 ja jos saman henkisten hullujen seura kiinnostaa, niin ota yhteytt\u00e4.<\/p>\n\n\n\n<p>Olikos meill\u00e4 hauskaa?<\/p>\n\n\n\n<p>No oli kyll\u00e4 &#8211; Hauskaa Aiwan Simppana!<\/p>\n\n\n\n<p><strong>DJ Anselmi Kuusisto<\/strong><\/p>\n","protected":false},"excerpt":{"rendered":"<p>Yht\u00e4kki\u00e4 ja yll\u00e4tt\u00e4en&#8230; 25 vuotta ja muutama viikko sitten sain puhelun, joka resonoi omalla tavallaan vahvasti viel\u00e4 t\u00e4n\u00e4kin p\u00e4iv\u00e4n\u00e4 mun&#8230;<\/p>\n","protected":false},"author":2,"featured_media":10581,"parent":0,"menu_order":0,"comment_status":"closed","ping_status":"closed","template":"","meta":[],"_links":{"self":[{"href":"https:\/\/www.hitit.fi\/index.php\/wp-json\/wp\/v2\/pages\/10580"}],"collection":[{"href":"https:\/\/www.hitit.fi\/index.php\/wp-json\/wp\/v2\/pages"}],"about":[{"href":"https:\/\/www.hitit.fi\/index.php\/wp-json\/wp\/v2\/types\/page"}],"author":[{"embeddable":true,"href":"https:\/\/www.hitit.fi\/index.php\/wp-json\/wp\/v2\/users\/2"}],"replies":[{"embeddable":true,"href":"https:\/\/www.hitit.fi\/index.php\/wp-json\/wp\/v2\/comments?post=10580"}],"version-history":[{"count":3,"href":"https:\/\/www.hitit.fi\/index.php\/wp-json\/wp\/v2\/pages\/10580\/revisions"}],"predecessor-version":[{"id":10587,"href":"https:\/\/www.hitit.fi\/index.php\/wp-json\/wp\/v2\/pages\/10580\/revisions\/10587"}],"wp:featuredmedia":[{"embeddable":true,"href":"https:\/\/www.hitit.fi\/index.php\/wp-json\/wp\/v2\/media\/10581"}],"wp:attachment":[{"href":"https:\/\/www.hitit.fi\/index.php\/wp-json\/wp\/v2\/media?parent=10580"}],"curies":[{"name":"wp","href":"https:\/\/api.w.org\/{rel}","templated":true}]}}