{"id":10703,"date":"2025-03-02T14:18:44","date_gmt":"2025-03-02T12:18:44","guid":{"rendered":"https:\/\/www.hitit.fi\/?page_id=10703"},"modified":"2025-03-02T14:18:44","modified_gmt":"2025-03-02T12:18:44","slug":"dj-hall-of-fame-dj-jupe-juha-lohi-r-i-p","status":"publish","type":"page","link":"https:\/\/www.hitit.fi\/index.php\/dj-hall-of-fame-dj-jupe-juha-lohi-r-i-p\/","title":{"rendered":"DJ Hall of Fame \/ DJ Jupe, Juha Lohi R.I.P."},"content":{"rendered":"\n<p>Oululainen <strong>DJ Jupe <\/strong>(12.4.1958 \u2013 30.12.2018) aloitti DJ-uransa syksyll\u00e4 1975 koulu- ja nuorisotalokeikalla. Varsinainen ammattiura k\u00e4ynnistyi oululaisessa <strong>Zivago<\/strong>-ravintolassa kes\u00e4kuun alussa 1976. Hulluimpina vuosina 1990-luvun alussa Jupe teki yli 300 keikkaa vuodessa.<\/p>\n\n\n\n<figure class=\"wp-block-image size-full\"><img decoding=\"async\" loading=\"lazy\" width=\"508\" height=\"720\" src=\"http:\/\/www.hitit.fi\/wp-content\/uploads\/2025\/03\/djjupelohi.jpg\" alt=\"\" class=\"wp-image-10704\" srcset=\"https:\/\/www.hitit.fi\/wp-content\/uploads\/2025\/03\/djjupelohi.jpg 508w, https:\/\/www.hitit.fi\/wp-content\/uploads\/2025\/03\/djjupelohi-212x300.jpg 212w\" sizes=\"(max-width: 508px) 100vw, 508px\" \/><\/figure>\n\n\n\n<p>DJ Jupe on harvoja levytt\u00e4neit\u00e4 tiskijukkia. Mainio vuoden 1991 <em><strong>Ratior\u00e4ppi<\/strong><\/em> (s\u00e4v. &amp; sov. Heikki Hakola, san. Juha Lohi) soi edelleenkin radioissa ja tuo muistoja mieleen paikallisradioiden kulta-ajalta.<\/p>\n\n\n\n<p>Trio \u00c4ss\u00e4t levytti edellisen\u00e4 vuonna biisin <em><strong>Parempaa musiikkia<\/strong><\/em>, jossa vaaditaan \u201dhei tiskijukka, soita parempaa musiikkia\u201d. Biisintekij\u00e4 <strong>Jore Siltalan<\/strong> mukaan biisin innoittajana oli DJ Jupe, joka kollegoineen sai usein kuulla vastaavia vaatimuksia.<\/p>\n\n\n\n<p>&#8211; Jupe oli tuolloin juontajana <strong>Radio Kaiun<\/strong> y\u00f6ohjelmissa. Me k\u00e4ytiin usein porisemassa keikan j\u00e4lkeen Jupen y\u00f6show&#8217;n vieraina, Jore kertoo. Radio Kaiku oli oululainen paikallisradio, joka loppui monen muun kanavan tavoin 90-luvun alun lamaan ja korkeisiin Gramex-maksuihin.<\/p>\n\n\n\n<p>Jupe oli t\u00e4ysverinen spiikkaava show-DJ, jonka keikoilla h\u00e4n tanssitti yleis\u00f6\u00e4 oman pillins\u00e4 mukaan. Hauskaa piisasi sek\u00e4 tietysti my\u00f6s vauhtia ja vaarallisia tilanteita, kun kaikki tosikot eiv\u00e4t olleet samalla huumorin tasolla.<\/p>\n\n\n\n<p>Jupe muutti Oulusta pohjoiseen Karigasniemen Seitalaan, Tenojoen rannalle matkailuyritt\u00e4j\u00e4ksi, joka j\u00e4rjesti kalastusmatkoja my\u00f6s l\u00e4mpimille vesille, muun muassa Niilille.<\/p>\n\n\n\n<p>H\u00e4n oli innokas <strong>Mersu<\/strong>&#8211; ja<strong> Volkkari-harrastaja<\/strong>. Jupe muistetaan h\u00e4nen organsoimistaan Volkkari-tempauksista, joissa j\u00e4\u00e4tymiskuolemaa pelk\u00e4\u00e4m\u00e4tt\u00f6m\u00e4t kuplakuskit ajoivat talvipakkasilla J\u00e4\u00e4meren rannalle.<\/p>\n\n\n\n<figure class=\"wp-block-image size-large\"><img decoding=\"async\" loading=\"lazy\" width=\"1024\" height=\"674\" src=\"https:\/\/www.hitit.fi\/wp-content\/uploads\/2025\/03\/jupeedward-1024x674.jpg\" alt=\"\" class=\"wp-image-10706\" srcset=\"https:\/\/www.hitit.fi\/wp-content\/uploads\/2025\/03\/jupeedward-1024x674.jpg 1024w, https:\/\/www.hitit.fi\/wp-content\/uploads\/2025\/03\/jupeedward-300x197.jpg 300w, https:\/\/www.hitit.fi\/wp-content\/uploads\/2025\/03\/jupeedward-768x505.jpg 768w, https:\/\/www.hitit.fi\/wp-content\/uploads\/2025\/03\/jupeedward-1536x1011.jpg 1536w, https:\/\/www.hitit.fi\/wp-content\/uploads\/2025\/03\/jupeedward-120x80.jpg 120w, https:\/\/www.hitit.fi\/wp-content\/uploads\/2025\/03\/jupeedward.jpg 1696w\" sizes=\"(max-width: 1024px) 100vw, 1024px\" \/><figcaption class=\"wp-element-caption\"><strong>DJ Jupe ja DJ Edward juhlivat DJ-meetingiss\u00e4 vuonna 1997.<\/strong><\/figcaption><\/figure>\n\n\n\n<p>DJ Jupe jatkoi keikkailua p\u00e4\u00e4ty\u00f6ns\u00e4 ohessa 2010-luvulle. Keikkamaastona oli koko Suomi, vaikka Karigasniemi on kaukana l\u00e4hes kaikesta. Jupe teki keikkoja my\u00f6s Norjassa ja Ruotsissa. Keikkakamat olivat aina valmiiksi pakattuna autossa.<\/p>\n\n\n\n<p>&#8211; Ohjelmistoni on viimeiset vuodet ollut l\u00e4hes pelk\u00e4st\u00e4\u00e4n vanhojen, 70-, 80- ja 90-lukujen kappaleiden soittelua. Ja kaikki musiikki tulee edelleen pelk\u00e4st\u00e4\u00e4n vinyyleilt\u00e4 ja cd-levyilt\u00e4. L\u00e4pp\u00e4rin ja muistitikun kanssa en l\u00e4hde esiintym\u00e4\u00e4n, Jupe vakuutti 40-vuotistaiteilijajuhlansa kynnyksell\u00e4 kev\u00e4\u00e4ll\u00e4 2016.<\/p>\n\n\n\n<p>Jupe menehtyi pitk\u00e4\u00e4n sairastettuaan joulukuun lopussa 2018.<\/p>\n","protected":false},"excerpt":{"rendered":"<p>Oululainen DJ Jupe (12.4.1958 \u2013 30.12.2018) aloitti DJ-uransa syksyll\u00e4 1975 koulu- ja nuorisotalokeikalla. Varsinainen ammattiura k\u00e4ynnistyi oululaisessa Zivago-ravintolassa kes\u00e4kuun alussa&#8230;<\/p>\n","protected":false},"author":2,"featured_media":10704,"parent":0,"menu_order":0,"comment_status":"closed","ping_status":"closed","template":"","meta":[],"_links":{"self":[{"href":"https:\/\/www.hitit.fi\/index.php\/wp-json\/wp\/v2\/pages\/10703"}],"collection":[{"href":"https:\/\/www.hitit.fi\/index.php\/wp-json\/wp\/v2\/pages"}],"about":[{"href":"https:\/\/www.hitit.fi\/index.php\/wp-json\/wp\/v2\/types\/page"}],"author":[{"embeddable":true,"href":"https:\/\/www.hitit.fi\/index.php\/wp-json\/wp\/v2\/users\/2"}],"replies":[{"embeddable":true,"href":"https:\/\/www.hitit.fi\/index.php\/wp-json\/wp\/v2\/comments?post=10703"}],"version-history":[{"count":2,"href":"https:\/\/www.hitit.fi\/index.php\/wp-json\/wp\/v2\/pages\/10703\/revisions"}],"predecessor-version":[{"id":10707,"href":"https:\/\/www.hitit.fi\/index.php\/wp-json\/wp\/v2\/pages\/10703\/revisions\/10707"}],"wp:featuredmedia":[{"embeddable":true,"href":"https:\/\/www.hitit.fi\/index.php\/wp-json\/wp\/v2\/media\/10704"}],"wp:attachment":[{"href":"https:\/\/www.hitit.fi\/index.php\/wp-json\/wp\/v2\/media?parent=10703"}],"curies":[{"name":"wp","href":"https:\/\/api.w.org\/{rel}","templated":true}]}}