{"id":10767,"date":"2025-05-17T18:04:41","date_gmt":"2025-05-17T15:04:41","guid":{"rendered":"https:\/\/www.hitit.fi\/?page_id=10767"},"modified":"2025-05-19T09:46:59","modified_gmt":"2025-05-19T06:46:59","slug":"dj-kisavoittajia-kautta-aikain","status":"publish","type":"page","link":"https:\/\/www.hitit.fi\/index.php\/dj-kisavoittajia-kautta-aikain\/","title":{"rendered":"DJ-KISAVOITTAJIA KAUTTA AIKAIN"},"content":{"rendered":"\n<p>Erilaisia DJ-kisoja on j\u00e4rjestetty erityisesti 1980- ja 1990-luvulla. Nyttemmin perinne on hiipunut DJ-kulttuurin ja toimenkuvien muuttumisen my\u00f6t\u00e4. Suomen ensimm\u00e4iset DJ-kisat j\u00e4rjestettiin 1960-luvun lopulla Tampereen Linnasalilla, jolloin voiton vei <strong>Jyrki H\u00e4m\u00e4l\u00e4inen.<\/strong><\/p>\n\n\n\n<figure class=\"wp-block-image size-large\"><img decoding=\"async\" loading=\"lazy\" width=\"1024\" height=\"576\" src=\"http:\/\/www.hitit.fi\/wp-content\/uploads\/2025\/05\/disko50B-1024x576.jpg\" alt=\"\" class=\"wp-image-10770\" srcset=\"https:\/\/www.hitit.fi\/wp-content\/uploads\/2025\/05\/disko50B-1024x576.jpg 1024w, https:\/\/www.hitit.fi\/wp-content\/uploads\/2025\/05\/disko50B-300x169.jpg 300w, https:\/\/www.hitit.fi\/wp-content\/uploads\/2025\/05\/disko50B-768x432.jpg 768w, https:\/\/www.hitit.fi\/wp-content\/uploads\/2025\/05\/disko50B-1536x864.jpg 1536w, https:\/\/www.hitit.fi\/wp-content\/uploads\/2025\/05\/disko50B-2048x1152.jpg 2048w\" sizes=\"(max-width: 1024px) 100vw, 1024px\" \/><\/figure>\n\n\n\n<p>Help!-lehti j\u00e4rjesti DJ-kisat vuonna 1977. Tuolloin voittajaksi kruunattiin DJ Edward alias <strong>Markku Vesala, <\/strong>joka hy\u00f6dynsi titteli\u00e4 niin ahkerasti, ett\u00e4 kent\u00e4ll\u00e4 her\u00e4si kysynt\u00e4\u00e4 uusille mittel\u00f6ille. DJ-kisoja k\u00e4ytiin alusta pit\u00e4en kahdessa kategoriassa, Showmaster ja Mixmaster. Paikallisradioiden kulta-aikaan j\u00e4rjestettiin my\u00f6s Radiomaster-kisoja.<\/p>\n\n\n\n<p>T\u00e4ss\u00e4 tiedossa olevat kisavoittajat, joiden nime\u00e4 klikkaamalla p\u00e4\u00e4see heid\u00e4n omille sivuilleen. Varsinaiset alasivut rakennetaan, kunhan kerit\u00e4\u00e4n.<\/p>\n\n\n\n<p>1967 \u2013 DJ-kilpailu: Jyrki H\u00e4m\u00e4l\u00e4inen<\/p>\n\n\n\n<p>1977 \u2013 DJ-kisat: DJ Edward, Markku Vesala<\/p>\n\n\n\n<p>1985 \u2013 Mixmaster: DJ Jykke, Jyrki Kaivola<\/p>\n\n\n\n<p>1986 \u2013 Mixmaster: DJ Kaippa, Kari Kaivola<\/p>\n\n\n\n<p>1986 \u2013 SM DJ Radiomaster: DJ Mata Hari, Ritva Tuomala<\/p>\n\n\n\n<p>1987 \u2013 Mixmaster: DJ K\u00e4ppi (my\u00f6h. DJ K\u00e4p\u00e4), Kari Vesala<\/p>\n\n\n\n<p>1987 \u2013 Radiomaster: DJ Vexu, Pekka Vekkeli<\/p>\n\n\n\n<p>1988 \u2013 Showmaster: DJ Erkku, Eero Hepojoki<\/p>\n\n\n\n<p>1989 \u2013 Radiomaster: Timo Ukkola<\/p>\n\n\n\n<p>1989 \u2013 Showmaster: DJ Miki, Mikko Ahlgren<\/p>\n\n\n\n<p>1990 \u2013 Radiomaster: Anne Sarlin<\/p>\n\n\n\n<p>1990 \u2013 Showmaster: DJ Enzo, Hannu Pulkkinen<\/p>\n\n\n\n<p>1991 \u2013 Radiomaster: DJ Jysky, Jyrki Aaltio<\/p>\n\n\n\n<p>1991 \u2013 Showmaster: DJ Pali, Pauli Asikainen<\/p>\n\n\n\n<p>1992 \u2013 Radiomaster: DJ Pete, Petri Pirttikangas<\/p>\n\n\n\n<p>1992 \u2013 Showmaster: DJ Cash, Marko Haapahuhta<\/p>\n\n\n\n<p>1993 \u2013 Showmaster: DJ Alexi, Aleksi Vuorinne<\/p>\n\n\n\n<p>1994 \u2013 Showmaster: DJ Jocka, Jori-Pekka Tr\u00e4skb\u00e4ck<\/p>\n\n\n\n<p>1995 \u2013 Showmaster: DJ Jonetsu, Jouni Vuorinen<\/p>\n\n\n\n<p>1997 \u2013 Pioneer-DJ SM&#8217;97: DJ Peltsi, Mikko Peltola<\/p>\n\n\n\n<p>1998 \u2013 Showmaster: DJ Tico: Antti Anttonen<\/p>\n\n\n\n<p>1999 \u2013 Showmaster: DJ Tomi Pahkala<\/p>\n\n\n\n<p>2000 \u2013 Showmaster: DJ Anselmi, Aki Kuusisto<\/p>\n\n\n\n<p>2002 \u2013 Showmaster: Djay B, J-P Pirinen<\/p>\n\n\n\n<p>2002 \u2013 Mixmaster: DJ Sampl, Sami Pitk\u00e4nen<\/p>\n\n\n\n<p>2006 \u2013 SM DJ: DJ A.J., Antti Nuora<\/p>\n\n\n\n<p>2012 \u2013 SM DJ: DJ Sampl, Sami Pitk\u00e4nen<\/p>\n\n\n\n<p>2014 \u2013 SM DJ: DJ Spinny, Miidu Khalifa<\/p>\n","protected":false},"excerpt":{"rendered":"<p>Erilaisia DJ-kisoja on j\u00e4rjestetty erityisesti 1980- ja 1990-luvulla. Nyttemmin perinne on hiipunut DJ-kulttuurin ja toimenkuvien muuttumisen my\u00f6t\u00e4. Suomen ensimm\u00e4iset DJ-kisat&#8230;<\/p>\n","protected":false},"author":2,"featured_media":0,"parent":0,"menu_order":0,"comment_status":"closed","ping_status":"closed","template":"","meta":[],"_links":{"self":[{"href":"https:\/\/www.hitit.fi\/index.php\/wp-json\/wp\/v2\/pages\/10767"}],"collection":[{"href":"https:\/\/www.hitit.fi\/index.php\/wp-json\/wp\/v2\/pages"}],"about":[{"href":"https:\/\/www.hitit.fi\/index.php\/wp-json\/wp\/v2\/types\/page"}],"author":[{"embeddable":true,"href":"https:\/\/www.hitit.fi\/index.php\/wp-json\/wp\/v2\/users\/2"}],"replies":[{"embeddable":true,"href":"https:\/\/www.hitit.fi\/index.php\/wp-json\/wp\/v2\/comments?post=10767"}],"version-history":[{"count":3,"href":"https:\/\/www.hitit.fi\/index.php\/wp-json\/wp\/v2\/pages\/10767\/revisions"}],"predecessor-version":[{"id":10776,"href":"https:\/\/www.hitit.fi\/index.php\/wp-json\/wp\/v2\/pages\/10767\/revisions\/10776"}],"wp:attachment":[{"href":"https:\/\/www.hitit.fi\/index.php\/wp-json\/wp\/v2\/media?parent=10767"}],"curies":[{"name":"wp","href":"https:\/\/api.w.org\/{rel}","templated":true}]}}