{"id":1352,"date":"2015-11-06T19:14:30","date_gmt":"2015-11-06T19:14:30","guid":{"rendered":"http:\/\/www.hitit.fi\/?page_id=1352"},"modified":"2026-04-23T18:36:56","modified_gmt":"2026-04-23T15:36:56","slug":"radio-top-20","status":"publish","type":"page","link":"https:\/\/www.hitit.fi\/index.php\/viihdeuutiset\/radio-top-20\/","title":{"rendered":"Radio Top 20 vk 17-18\/2026"},"content":{"rendered":"\n<figure class=\"wp-block-table\"><table><tbody><tr><td><strong><\/strong><\/td><td><strong>ed<\/strong><\/td><td><strong>vk<\/strong><\/td><td><strong>esitt\u00e4j\u00e4<\/strong><\/td><td><strong>kappale<\/strong><\/td><\/tr><tr><td><strong>1<\/strong><\/td><td><strong>1<\/strong><\/td><td><strong>6<\/strong><\/td><td><strong>Laura Voutilainen<\/strong><\/td><td><strong>Toinen sin\u00e4<\/strong><\/td><\/tr><tr><td><strong>2<\/strong><\/td><td><strong>7<\/strong><\/td><td><strong>4<\/strong><\/td><td><strong>Robin Packalen<\/strong><\/td><td><strong>1001 tapaa<\/strong><\/td><\/tr><tr><td><strong>3<\/strong><\/td><td><strong>2<\/strong><\/td><td><strong>8<\/strong><\/td><td><strong>Egotrippi<\/strong><\/td><td><strong>Jossain t\u00e4ytyy olla p\u00e4iv\u00e4nvaloo<\/strong><\/td><\/tr><tr><td><strong>4<\/strong><\/td><td><strong>3<\/strong><\/td><td><strong>12<\/strong><\/td><td><strong>Komiat<\/strong><\/td><td><strong>Lululai<\/strong><\/td><\/tr><tr><td><strong>5<\/strong><\/td><td><strong>4<\/strong><\/td><td><strong>12<\/strong><\/td><td><strong>Vesterinen Yhtyeineen<\/strong><\/td><td><strong>Tv\u00e5 on kolme<\/strong><\/td><\/tr><tr><td><strong>6<\/strong><\/td><td><strong>6<\/strong><\/td><td><strong>6<\/strong><\/td><td><strong>Visa ja Valoilmi\u00f6 ft. Antti Sarpila<\/strong><\/td><td><strong>Tein m\u00e4 niin, tein m\u00e4 n\u00e4in<\/strong><\/td><\/tr><tr><td><strong>7<\/strong><\/td><td><strong>12<\/strong><\/td><td><strong>2<\/strong><\/td><td><strong>Elias Kaskinen<\/strong><\/td><td><strong>Rakastumisen oireet<\/strong><\/td><\/tr><tr><td><strong>8<\/strong><\/td><td><strong>*<\/strong><\/td><td><strong>*<\/strong><\/td><td><strong>Suvi Ter\u00e4sniska<\/strong><\/td><td><strong>Sitke\u00e4 sissi<\/strong><\/td><\/tr><tr><td><strong>9<\/strong><\/td><td><strong>11<\/strong><\/td><td><strong>12<\/strong><\/td><td><strong>KUUMAA<\/strong><\/td><td><strong>Hyv\u00e4np\u00e4iv\u00e4ntutut<\/strong><\/td><\/tr><tr><td><strong>10<\/strong><\/td><td><strong>16<\/strong><\/td><td><strong>2<\/strong><\/td><td><strong>Erika Vikman<\/strong><\/td><td><strong>Father<\/strong><\/td><\/tr><tr><td><strong>11<\/strong><\/td><td><strong>13<\/strong><\/td><td><strong>4<\/strong><\/td><td><strong>Heidi Pakarinen<\/strong><\/td><td><strong>Tanssija<\/strong><\/td><\/tr><tr><td><strong>12<\/strong><\/td><td><strong>*<\/strong><\/td><td><strong>*<\/strong><\/td><td><strong>Juha Tapio<\/strong><\/td><td><strong>\u00c4iti \u00e4l\u00e4 itke<\/strong><\/td><\/tr><tr><td><strong>13<\/strong><\/td><td><strong>9<\/strong><\/td><td><strong>6<\/strong><\/td><td><strong>Anitta Mattila<\/strong><\/td><td><strong>Onnelliset p\u00e4iv\u00e4t<\/strong><\/td><\/tr><tr><td><strong>14<\/strong><\/td><td><strong>5<\/strong><\/td><td><strong>6<\/strong><\/td><td><strong>Samuli Putro<\/strong><\/td><td><strong>Laiskat vesijuoksijat<\/strong><\/td><\/tr><tr><td><strong>15<\/strong><\/td><td><strong>18<\/strong><\/td><td><strong>2<\/strong><\/td><td><strong>Kaija Koo ft. Isac Elliot<\/strong><\/td><td><strong>Latu on auki<\/strong><\/td><\/tr><tr><td><strong>16<\/strong><\/td><td><strong>15<\/strong><\/td><td><strong>12<\/strong><\/td><td><strong>Arja Koriseva<\/strong><\/td><td><strong>Tee se t\u00e4n\u00e4\u00e4n<\/strong><\/td><\/tr><tr><td><strong>17<\/strong><\/td><td><strong>17<\/strong><\/td><td><strong>8<\/strong><\/td><td><strong>Antti Ketonen<\/strong><\/td><td><strong>Vihoviimeinen<\/strong><\/td><\/tr><tr><td><strong>18<\/strong><\/td><td><strong>8<\/strong><\/td><td><strong>10<\/strong><\/td><td><strong>Nina Tapio<\/strong><\/td><td><strong>Maskin taa<\/strong><\/td><\/tr><tr><td><strong>19<\/strong><\/td><td><strong>20<\/strong><\/td><td><strong>10<\/strong><\/td><td><strong>Charles Plogman<\/strong><\/td><td><strong>Kosketus tuntuu<\/strong><\/td><\/tr><tr><td><strong>20<\/strong><\/td><td><strong>10<\/strong><\/td><td><strong>12<\/strong><\/td><td><strong>Tomi Markkola<\/strong><\/td><td><strong>Onnen etsij\u00e4t<\/strong><\/td><\/tr><\/tbody><\/table><figcaption class=\"wp-element-caption\">(C) Discopress Oy<\/figcaption><\/figure>\n","protected":false},"excerpt":{"rendered":"<p>edvkesitt\u00e4j\u00e4kappale116Laura VoutilainenToinen sin\u00e4274Robin Packalen1001 tapaa328EgotrippiJossain t\u00e4ytyy olla p\u00e4iv\u00e4nvaloo4312KomiatLululai5412Vesterinen YhtyeineenTv\u00e5 on kolme666Visa ja Valoilmi\u00f6 ft. Antti SarpilaTein m\u00e4 niin, tein m\u00e4&#8230;<\/p>\n","protected":false},"author":1,"featured_media":0,"parent":23,"menu_order":0,"comment_status":"closed","ping_status":"closed","template":"","meta":[],"_links":{"self":[{"href":"https:\/\/www.hitit.fi\/index.php\/wp-json\/wp\/v2\/pages\/1352"}],"collection":[{"href":"https:\/\/www.hitit.fi\/index.php\/wp-json\/wp\/v2\/pages"}],"about":[{"href":"https:\/\/www.hitit.fi\/index.php\/wp-json\/wp\/v2\/types\/page"}],"author":[{"embeddable":true,"href":"https:\/\/www.hitit.fi\/index.php\/wp-json\/wp\/v2\/users\/1"}],"replies":[{"embeddable":true,"href":"https:\/\/www.hitit.fi\/index.php\/wp-json\/wp\/v2\/comments?post=1352"}],"version-history":[{"count":304,"href":"https:\/\/www.hitit.fi\/index.php\/wp-json\/wp\/v2\/pages\/1352\/revisions"}],"predecessor-version":[{"id":10997,"href":"https:\/\/www.hitit.fi\/index.php\/wp-json\/wp\/v2\/pages\/1352\/revisions\/10997"}],"up":[{"embeddable":true,"href":"https:\/\/www.hitit.fi\/index.php\/wp-json\/wp\/v2\/pages\/23"}],"wp:attachment":[{"href":"https:\/\/www.hitit.fi\/index.php\/wp-json\/wp\/v2\/media?parent=1352"}],"curies":[{"name":"wp","href":"https:\/\/api.w.org\/{rel}","templated":true}]}}