{"id":334,"date":"2015-01-25T11:34:50","date_gmt":"2015-01-25T11:34:50","guid":{"rendered":"http:\/\/www.hitit.fi\/?page_id=334"},"modified":"2022-04-28T19:19:03","modified_gmt":"2022-04-28T16:19:03","slug":"kuukauden-levyt-2001","status":"publish","type":"page","link":"https:\/\/www.hitit.fi\/index.php\/kuukauden-levyt-2001\/","title":{"rendered":"Kuukauden Levyt 2001"},"content":{"rendered":"<p><strong>Tammikuu<\/strong><br \/>\nMIKKO ALATALO Kantri (Busola)<\/p>\n<p><strong>Helmikuu<\/strong><br \/>\nSAMULI EDELMANN Kaikki tahtoo (BMG)<\/p>\n<p><strong>Maaliskuu<\/strong><br \/>\nTONY MONTANA Ik\u00e4v\u00e4 mun on sua (omak.)<\/p>\n<p><strong>Huhtikuu<\/strong><br \/>\nKIRSI RANTO Kesyt\u00f6n kuningatar (Edel)<\/p>\n<p><strong>Toukokuu<\/strong><br \/>\nK.JUVA &amp; HAAVEKUVA (RPR)<\/p>\n<p><strong>Kes\u00e4kuu<\/strong><br \/>\nMARITA TAAVITSAINEN Riitt\u00e4\u00e4 kun rakastaa (Universal)<\/p>\n<p><strong>Hein\u00e4kuu<\/strong><br \/>\nKARI PIIRONEN Parhainta aikaa (Tatsia)<\/p>\n<p><strong>Elokuu<\/strong><br \/>\nY\u00d6LINTU Sit\u00e4 saa mit\u00e4 tilaa (Warner)<\/p>\n<p><strong>Syyskuu<\/strong><br \/>\nANTTI HUOVILA Sata kitaraa (BMG)<\/p>\n<p><strong>Lokakuu<\/strong><br \/>\nJANNE TULKKI Tulinen syd\u00e4n (BMG)<\/p>\n<p><strong>Marraskuu<\/strong><br \/>\nAGENTS \u2026 is ROCK! Vol.1 (EMI)<\/p>\n<p><strong>Joululevy<\/strong><br \/>\nPENTTI HIETANEN Joulun ihme (EMI) (Bluebird)<\/p>\n<p><strong>Vuoden Levy<\/strong><br \/>\nANSSI KELA Nummela<\/p>\n","protected":false},"excerpt":{"rendered":"<p>Tammikuu MIKKO ALATALO Kantri (Busola) Helmikuu SAMULI EDELMANN Kaikki tahtoo (BMG) Maaliskuu TONY MONTANA Ik\u00e4v\u00e4 mun on sua (omak.) Huhtikuu&#8230;<\/p>\n","protected":false},"author":1,"featured_media":0,"parent":0,"menu_order":0,"comment_status":"closed","ping_status":"closed","template":"","meta":[],"_links":{"self":[{"href":"https:\/\/www.hitit.fi\/index.php\/wp-json\/wp\/v2\/pages\/334"}],"collection":[{"href":"https:\/\/www.hitit.fi\/index.php\/wp-json\/wp\/v2\/pages"}],"about":[{"href":"https:\/\/www.hitit.fi\/index.php\/wp-json\/wp\/v2\/types\/page"}],"author":[{"embeddable":true,"href":"https:\/\/www.hitit.fi\/index.php\/wp-json\/wp\/v2\/users\/1"}],"replies":[{"embeddable":true,"href":"https:\/\/www.hitit.fi\/index.php\/wp-json\/wp\/v2\/comments?post=334"}],"version-history":[{"count":1,"href":"https:\/\/www.hitit.fi\/index.php\/wp-json\/wp\/v2\/pages\/334\/revisions"}],"predecessor-version":[{"id":8001,"href":"https:\/\/www.hitit.fi\/index.php\/wp-json\/wp\/v2\/pages\/334\/revisions\/8001"}],"wp:attachment":[{"href":"https:\/\/www.hitit.fi\/index.php\/wp-json\/wp\/v2\/media?parent=334"}],"curies":[{"name":"wp","href":"https:\/\/api.w.org\/{rel}","templated":true}]}}