{"id":337,"date":"2015-01-25T11:36:55","date_gmt":"2015-01-25T11:36:55","guid":{"rendered":"http:\/\/www.hitit.fi\/?page_id=337"},"modified":"2022-04-28T19:19:09","modified_gmt":"2022-04-28T16:19:09","slug":"kuukauden-levyt-2002","status":"publish","type":"page","link":"https:\/\/www.hitit.fi\/index.php\/kuukauden-levyt-2002\/","title":{"rendered":"Kuukauden Levyt 2002"},"content":{"rendered":"<p><strong>Tammikuu<\/strong><br \/>\nTOMI MARKKOLA Taivaskalliolla (Mediamusiikki)<\/p>\n<p><strong>Helmikuu<\/strong><br \/>\nMIKKO M\u00c4KEL\u00c4INEN Mikko M\u00e4kel\u00e4inen (Mediamusiikki)<\/p>\n<p><strong>Maaliskuu<\/strong><br \/>\nMARKUS T\u00d6RM\u00c4L\u00c4 &amp; FBI-Beat T\u00e4htihetki\u00e4 (Warner)<\/p>\n<p><strong>Huhtikuu<\/strong><br \/>\nANNE MATTILA Anne Mattila (BMG)<\/p>\n<p><strong>Toukokuu<\/strong><br \/>\nSYKE&nbsp; Hellep\u00e4iv\u00e4t poutapilvineen (BMG)<\/p>\n<p><strong>Kes\u00e4kuu<\/strong><br \/>\nSAKARI KUOSMANEN Pieni syd\u00e4n (EMI)<\/p>\n<p><strong>Hein\u00e4kuu<\/strong><br \/>\nERI ESITT\u00c4JI\u00c4 Hullut mielenterveyden puolesta (Helsinki Records)<\/p>\n<p><strong>Elokuu<\/strong><br \/>\nY\u00d6LINTU&nbsp; T\u00e4\u00e4 on rankkaa (Warner)<\/p>\n<p><strong>Syyskuu<\/strong><br \/>\nKIRKA Sinut siin\u00e4 n\u00e4\u00e4n (BMG)<\/p>\n<p><strong>Lokakuu<\/strong><br \/>\nPIRJO K\u00c4MPPISyd\u00e4n soi (Svengitalo)<\/p>\n<p><strong>Marraskuu<\/strong><br \/>\nJANNE TULKKI Unten er\u00e4maa (Bluebird)<\/p>\n<p><strong>Joululevy<\/strong><br \/>\nTAPANI KANSA Koen uudelleen entisen joulun (Bluebird)<\/p>\n<p><strong>Vuoden Levy<\/strong><br \/>\nMARKUS T\u00d6RM\u00c4L\u00c4 &amp; FBI-Beat&nbsp; T\u00e4htihetki\u00e4 (Warner)<\/p>\n","protected":false},"excerpt":{"rendered":"<p>Tammikuu TOMI MARKKOLA Taivaskalliolla (Mediamusiikki) Helmikuu MIKKO M\u00c4KEL\u00c4INEN Mikko M\u00e4kel\u00e4inen (Mediamusiikki) Maaliskuu MARKUS T\u00d6RM\u00c4L\u00c4 &amp; FBI-Beat T\u00e4htihetki\u00e4 (Warner) Huhtikuu ANNE&#8230;<\/p>\n","protected":false},"author":1,"featured_media":0,"parent":0,"menu_order":0,"comment_status":"closed","ping_status":"closed","template":"","meta":[],"_links":{"self":[{"href":"https:\/\/www.hitit.fi\/index.php\/wp-json\/wp\/v2\/pages\/337"}],"collection":[{"href":"https:\/\/www.hitit.fi\/index.php\/wp-json\/wp\/v2\/pages"}],"about":[{"href":"https:\/\/www.hitit.fi\/index.php\/wp-json\/wp\/v2\/types\/page"}],"author":[{"embeddable":true,"href":"https:\/\/www.hitit.fi\/index.php\/wp-json\/wp\/v2\/users\/1"}],"replies":[{"embeddable":true,"href":"https:\/\/www.hitit.fi\/index.php\/wp-json\/wp\/v2\/comments?post=337"}],"version-history":[{"count":1,"href":"https:\/\/www.hitit.fi\/index.php\/wp-json\/wp\/v2\/pages\/337\/revisions"}],"predecessor-version":[{"id":8002,"href":"https:\/\/www.hitit.fi\/index.php\/wp-json\/wp\/v2\/pages\/337\/revisions\/8002"}],"wp:attachment":[{"href":"https:\/\/www.hitit.fi\/index.php\/wp-json\/wp\/v2\/media?parent=337"}],"curies":[{"name":"wp","href":"https:\/\/api.w.org\/{rel}","templated":true}]}}