{"id":365,"date":"2015-01-25T15:16:01","date_gmt":"2015-01-25T15:16:01","guid":{"rendered":"http:\/\/www.hitit.fi\/?page_id=365"},"modified":"2022-04-28T19:21:02","modified_gmt":"2022-04-28T16:21:02","slug":"kuukauden-levyt-2003","status":"publish","type":"page","link":"https:\/\/www.hitit.fi\/index.php\/kuukauden-levyt-2003\/","title":{"rendered":"Kuukauden Levyt 2003"},"content":{"rendered":"<h3 class=\"western\"><span style=\"font-family: Arial,sans-serif;\"><span style=\"font-size: medium;\">Tammikuu<\/span><\/span><\/h3>\n<p><span style=\"font-family: Arial,sans-serif;\"><span style=\"font-size: medium;\"><b>Souvarit: 10 uutta &amp; 10 suosituinta<\/b> <\/span><\/span><\/p>\n<p><span style=\"font-family: Arial,sans-serif;\"><span style=\"font-size: medium;\">&#8221;Taattua tavaraa. Hyv\u00e4\u00e4 tanssimusiikkia koko levyllinen.&#8221; Minna Peittola, <b>Radio Kajaus.<\/b> &#8221;Ylivoimaisesti toivotuin yhtye J\u00e4rviradiossa. Uudet kappaleet otettu innolla vastaan.&#8221; Tarja Kultavuori, <b>J\u00e4rviradio.<\/b> &#8221;Pitk\u00e4 ura, ammattitaito, suuri suosio ja kundien rento tyyli ansaitsevat pisteet.&#8221; Anita Andersson, <b>L\u00e4hiradio<\/b><\/span><\/span><\/p>\n<h3 class=\"western\"><span style=\"font-family: Arial,sans-serif;\"><span style=\"font-size: medium;\">Helmikuu<\/span><\/span><\/h3>\n<p><span style=\"font-family: Arial,sans-serif;\"><span style=\"font-size: medium;\"><b>Charlies: Ansa oot<\/b> <\/span><\/span><\/p>\n<p><span style=\"font-family: Arial,sans-serif;\"><span style=\"font-size: medium;\">&#8221;Charlies teki sen &#8211; tanssimusiikkia parhaimmillaan. Soi ahkerasti my\u00f6s radioaalloilla ainakin meill\u00e4. Sit\u00e4 takuuvarmaa, yleis\u00f6\u00f6n menev\u00e4\u00e4.&#8221; Malla Mahosenaho, <b>Radio Pooki<\/b> &#8221;Levy t\u00e4ynn\u00e4 tasokasta ja vaihtelevaa iskelm\u00e4musiikkia.&#8221; Tarja Kultavuori, <b>J\u00e4rviradio<\/b> &#8221;Charlies vain parantaa juoksuaan. Kolme radiohitti\u00e4 sen jo osoittaa. Hyv\u00e4ntuulista iskelm\u00e4\u00e4. Marja Tuomisaari, <b>Radio Satah\u00e4me<\/b><\/span><\/span><\/p>\n<h3><span style=\"font-family: Arial,sans-serif;\"><span style=\"font-size: medium;\">Maaliskuu<\/span><\/span><\/h3>\n<p><span style=\"font-family: Arial,sans-serif;\"><span style=\"font-size: medium;\"><b>A.Aallon Rytmiorkesti: Rakkauskirjeit\u00e4<\/b> <\/span><\/span><\/p>\n<p><span style=\"font-family: Arial,sans-serif;\"><span style=\"font-size: medium;\">&#8221;Raikkaita tuulahduksia tampereelta. Tanssilattialle ja vastaanottimiin. Aki Mikkola, <b>Radio West<\/b>. &#8221;A-luokan s\u00e4vellyksi\u00e4 ja sanoituksia. Sopii monenlaisille korville kuunneltavaksi. Hannu Nevala, <b>Radio Salminen<\/b> &#8221;A.Aallon Rytmiorkesterin kokonaisvailtainen kyky toimia musiikin parissa saakoon ansaittua huomiota ja kiitosta aina kun se on mahdollista. Pirkanmaalaisuus ei paina valinnassa, mutta todettakaan se hienona asiana. LEvy\u00e4 on kiva kuunnella ja soittaa radiossa. Hannu Virtanen, <b>Radio Manta<\/b><\/span><\/span><\/p>\n<h3><span style=\"font-family: Arial,sans-serif;\"><span style=\"font-size: medium;\">Huhtikuu<\/span><\/span><\/h3>\n<p><span style=\"font-family: Arial,sans-serif;\"><span style=\"font-size: medium;\"><b>Maarit Peltoniemi: Onnenmaa<\/b> <\/span><\/span><\/p>\n<p><span style=\"font-family: Arial,sans-serif;\"><span style=\"font-size: medium;\">&#8221;Raikas ja soitettava kokonaisuus. Tarja Kultavuori, <b>J\u00e4rviradio<\/b>. &#8221;Vahvojen naisartistien levyjuhlaa huhtikuussa. Hyv\u00e4, ettei Maarit unohtunut EMI:n ovien k\u00e4ydess\u00e4. Hyv\u00e4 meininkin! Marja Tuomisaari, <b>Radio Satah\u00e4me<\/b>. &#8221;Asianmukaisesti tehty\u00e4, takuuvarmaa Maaritia. Petteri Hurskainen, <b>Radio West<\/b>. &#8221;Maaritin ehdottomasti paras levy. Uudistumisen huomaa. Minna Peittola, <b>Radio Kajaus<\/b>.<\/span><\/span><\/p>\n<h3><span style=\"font-family: Arial,sans-serif;\"><span style=\"font-size: medium;\">Toukokuu<\/span><\/span><\/h3>\n<p><span style=\"font-family: Arial,sans-serif;\"><span style=\"font-size: medium;\"><b>Kari Tapio: Juna kulkee<\/b> <\/span><\/span><\/p>\n<p><span style=\"font-family: Arial,sans-serif;\"><span style=\"font-size: medium;\">&#8221;Kari Tapiolla juna kulkee edelleen tosi sutjakkaasti.&#8221; Malla Mahosenaho, <b>Radio Pooki<\/b>. &#8221;Kertakaikkiaan hieno levy.&#8221; Tarja Kultavuori, <b>J\u00e4rviradio<\/b>. &#8221;Kulkee kuin juna ja virtaa vuolaasti kuin Missisippi. Ehk\u00e4 hieman yll\u00e4tykset\u00f6n, mutta tasaisen hyv\u00e4. Marja Tuomisaari, <b>Radio Satah\u00e4me<\/b>.<\/span><\/span><\/p>\n<p><b>Finlanders: Et kai luule<\/b><br \/>\n&#8221;Finlanders teki sen taas. Levylt\u00e4 l\u00f6ytyy jokaiselle jotain. Kuunnellessa tuli kes\u00e4isen kevyt olo ja taisi lemmenjuomallakin olla oma osuutensa.&#8221; P. Karppinen, <b>Radio Kajaus<\/b>. &#8221;Hyv\u00e4 pojat (ja Sari Tamminen)!&#8221; Aki Mikkola, <b>Radio West<\/b>.<\/p>\n<h3><span style=\"font-family: Arial,sans-serif;\"><span style=\"font-size: medium;\">Kes\u00e4kuu<\/span><\/span><\/h3>\n<p><span style=\"font-family: Arial,sans-serif;\"><span style=\"font-size: medium;\"><b>Taikakuu: Vaarallinen nainen<\/b> <\/span><\/span><\/p>\n<p><span style=\"font-family: Arial,sans-serif;\"><span style=\"font-size: medium;\">&#8221;Takuuvarmaa kes\u00e4musiikkia lomalaisille ja muillekin.&#8221; Tarja Kultavuori, <b>J\u00e4rviradio<\/b>. &#8221;Kun kaikki palaset ovat kohdallaan, ei kokonaisuus voi olla kuin loistava. Tulinen tango sek\u00e4 hidas valssi antoivat oman mausteen. Ei voi muuta sanoa kuin: loistava Taikakuu!&#8221; P.Karppinen, <b>Radio Kajaus<\/b>.<br \/>\n<\/span><\/span><\/p>\n<h3><span style=\"font-family: Arial,sans-serif;\"><span style=\"font-size: medium;\">Hein\u00e4kuu<\/span><\/span><\/h3>\n<p><span style=\"font-family: Arial,sans-serif;\"><span style=\"font-size: medium;\"><b>Mika Sunqvist &amp; Veli-Matti J\u00e4rvenp\u00e4\u00e4: Kuuhulluus<\/b> <\/span><\/span><\/p>\n<p><span style=\"font-family: Arial,sans-serif;\"><span style=\"font-size: medium;\">&#8221;Raikasta musaa hein\u00e4kuun helteisiin.&#8221; Aki Mikkola, <b>Radio West<\/b> &#8221;Ammattitaidolla ja tunteella tehty\u00e4 musiikkia meille suomalaisille. Vaihtelua sopivasti uuden ja vanhan suhteen. Tiina Silvonen, <b>J\u00e4rviradio<\/b> &#8221;Ei auta. Jos satakuntalainen pelimannihenki el\u00e4\u00e4 t\u00e4ll\u00e4 tavalla ja se saadaan viel\u00e4 pakettiinkin, niin pisteet sille.&#8221; Hannu Virtanen, <b>Radio Manta<\/b>.<br \/>\n<\/span><\/span><\/p>\n<h3><span style=\"font-family: Arial,sans-serif;\"><span style=\"font-size: medium;\">Elokuu<\/span><\/span><\/h3>\n<p><span style=\"font-family: Arial,sans-serif;\"><span style=\"font-size: medium;\"><b>Arja Koriseva: Nauran ja rakastan<\/b> <\/span><\/span><\/p>\n<p><span style=\"font-family: Arial,sans-serif;\"><span style=\"font-size: medium;\">&#8221;Aivan mahtava iskelm\u00e4- ja tanssimusiikkia Arjalta ammattitaidolla. T\u00e4lt\u00e4 levylt\u00e4 tulee hittej\u00e4, jotka tulevat soimaan, ja soimaan. Hyv\u00e4 Arja!&#8221; Malla Mahonsenaho, <b>Radio Pooki<\/b>. &#8221;Raikas \u00e4\u00e4nite. Arjalle sopivaa musiikkia.. vihdoinkin!&#8221; Marja Tuomisaari, <b>Radio Satah\u00e4me<\/b>. &#8221;Arjan uusi levy saa takuuvarmasti tanssijalan naputtamaan. Loistavien kappaleiden my\u00f6t\u00e4 levyest\u00e4 voi sanoa sen olevan Arjan n\u00e4k\u00f6inen &#8211; iloinen ja samalla herkk\u00e4.&#8221; P\u00e4ivi Karppinen, <b>Radio Kajaus<\/b> <\/span><\/span><\/p>\n<h3 class=\"western\"><span style=\"font-family: Arial,sans-serif;\"><span style=\"font-size: medium;\">Syyskuu<\/span><\/span><\/h3>\n<p><span style=\"font-family: Arial,sans-serif;\"><span style=\"font-size: medium;\"><b>Anssi Kela: Suuria Kuvioita<\/b> <\/span><\/span><\/p>\n<p><span style=\"font-family: Arial,sans-serif;\"><span style=\"font-size: medium;\">&#8221;Oivaa jatkoa edelliselle pitk\u00e4soitolle. Soi varmaan v\u00e4syksiin asti.&#8221; Jussi Heikkil\u00e4, <b>Radio Pooki<\/b> &#8221;Nummelan miehen uutuutta kannatti odottaa. Uusi levy todistaa, ett\u00e4 Anssi ei j\u00e4\u00e4nyt yhden hitin ihmeeksi. Hyv\u00e4 mik\u00e4 hyv\u00e4.&#8221; Anita Andersson, <b>L\u00e4hiradio<\/b> &#8221;Anssi Kela onnistui siin\u00e4, mihin moni ei uskonut. Levy myy, eik\u00e4 ole vanhan kertausta vaan tuotetta s\u00e4rm\u00e4\u00e4.&#8221; Mikko Koivusipil\u00e4, <b>Radio 882 \/ Radio Rogmo<\/b><br \/>\n<\/span><\/span><\/p>\n<h3><span style=\"font-family: Arial,sans-serif;\"><span style=\"font-size: medium;\">Lokakuu<\/span><\/span><\/h3>\n<p><span style=\"font-family: Arial,sans-serif;\"><span style=\"font-size: medium;\"><b>Anne Mattila: Enkeleit\u00e4 onko heit\u00e4.<\/b> <\/span><\/span><\/p>\n<p><span style=\"font-family: Arial,sans-serif;\"><span style=\"font-size: medium;\">&#8221;Uuden tulokkaan onnistunut kakkopitk\u00e4soitto.&#8221; Jussi Heikkil\u00e4, <b>Radio Pooki<\/b>. &#8221;Lahjakas luonnonlapsi vakuuttaa. Jos Annella s\u00e4ilyy kiinnostus musiikkia kohtaan ja hyv\u00e4\u00e4 levytett\u00e4v\u00e4\u00e4 l\u00f6ytyy, Anne viett\u00e4nee 50-vuotistaiteilijajuhlaakin kansansuosikkina.&#8221; Anita Andersson, <b>L\u00e4hiradio<\/b>.<br \/>\n<\/span><\/span><\/p>\n<h3><span style=\"font-family: Arial,sans-serif;\"><span style=\"font-size: medium;\">Marraskuu<\/span><\/span><\/h3>\n<p><span style=\"font-family: Arial,sans-serif;\"><span style=\"font-size: medium;\"><b>Tomi Markkola: Kipin\u00e4<\/b> <\/span><\/span><\/p>\n<p><span style=\"font-family: Arial,sans-serif;\"><span style=\"font-size: medium;\">&#8221;Kipin\u00e4st\u00e4 sekaisin. Tomin uusin levy kest\u00e4\u00e4 useammankin kuuntelun ja paranee kerta kerralta.&#8221; P. Karppinen, <b>Radio Kajaus<\/b>. &#8221;Tomilta l\u00f6ytyi meille jo toinen listaykk\u00f6nen. Sill\u00e4 saa ykk\u00f6spaikan vaikka Vesku tekikin loistolevyn.&#8221; Marja Tuomisaari, <b>Radio Satah\u00e4me<\/b>.<\/span><\/span><\/p>\n<h3><span style=\"font-family: Arial,sans-serif;\"><span style=\"font-size: medium;\">Joulukuu<\/span><\/span><\/h3>\n<p><span style=\"font-family: Arial,sans-serif;\"><span style=\"font-size: medium;\"><b>Souvarit: Tunnelmoiden (viel\u00e4 kun on aikaa)<\/b> <\/span><\/span><\/p>\n<p><span style=\"font-family: Arial,sans-serif;\"><span style=\"font-size: medium;\">&#8221;Pehme\u00e4 ja soljuva on poikien soundi. Souvarit on yksi meid\u00e4n toivotuimpia orkestereita.&#8221; Marja Tuomisaari, <b>Radio Satah\u00e4me<\/b>. &#8221;Juhlavuottaan viett\u00e4v\u00e4t Souvarit todistivat, ett\u00e4 taitoa l\u00f6ytyy. Mahtava tunnelmalevy, jonka avulla voi ottaa aikalis\u00e4n kiireest\u00e4 ja antaa musiikin vied\u00e4.&#8221; P. Karppinen, <b>Radio Kajaus<\/b>.<br \/>\n<\/span><\/span><\/p>\n<h3><span style=\"font-family: Arial,sans-serif;\"><span style=\"font-size: medium;\">Vuoden joululevy<\/span><\/span><\/h3>\n<p><span style=\"font-family: Arial,sans-serif;\"><span style=\"font-size: medium;\"><b>Mamba: Joulualbumi<\/b> <\/span><\/span><\/p>\n<p><span style=\"font-family: Arial,sans-serif;\"><span style=\"font-size: medium;\">&#8221;Reippaat sovitukset tutuista biiseist\u00e4. Tulee iloinen joulumieli.&#8221; Marja Tuomisaari, <b>Radio Satah\u00e4me<\/b>. &#8221;Mamban levylt\u00e4 soi laulut mukavan pirtein\u00e4. Niihin ei helposti kyll\u00e4sty. Suurin osa on tuttuja, joten kaikki osaavat sanat. Hyv\u00e4 levy esimerkiksi pikkujouluihin.&#8221; P. Karppinen, <b>Radio Kajaus<\/b>. &#8221;Tyyli\u00e4 vaikka muille jakaa. Vaikea valita t\u00e4m\u00e4n ja Rajattoman v\u00e4lill\u00e4.&#8221; Antti, <b>Radio Janne<\/b>. <\/span><\/span><\/p>\n","protected":false},"excerpt":{"rendered":"<p>Tammikuu Souvarit: 10 uutta &amp; 10 suosituinta &#8221;Taattua tavaraa. Hyv\u00e4\u00e4 tanssimusiikkia koko levyllinen.&#8221; Minna Peittola, Radio Kajaus. &#8221;Ylivoimaisesti toivotuin yhtye&#8230;<\/p>\n","protected":false},"author":1,"featured_media":0,"parent":0,"menu_order":0,"comment_status":"closed","ping_status":"closed","template":"","meta":[],"_links":{"self":[{"href":"https:\/\/www.hitit.fi\/index.php\/wp-json\/wp\/v2\/pages\/365"}],"collection":[{"href":"https:\/\/www.hitit.fi\/index.php\/wp-json\/wp\/v2\/pages"}],"about":[{"href":"https:\/\/www.hitit.fi\/index.php\/wp-json\/wp\/v2\/types\/page"}],"author":[{"embeddable":true,"href":"https:\/\/www.hitit.fi\/index.php\/wp-json\/wp\/v2\/users\/1"}],"replies":[{"embeddable":true,"href":"https:\/\/www.hitit.fi\/index.php\/wp-json\/wp\/v2\/comments?post=365"}],"version-history":[{"count":1,"href":"https:\/\/www.hitit.fi\/index.php\/wp-json\/wp\/v2\/pages\/365\/revisions"}],"predecessor-version":[{"id":8003,"href":"https:\/\/www.hitit.fi\/index.php\/wp-json\/wp\/v2\/pages\/365\/revisions\/8003"}],"wp:attachment":[{"href":"https:\/\/www.hitit.fi\/index.php\/wp-json\/wp\/v2\/media?parent=365"}],"curies":[{"name":"wp","href":"https:\/\/api.w.org\/{rel}","templated":true}]}}