{"id":369,"date":"2015-01-25T15:38:27","date_gmt":"2015-01-25T15:38:27","guid":{"rendered":"http:\/\/www.hitit.fi\/?page_id=369"},"modified":"2022-04-28T19:21:11","modified_gmt":"2022-04-28T16:21:11","slug":"kuukauden-levyt-2004","status":"publish","type":"page","link":"https:\/\/www.hitit.fi\/index.php\/kuukauden-levyt-2004\/","title":{"rendered":"Kuukauden Levyt 2004"},"content":{"rendered":"<h3 class=\"western\"><span style=\"font-family: Arial,sans-serif;\"><span style=\"font-size: medium;\">Tammikuu<\/span><\/span><\/h3>\n<p><span style=\"font-family: Arial,sans-serif;\"><span style=\"font-size: medium;\"><b>MARKO HAAVISTO &amp; POUTAHAUKAT \u2013 Kunpa tiet\u00e4isitkin (Johanna) <\/b><\/span><\/span><\/p>\n<p><span style=\"font-family: Arial,sans-serif;\"><span style=\"font-size: medium;\">&#8211; T\u00e4ll\u00e4 porukalla on ihan oma soundinsa. Persoonallinen, mutta sujuva ote kunniaan. <b>Marja Tuomisaari, Radio Satah\u00e4me <\/b>, Ikaalinen-Parkano-Kankaanp\u00e4\u00e4, Luoteis-Pirkanmaa<br \/>\n&#8211; Kantri- ja kulkuriromantiikka tuli t\u00e4lle vuosituhannelle. Marko Haavisto on Rauli Badding Somerjoen henkinen perillinen suoraan alenevassa polvessa. <b>Hannu Nevala, Radio Salminen \/ Oikea Asema<\/b> , Savo<br \/>\n&#8211; Marko Haavisto on entist\u00e4 enemm\u00e4n l\u00f6yt\u00e4nyt oman linjansa. Ty\u00f6skentely on ammattimaista mutta n\u00f6yr\u00e4\u00e4. Upea ryhm\u00e4 levyll\u00e4 ja keikalla. <b>Joni Heinonen, Radio 99<\/b> , Lahti<br \/>\n&#8211; Perinteit\u00e4 kunnioittavaa pop- ja iskelm\u00e4musiikkia. Jokap\u00e4iv\u00e4ist\u00e4 leip\u00e4\u00e4 radioaalloilla, t\u00e4t\u00e4 ei voi olla soittamatta. <b>Jussi H\u00e4kkil\u00e4, Radio Pooki, Keski- ja Pohjois-Pohjanmaa<\/b> , Meri-Lappi <\/span><\/span><\/p>\n<h3 class=\"western\"><span style=\"font-family: Arial,sans-serif;\"><span style=\"font-size: medium;\">Helmikuu<\/span><\/span><\/h3>\n<p><span style=\"font-family: Arial,sans-serif;\"><span style=\"font-size: medium;\"><b>NELJ\u00c4 RUUSUA \u2013 Karelia Express (EMI)<\/b> <\/span><\/span><\/p>\n<p><span style=\"font-family: Arial,sans-serif;\"><span style=\"font-size: medium;\">&#8211; Tuttua turvallista ja odotuksen palkitsevaa. Ilkka Alangon tekstit, erityisesti \u00d6isell\u00e4 rannalla, kolahtaa suoraan syd\u00e4meen joten valinta on helppo. <b>Anita Andersson \/L\u00e4hiradio<\/b> , Helsinki<br \/>\n&#8211; Ruusut kukkivat. <b>Aki Mikkola, Radio West<\/b> , Harjavalta \u2013 Pori<br \/>\n&#8211; Hiljaiselon j\u00e4lkeen Nelj\u00e4 Ruusua r\u00e4j\u00e4ytt\u00e4\u00e4 pankin laadukkaalla levyll\u00e4, joka on puolillaan tulevia hittej\u00e4. Ja tottakai tuttuun tyyliin musiikillisesti ja teknisesti laatulevy. <b>Anssi Saarelainen, Radio Salminen \/ Oikea Asema<\/b> , Iisalmi \u2013 Kuopio &#8211; Varkaus<br \/>\n&#8211; Eip\u00e4 t\u00e4t\u00e4 paljon tarvitse perustella. <b>Mikko Koivusipil\u00e4, Radio 882<\/b> , Salo<br \/>\n&#8211; Veteraaniyhtye kuulostaa uudella levyll\u00e4\u00e4n edelleen innostuneelta vaikka takana on jo 22 vuotta v\u00e4\u00e4nt\u00e4mist\u00e4. Rutiini on k\u00e4\u00e4nnetty t\u00e4ss\u00e4 tapauksessa voitoksi. <b>Hippi Hovi, Radio Vaasa<\/b><\/span><\/span><\/p>\n<h3 class=\"western\"><span style=\"font-family: Arial,sans-serif;\"><span style=\"font-size: medium;\">Maaliskuu<\/span><\/span><\/h3>\n<p><span style=\"font-family: Arial,sans-serif;\"><span style=\"font-size: medium;\"><b>KAIJA K\u00c4RKINEN &amp; ILE KALLIO \u2013 Kuka saa kyyneleet (AXR)<\/b> <\/span><\/span><\/p>\n<p><span style=\"font-family: Arial,sans-serif;\"><span style=\"font-size: medium;\">&#8211; Onhan ne asiat kohdallaan, kun Ile ja Kaija musiikkia tekee. Laadukas levy monine potentiaa-lisine hittikappaleineen. Leppoisaa kuunneltavaa. Soundit ovat aina kohdallaan t\u00e4m\u00e4n kaksikon muusikin tekemisiss\u00e4. <b>Anssi Saarelainen, Radio Salminen \/ Oikea Asema, Iisalmi \u2013 Kuopio &#8211; Varkaus<\/b><br \/>\n&#8211; Tyylik\u00e4s kokonaispaketti. Ihailtavaa yhteisty\u00f6t\u00e4 Kaijalta ja Ilelt\u00e4. Useamman kuuntelukerran j\u00e4lkeen tekstien sy\u00f6verit sytytt\u00e4v\u00e4t. <b>Marja Tuomisaari, Radio Satah\u00e4me, Ikaalinen<\/b> <\/span><\/span><\/p>\n<h3 class=\"western\"><span style=\"font-family: Arial,sans-serif;\"><span style=\"font-size: medium;\">Huhtikuu<\/span><\/span><\/h3>\n<p><span style=\"font-family: Arial,sans-serif;\"><span style=\"font-size: medium;\"><b>Seppo Tammilehto \u2013 Tosirakkautta (Darkhorse)<\/b> <\/span><\/span><\/p>\n<p><span style=\"font-family: Arial,sans-serif;\"><span style=\"font-size: medium;\">&#8211; Seppo on l\u00f6yt\u00e4nyt oman tyylins\u00e4 ja toivottavasti my\u00f6s paikkansa suomalaisen iskelm\u00e4popin kent\u00e4ss\u00e4. Levyll\u00e4 hieno versio Turtles-klassikosta Eleanore. Tosirakkautta-biisi sin\u00e4ll\u00e4\u00e4n on pieni helmi. <b>Marja Tuomisaari, Radio Satah\u00e4me, Ikaalinen-Kankaanp\u00e4\u00e4-Parkano <\/b><br \/>\n&#8211; Sepon levy on toimiva kokonaisuus ja osoittaa sen, ett\u00e4 kuinka tehd\u00e4\u00e4n hyv\u00e4\u00e4 musiikkia. Eik\u00f6h\u00e4n tosirakkautta tarvitse kuitenkin jokainen omassa el\u00e4m\u00e4ss\u00e4\u00e4n edes pieniss\u00e4 m\u00e4\u00e4rin. <b>P. Karppinen, Radio Kajaus, Kajaani-Kuusamo-Kainuu<\/b><br \/>\n&#8211; Seppo jaksaa heilua&#8230;tyylilleen uskollisena. Ei taatusti tuota pettymyst\u00e4 t\u00e4m\u00e4n musiikkilajin yst\u00e4v\u00e4lle. <b>Aki Mikkola, Radio West, Harjavalta-Pori<\/b><\/span><\/span><\/p>\n<h3 class=\"western\"><span style=\"font-family: Arial,sans-serif;\"><span style=\"font-size: medium;\">Toukokuu<\/span><\/span><\/h3>\n<p><span style=\"font-family: Arial,sans-serif;\"><span style=\"font-size: medium;\"><b>Janne Tulkki &#8211; Kaikkeni oot (Bluebird)<\/b> <\/span><\/span><\/p>\n<p><span style=\"font-family: Arial,sans-serif;\"><span style=\"font-size: medium;\">&#8211; Jannen uusin on taattua Janne-laatua! Pisteet siit\u00e4, ett\u00e4 on uskaltanut laittaa my\u00f6s omia kappaleita entist\u00e4 enemm\u00e4n levylle. Turhuuden tiell\u00e4 &#8211; kappale osoittaa sen. ett\u00e4 hyv\u00e4\u00e4n kappaleeseen on tehty taidolla uudet sanat. Loistavaa kes\u00e4lomamusaa! <b>P\u00e4ivi Karppinen, Radio Kajaus, Kajaani-Kainuu-Kuusamo <\/b><br \/>\n&#8211; Tuttua ja turvallista. Sekalaista levysaldoa on vaikea arvioida, mutta Janne ainakin teki sen, mit\u00e4 osasi odottaa. Itse miellyin Chris Rean vanhan biisin l\u00e4mmittelylle. <b>Marja Tuomisaari, Radio Satah\u00e4me, Ikaalinen-Parkano-Kankaanp\u00e4\u00e4-H\u00e4meenkyr\u00f6 <\/b><br \/>\n&#8211; Kattava kokoelma Jannen \u00e4\u00e4nelle sopivaa musaa. Janne on kehittynyt tekstintekij\u00e4n\u00e4, esiintyj\u00e4n\u00e4h\u00e4n h\u00e4n on ollut huippuluokkaa jo kauan. <b>Anita Andersson, L\u00e4hiradio, Helsinki <\/b><\/span><\/span><\/p>\n<h3>Kes\u00e4kuu<\/h3>\n<p><span style=\"font-family: Arial,sans-serif;\"><span style=\"font-size: medium;\"><b>NIGHTWISH \u2013 Once (Spinefarm)<\/b> <\/span><\/span><\/p>\n<p><span style=\"font-family: Arial,sans-serif;\"><span style=\"font-size: medium;\">&#8211; Tyylik\u00e4s albumi Kiteen ylpeydelt\u00e4. Levyll\u00e4 on mm. loistava kotimainen biisi Kuolema tekee taiteilijan. Ei Night-wishin uusin turhaan ole listojen k\u00e4rjess\u00e4 meill\u00e4 ja maailmalla. <b>Tuula Turunen, Radio Rex, <\/b>Joensuu, Pohjois-Karjala<br \/>\n&#8211; Kokoonpanon paras suoritus, Tarja on upea laulaja ja biisit paranee kuuntelu kuuntelulta. <b>Jussi H\u00e4kkil\u00e4, Radio Pooki,<\/b> Keski- ja Pohjois-Pohjanmaa, Meri-Lappi.<br \/>\n&#8211; Sit\u00e4 musiikkia, jota haluan kuunnella, kun en kuuntele jazzia. <b>Eija K\u00f6lhi, Radio Foni,<\/b> Porvoo<br \/>\n&#8211; Tarjan upea \u00e4\u00e4ni ja b\u00e4ndin uusiutunut soundi saa pisteet. Levy kest\u00e4\u00e4 monta kuuntelua. <b>Anita Andersson, L\u00e4hi-radio, <\/b>Helsinki<br \/>\n<\/span><\/span><\/p>\n<h3><span style=\"font-family: Arial,sans-serif;\"><span style=\"font-size: medium;\">Hein\u00e4kuu<\/span><\/span><\/h3>\n<p><span style=\"font-family: Arial,sans-serif;\"><span style=\"font-size: medium;\"><b>KARI PIIRONEN \u2013 YHTEINEN TIE (Tatsia)<\/b> <\/span><\/span><\/p>\n<p><span style=\"font-family: Arial,sans-serif;\"><span style=\"font-size: medium;\">&#8211; Persoonallinen, mutta kappaleiden juuria ja esikuviaan kunnioittava artisti valloittaa musiikillaan suomalaisen iskelm\u00e4n yst\u00e4v\u00e4t. <b>Antti Pehkonen, Radio Satah\u00e4me,<\/b> Ikaalinen-Parkano-Kankaanp\u00e4\u00e4, Luoteis-Pirkanmaa<br \/>\n&#8211; Pitk\u00e4\u00e4n odotettu kuninkaan loistava levy. Jokainen l\u00f6yt\u00e4\u00e4 helposti oman suosikkinsa. Paranee joka kuuntelulla. <b>P\u00e4ivi Karppinen, Radio Kajaus,<\/b> Kajaani-Kuusamo, Kainuu<br \/>\n&#8211; Hienoa suomalaista musiikkia tunteella esitettyn\u00e4. <b>Tarja Kultavuori, J\u00e4rviradio,<\/b> Alaj\u00e4rvi-Viitasaari-Jyv\u00e4skyl\u00e4-Pihtipudas <\/span><\/span><\/p>\n<h3 class=\"western\"><span style=\"font-family: Arial,sans-serif;\"><span style=\"font-size: medium;\">Elokuu<\/span><\/span><\/h3>\n<p><span style=\"font-family: Arial,sans-serif;\"><span style=\"font-size: medium;\"><b>KAUKO SIMONEN \u2013 SILLOIN ITKUSI TURHAA ON VAAN (VL-Musiikki)<\/b> <\/span><\/span><\/p>\n<p><span style=\"font-family: Arial,sans-serif;\"><span style=\"font-size: medium;\">&#8211; Ensimm\u00e4inen tangokuningas osaa ty\u00f6ns\u00e4 loistavasti. Upea levy vie kuulijan ja tanssijan monenlaisiin tunnelmiin. Kuka ties se sateenkaarenp\u00e4\u00e4kin joskus l\u00f6ytyy. <b>P\u00e4ivi Karppinen, Radio Kajaus, <\/b>Kajaani-Kuusamo-Kainuu<br \/>\n&#8211; Loistava katsaus tangokuninkaan tuotantoon vuosien varrelta. Monipuolista tanssimusiikkia. <b>Tarja Kultavuori, J\u00e4rviradio,<\/b> Alaj\u00e4rvi-Jyv\u00e4skyl\u00e4-Viitasaari-Pihtipudas <\/span><\/span><\/p>\n<h3 class=\"western\"><span style=\"font-family: Arial,sans-serif;\"><span style=\"font-size: medium;\">Syyskuu<\/span><\/span><\/h3>\n<p><span style=\"font-family: Arial,sans-serif;\"><span style=\"font-size: medium;\"><b>JANI WICKHOLM \u2013 KAIKKI MUUTTUU (BMG)<\/b> <\/span><\/span><\/p>\n<p><span style=\"font-family: Arial,sans-serif;\"><span style=\"font-size: medium;\">&#8211; Wickholm tuli ja n\u00e4ytti kuka on IDOLI! <b>Aki Mikkola, Radio West, <\/b>Huittinen-Pori &#8211; Heti ensimm\u00e4isest\u00e4 Idols-koelaulusta l\u00e4htien oli selv\u00e4\u00e4, ett\u00e4 t\u00e4st\u00e4 tyypist\u00e4 kuullaan viel\u00e4. Pehme\u00e4 \u00e4\u00e4ni ja loistava tunteiden tulkki. Levylt\u00e4 l\u00f6ytyy monta hyv\u00e4\u00e4 biisi\u00e4, jotka vain paranevat useamman kuuntelukerran j\u00e4lkeen. <b>Marja Tuomisaari, Radio Satah\u00e4me,<\/b> Ikaalinen-Parkano-Kankaanp\u00e4\u00e4-Nokia<br \/>\n&#8211; Laulajan oloista musiikkia. Hyvi\u00e4 radiohittej\u00e4. <b>Tuula Turunen, Radio Rex, <\/b>Joensuu-Pohjois-Karjala<br \/>\n&#8211; Negativen ja Janin v\u00e4lill\u00e4 on vaikea valita, mutta Janille ykk\u00f6spisteet koska CC Rider tourin ja Idolsien j\u00e4lkeen levylt\u00e4 paljastuu uudenlainen herkk\u00e4 Jani jonka ohjelmisto toimii my\u00f6s liven\u00e4.. <b>Anita Andersson, L\u00e4hiradio, <\/b>Helsinki<br \/>\n&#8211; Selke\u00e4sti lahjakkain taannoisen kykykilpailun ehdokkaista. Mist\u00e4 osoituksena my\u00f6s biisintekotaito. <b>Jussi H\u00e4kkil\u00e4, Radio Pooki, <\/b>Keski- ja Pohjois-Pohjanmaa, Meri-Lappi <\/span><\/span><\/p>\n<h3 class=\"western\"><span style=\"font-family: Arial,sans-serif;\"><span style=\"font-size: medium;\">Lokakuu<\/span><\/span><\/h3>\n<p><span style=\"font-family: Arial,sans-serif;\"><span style=\"font-size: medium;\"><b>HECTOR \u2013 EI SELITYKSI\u00c4 (AllStar)<\/b> <\/span><\/span><\/p>\n<p><span style=\"font-family: Arial,sans-serif;\"><span style=\"font-size: medium;\">&#8211; Hector tekee edelleen itse uutta musiikkia ja erottuu n\u00e4in muiden ehdokkaiden joukosta edukseen. <b>Aki Mikkola, Radio West,<\/b> Huittinen-Pori<br \/>\n&#8211; Hector on palannut siihen mink\u00e4 parhaiten osaa. Ihan loistava levy. <b>Joni Heinonen, Radio 99,<\/b> Lahti <\/span><\/span><\/p>\n<h3 class=\"western\"><span style=\"font-family: Arial,sans-serif;\"><span style=\"font-size: medium;\">Marraskuu<\/span><\/span><\/h3>\n<p><span style=\"font-family: Arial,sans-serif;\"><span style=\"font-size: medium;\"><b>EPPU NORMAALI &#8211; SADAN VUODEN P\u00c4\u00c4ST\u00c4KIN (POKO)<\/b> <\/span><\/span><\/p>\n<p><span style=\"font-family: Arial,sans-serif;\"><span style=\"font-size: medium;\">&#8211; Odotettu levy ei tuonut pettymyst\u00e4. Martin laulut puhuttelevat ja soitto puolellakin &#8221;jylh\u00e4&#8221; meininki. <b>Marja Tuomisaari, Radio Satah\u00e4me,<\/b> Ikaalinen-Parkano-Kankaanp\u00e4\u00e4-Tampere<br \/>\n&#8211; Takuuvarma myyntimenestys ja vanhojen herrojen paluu. Vaikkeiv\u00e4t koskaan poissa olleetkaan. <b>Jussi H\u00e4kkil\u00e4, Radio Pooki, Keski- ja Pohjois-Pohjanmaa,<\/b> Meri-Lappi<br \/>\n&#8211; &#8230;miten niin ei ollut Eppuja&#8230; <b>Aki Mikkola, Radio West,<\/b> Huittinen-Pori <\/span><\/span><\/p>\n<h3 class=\"western\"><span style=\"font-family: Arial,sans-serif;\"><span style=\"font-size: medium;\">Joulukuu<\/span><\/span><\/h3>\n<p><span style=\"font-family: Arial,sans-serif;\"><span style=\"font-size: medium;\"><b>ANNE MATTILA &amp; SISKOT &#8211; MINUN JOULULAULUNI (BLUEBIRD)<\/b> <\/span><\/span><\/p>\n<p><span style=\"font-family: Arial,sans-serif;\"><span style=\"font-size: medium;\">&#8211; Iskelm\u00e4prinsessat siskoineen(onko niit\u00e4 viel\u00e4 enempikin&#8230;.?) Pit\u00e4isi purra pahimpaan mattilan\u00e4lk\u00e4\u00e4n. Ja mik\u00e4 positiivisinta, suurin osa uusia joulukipaleita, vaikka mukana jokunen pakkoveisu. <b>Jussi H\u00e4kkil\u00e4, <\/b>Radio Pooki<\/span><\/span><\/p>\n","protected":false},"excerpt":{"rendered":"<p>Tammikuu MARKO HAAVISTO &amp; POUTAHAUKAT \u2013 Kunpa tiet\u00e4isitkin (Johanna) &#8211; T\u00e4ll\u00e4 porukalla on ihan oma soundinsa. Persoonallinen, mutta sujuva ote&#8230;<\/p>\n","protected":false},"author":1,"featured_media":0,"parent":0,"menu_order":0,"comment_status":"closed","ping_status":"closed","template":"","meta":[],"_links":{"self":[{"href":"https:\/\/www.hitit.fi\/index.php\/wp-json\/wp\/v2\/pages\/369"}],"collection":[{"href":"https:\/\/www.hitit.fi\/index.php\/wp-json\/wp\/v2\/pages"}],"about":[{"href":"https:\/\/www.hitit.fi\/index.php\/wp-json\/wp\/v2\/types\/page"}],"author":[{"embeddable":true,"href":"https:\/\/www.hitit.fi\/index.php\/wp-json\/wp\/v2\/users\/1"}],"replies":[{"embeddable":true,"href":"https:\/\/www.hitit.fi\/index.php\/wp-json\/wp\/v2\/comments?post=369"}],"version-history":[{"count":1,"href":"https:\/\/www.hitit.fi\/index.php\/wp-json\/wp\/v2\/pages\/369\/revisions"}],"predecessor-version":[{"id":8004,"href":"https:\/\/www.hitit.fi\/index.php\/wp-json\/wp\/v2\/pages\/369\/revisions\/8004"}],"wp:attachment":[{"href":"https:\/\/www.hitit.fi\/index.php\/wp-json\/wp\/v2\/media?parent=369"}],"curies":[{"name":"wp","href":"https:\/\/api.w.org\/{rel}","templated":true}]}}