{"id":375,"date":"2015-01-25T15:44:15","date_gmt":"2015-01-25T15:44:15","guid":{"rendered":"http:\/\/www.hitit.fi\/?page_id=375"},"modified":"2022-04-28T19:21:28","modified_gmt":"2022-04-28T16:21:28","slug":"kuukauden-levyt-2006","status":"publish","type":"page","link":"https:\/\/www.hitit.fi\/index.php\/kuukauden-levyt-2006\/","title":{"rendered":"Kuukauden Levyt 2006"},"content":{"rendered":"<h3 class=\"western\"><span style=\"font-family: Arial,sans-serif;\"><span style=\"font-size: medium;\">Tammikuu<\/span><\/span><\/h3>\n<p><span style=\"font-family: Arial,sans-serif;\"><span style=\"font-size: medium;\"><b>MARKO HAAVISTO &amp; POUTAHAUKAT \u2013 T\u00e4ss\u00e4 ja nyt (Johanna)<\/b> <\/span><\/span><\/p>\n<p><span style=\"font-family: Arial,sans-serif;\"><span style=\"font-size: medium;\">&#8211; Marko kumppaneineen on uskollinen omalle tyylilleen. Yll\u00e4tt\u00e4v\u00e4\u00e4, ett\u00e4 levyn parhaat biisit l\u00f6ytyv\u00e4tkin loppup\u00e4\u00e4st\u00e4. Hauska oivallus toi Marko-polo. <b>Marja Tuomisaari<\/b>, Sun FM, Ikaalinen-Tampere-Parkano-Kankaanp\u00e4\u00e4. &#8211; Luotan Haaviston tyyliin, joka pit\u00e4\u00e4 uusimmallakin levyll\u00e4 kannesta viimeiseen raitaan. <b>Liina Matveinen<\/b>, Radio Rex, Joensuu-Pohjois-Karjala<\/span><\/span><\/p>\n<h3 class=\"western\"><span style=\"font-family: Arial,sans-serif;\"><span style=\"font-size: medium;\">Helmikuu<\/span><\/span><\/h3>\n<p><span style=\"font-family: Arial,sans-serif;\"><span style=\"font-size: medium;\"><b>EGOTRIPPI \u2013 Viel\u00e4 koittaa uusi aika (Sony BMG)<\/b> <\/span><\/span><\/p>\n<p><span style=\"font-family: Arial,sans-serif;\"><span style=\"font-size: medium;\">&#8211; Tunnustaudun Egotrippi-faniksi jo Se on tosi jees -biisist\u00e4 l\u00e4htien. Joten t\u00e4m\u00e4 uusikin on TOSI jees. Koukuttavia sointukuvioita. <b>Marja Tuomisaari<\/b>, Sun FM, Ikaalinen-Tampere-Parkano-Kankaanp\u00e4\u00e4<br \/>\n&#8211; Egotrippi jatkaa uudella levyll\u00e4\u00e4n varmalla ja puhuttelevalla linjalla. Sanat koskettavat ja musiikki vie mukanaan. <b>Pauliina Kankare<\/b>, Radio West, Huittinen-Pori<br \/>\n&#8211; Egotripin uusi levy tavoittaa t\u00e4ydellisesti suomalaisen sielunmaiseman kansitaidettaan my\u00f6ten! <b>Hippi Hovi<\/b>, Radio Vaasa<\/span><\/span><\/p>\n<h3 class=\"western\"><span style=\"font-family: Arial,sans-serif;\"><span style=\"font-size: medium;\">Maaliskuu<\/span><\/span><\/h3>\n<p><span style=\"font-family: Arial,sans-serif;\"><span style=\"font-size: medium;\"><b>LIISA TUHKANEN \u2013 Siivet (P.F.M.)<\/b> <\/span><\/span><\/p>\n<p><span style=\"font-family: Arial,sans-serif;\"><span style=\"font-size: medium;\">&#8211; Liisan levy pit\u00e4\u00e4 otteessaan tiukasti. Tunneskaala vaihtelee voimakkaasti, mutta kaikki kolahtaa. Kappalevalinnat kohdallaan ja aidot soittajat taustalla kruunaavat loput. T\u00e4m\u00e4 lupaa hyv\u00e4\u00e4 Liisan uralle. <b>P\u00e4ivi Karppinen<\/b>, Radio Kajaus, Kajaani-Kuusamo-Kainuu<br \/>\n&#8211; Kaunis\u00e4\u00e4ninen uusi tuttavuus. Mustaa j\u00e4\u00e4t\u00e4 ja Enkelit haastavat vakavasti Mattilan sisarusten musiikin. <b>Anita Andersson<\/b>, L\u00e4hiradio, Helsinki<br \/>\n&#8211; Aina uusi tulokas kiinnostaa ja t\u00e4m\u00e4 tulokas yll\u00e4tt\u00e4\u00e4 positiivisesti. Kyll\u00e4 t\u00e4llainen kaiken maailman tekot\u00e4hdet voittaa&#8230;onpa tytt\u00f6 my\u00f6s itse tehnyt osan musiikistaan. <b>Jussi H\u00e4kkil\u00e4<\/b>, Radio Pooki, Keski- ja Pohjois-Pohjanmaa, Meri-Lappi<\/span><\/span><\/p>\n<h3 class=\"western\"><span style=\"font-family: Arial,sans-serif;\"><span style=\"font-size: medium;\">Huhtikuu<\/span><\/span><\/h3>\n<p><span style=\"font-family: Arial,sans-serif;\"><span style=\"font-size: medium;\"><b>ANNIKA EKLUND \u2013 Shanghain valot (Warner)<\/b> <\/span><\/span><\/p>\n<p><span style=\"font-family: Arial,sans-serif;\"><span style=\"font-size: medium;\">&#8211; Annikan levy on kev\u00e4\u00e4n aurinkoisiin p\u00e4iviin sopivaa leppoisaa tunnelmointimusiikkia. Annika on niin vilpit\u00f6n, ett\u00e4 h\u00e4nest\u00e4 on vaikea olla pit\u00e4m\u00e4tt\u00e4. Shanghain valot on vain pieni raapaisu t\u00e4t\u00e4 monipuolista pakettia.: <b>Pauliina Parto<\/b>, Radio Manta, Vammala-Nokia<br \/>\n&#8211; Kaikkia kolmea \u00e4\u00e4nest\u00e4m\u00e4\u00e4ni (Annika, Nelj\u00e4nsuora ja Simo Silmu) yhdist\u00e4\u00e4 hyv\u00e4 menestys meid\u00e4n suosikit-listallamme. Ykk\u00f6sen\u00e4 oli pitk\u00e4\u00e4n erityisen vahva biisi Shanghain valot ja nyt nousussa kes\u00e4isen hyv\u00e4ntuulinen Min\u00e4 ja H\u00e4n. Soittokerrat ratkaisivat pelin. siis Annika. <b>Marja Tuomisaari<\/b>, Sun FM. Ikaalinen-Tampere-Parkano-Kankaanp\u00e4\u00e4 <\/span><\/span><\/p>\n<h3 class=\"western\"><span style=\"font-family: Arial,sans-serif;\"><span style=\"font-size: medium;\">Toukokuu<\/span><\/span><\/h3>\n<p><span style=\"font-family: Arial,sans-serif;\"><span style=\"font-size: medium;\"><b>JUHA METS\u00c4PER\u00c4 \u2013 Pienen hetken (HMC)<\/b> <\/span><\/span><\/p>\n<p><span style=\"font-family: Arial,sans-serif;\"><span style=\"font-size: medium;\">&#8211; Komea\u00e4\u00e4ninen nuorukainen, josta varmasti kuullaan jatkossakin. Musaa moneen makuun ja tuoretta sellaista. Ja plussaa tietty my\u00f6s pohjoissuomalaisuus &#8211; miten niin kotiinp\u00e4in vetoa? <b>Jussi H\u00e4kkil\u00e4<\/b>, Radio Pooki, Keski- ja Pohjois-Pohjanmaa, Meri-Lappi<br \/>\n&#8211; Kotoa levylaulajaksi haettu Mets\u00e4per\u00e4 lunasti esikoislevyll\u00e4\u00e4n h\u00e4neen kohdistuneet odotukset. Nimek\u00e4s tekij\u00e4kaarti on saanut lauluilleen uuden lupaavan tulkitsijan. Onneksi ilman laulukilpailu-voittojakin l\u00f6ytyy lahjakkaita laulajia.: <b>Marja Tuomisaari<\/b>, SunFM, Ikaalinen-Tampere-Kankaanp\u00e4\u00e4-Parkano<br \/>\n&#8211; Juha Mets\u00e4per\u00e4 vakuuttaa debyyttialbumillaan. Upea \u00e4\u00e4ni ja koskettavat laulut! <b>Pauliina Kankare<\/b>, Radio West, Huitinen-Pori <\/span><\/span><\/p>\n<h3 class=\"western\"><span style=\"font-family: Arial,sans-serif;\"><span style=\"font-size: medium;\">Kes\u00e4kuu<\/span><\/span><\/h3>\n<p><span style=\"font-family: Arial,sans-serif;\"><span style=\"font-size: medium;\"><b>KATRI YLANDER (Sony BMG)<\/b> <\/span><\/span><\/p>\n<p><span style=\"font-family: Arial,sans-serif;\"><span style=\"font-size: medium;\">&#8211; Mukavaa kuunneltavaa, sopii paikkaan kuin paikkaan. Upea \u00e4\u00e4ni! <b>Pauliina Kankare<\/b>, Radio West, Huittinen-Pori<br \/>\n&#8211; Idols-kakkonen olisi ykk\u00f6spaikkansa ansainnut my\u00f6s siin\u00e4 kisassa, mutta nyt edes t\u00e4ss\u00e4. Katrin aidosti herk\u00e4nkuuloista tulkintaa on ilo kuunnella. Hyvi\u00e4 tekstej\u00e4 my\u00f6s. &#8221;Maistuu mansikalta&#8221;. <b>Mar-ja Tuomisaari<\/b>, SunFM, Ikaalinen-Tampere-Pirkanmaa<\/span><\/span><\/p>\n<h3 class=\"western\"><span style=\"font-family: Arial,sans-serif;\"><span style=\"font-size: medium;\">Hein\u00e4kuu<\/span><\/span><\/h3>\n<p><span style=\"font-family: Arial,sans-serif;\"><span style=\"font-size: medium;\"><b>JAMI &amp; REGENTS \u2013 Uhkapelurit (pienk.)<\/b> <\/span><\/span><\/p>\n<p><span style=\"font-family: Arial,sans-serif;\"><span style=\"font-size: medium;\">&#8211; Reipasta tanssimusiikkia. <b>Pauliina Parto<\/b>, Radio Manta, Vammala-Nokia<br \/>\n&#8211; Olipa mukavan paljon kappaleita t\u00e4ll\u00e4 levyll\u00e4. Hyvin esitettyn\u00e4 veiv\u00e4t kuulijan pois siit\u00e4 hetkes-t\u00e4 ajatusten ja tunteiden valtatielle. <b>P.Karppinen<\/b>, Radio Kajaus, Kajaani-Kuusamo-Kainuu<\/span><\/span><\/p>\n<h3 class=\"western\"><span style=\"font-family: Arial,sans-serif;\"><span style=\"font-size: medium;\">Elokuu<\/span><\/span><\/h3>\n<p><span style=\"font-family: Arial,sans-serif;\"><span style=\"font-size: medium;\"><b>MAMBA \u2013 M\u00e4 tein sen taas (Warner)<\/b> <\/span><\/span><\/p>\n<p><span style=\"font-family: Arial,sans-serif;\"><span style=\"font-size: medium;\">&#8211; Mamba teki sen taas. <b>Marja Tuomisaari<\/b>, Sun FM, Ikaalinen-Tampere-Kankaanp\u00e4\u00e4-Parkano<br \/>\n&#8211; Pieni tauko on tehnyt Mamballe vaan hyv\u00e4\u00e4. Levylt\u00e4 jo hitiksi tullut kappale Hei, DJ kertoo jo sen, ett\u00e4 Mamba ei ole j\u00e4\u00e4nyt soittamaan sit\u00e4 samaa vanhaa mihin monet pitk\u00e4n uran tehneet b\u00e4ndit sortuvat. On vain ajan kysymys, koska Mamban levylt\u00e4 nousee radioiden tehosoittoon lis\u00e4\u00e4 kappaleita. <b>Remi Kokko<\/b>, Radio Salminen \/ Oikea Asema, Iisalmi-Kuopio-Varkaus<br \/>\n&#8211; Takuuvarmoja mambamaisia melodioita, toimii varmaan keikoillakin. <b>Joni Heinonen<\/b>, Radio 99, Lahti<br \/>\n&#8211; Ne teki sen taas&#8230;.. <b>Jussi H\u00e4kkil\u00e4<\/b>, Radio Pooki, Keski- ja Pohjois-Pohjanmaa, Meri-Lappi<\/span><\/span><\/p>\n<h3 class=\"western\"><span style=\"font-family: Arial,sans-serif;\"><span style=\"font-size: medium;\">Syyskuu <\/span><\/span><\/h3>\n<p><span style=\"font-family: Arial,sans-serif;\"><span style=\"font-size: medium;\"><b>AGENTS &amp; JORMA K\u00c4\u00c4RI\u00c4INEN &#8211; \u2026Is Alright (EMI)<\/b><\/span><\/span><\/p>\n<p>&#8211; Agents tuo tunnelmaa uudella levyll\u00e4\u00e4n pimeneviin syysiltoihin. Nautitaan kynttil\u00e4nvalossa hyv\u00e4ss\u00e4 seurassa. <b>Pauliina Kankare<\/b>, Radio West, Huittinen &#8211; Pori<br \/>\n&#8211; Pulliaisen Esa sanoi jo Sorsakosken Topin aikaan: Agentseille tekee biisej\u00e4 maailman parhaat s\u00e4velt\u00e4j\u00e4t. Lis\u00e4si my\u00f6hemmin, ett\u00e4 Jorma laulaa mimmit kuumiksi. Voiko sit\u00e4 valintaa en\u00e4\u00e4 paremmin perustella? <b>Marja Tuomisaari<\/b>, SunFM, Pirkanmaa \u2013 Ikaalinen \u2013 Parkano &#8211; Kankaanp\u00e4\u00e4<br \/>\n&#8211; Kuuntele ite, niin uskot. <b>Jussi H\u00e4kkil\u00e4<\/b>, Radio Pooki, Keski- ja Pohjois-Pohjanmaa, Meri-Lappi<br \/>\n&#8211; Monia hyvi\u00e4 levyj\u00e4 alkusyksyst\u00e4, mutta Agents rules <b>Tarja Kultavuori<\/b>, J\u00e4rviradio, Alaj\u00e4rvi \u2013 Jyv\u00e4skyl\u00e4 &#8211; Viitasaari<br \/>\n&#8211; Levy t\u00e4ynn\u00e4 hittej\u00e4. Varsinkin Unohtumaton ilta on komeasti otettu menoon mukaan. Hieno kappale, jota ei kannata unohtaa. <b>P\u00e4ivi Karppinen<\/b>, Radio Kajaus, Kajaani \u2013 Kainuu &#8211; Kuusamo<\/p>\n<h3 class=\"western\"><span style=\"font-family: Arial,sans-serif;\"><span style=\"font-size: medium;\">Lokakuu <\/span><\/span><\/h3>\n<p><span style=\"font-family: Arial,sans-serif;\"><span style=\"font-size: medium;\"><b>PAULA KOIVUNIEMI &#8211; Y\u00f6perhonen (Edel)<\/b><\/span><\/span><\/p>\n<p>&#8211; Vahvan naisen vahva levy. T\u00e4ytyy todeta ett\u00e4 Paulasta on moneksi. Kone kulkee yh\u00e4 vain. <b>P\u00e4ivi Karppinen<\/b>, Radio Kajaus, Kainuu-Kuusamo-Kajaani<\/p>\n<h3 class=\"western\"><span style=\"font-family: Arial,sans-serif;\"><span style=\"font-size: medium;\">Marraskuu <\/span><\/span><\/h3>\n<p><span style=\"font-family: Arial,sans-serif;\"><span style=\"font-size: medium;\"><b>Vesa-Matti Loiri \u2013 Ivalo (Warner)<\/b><\/span><\/span><\/p>\n<p>&#8211; Veskun \u00e4\u00e4ni, se vaan menee suoraan selk\u00e4ytimeen. Hienoja tulkintoja vanhoista tutuista kappaleista. <b>Pauliina Parto<\/b>, Radio Manta<br \/>\n&#8211; Upealta tulkitsijalta tunnelmallinen albumi. Rocklyriikat sopivat Veskun tummaan \u00e4\u00e4neen loistavasti. <b>Pauliina Kankare<\/b>, Radio West<\/p>\n<h3 class=\"western\"><span style=\"font-family: Arial,sans-serif;\"><span style=\"font-size: medium;\">Vuoden Joululevy <\/span><\/span><\/h3>\n<p><span style=\"font-family: Arial,sans-serif;\"><span style=\"font-size: medium;\"><b>Tarja Turunen &#8211; Henk\u00e4ys ikuisuudesta (Universal)<\/b><\/span><\/span><\/p>\n<p>&#8211; Tarja tullaan varmasti aina muistamaan ex-Nightwish-solistina, mutta onneksi h\u00e4nell\u00e4 on laulunlahjat ja karisma suotu, eik\u00e4 ura tule j\u00e4\u00e4m\u00e4\u00e4n entiseen uraan. Tarjan joululevy antaa oikeudet h\u00e4nen upealle \u00e4\u00e4nelleen, ja saa joulutunnelman luotua itse kullekin. T\u00e4t\u00e4 kelpaa kuunnella vaikka joka joulu. <b>Pauliina Kankare<\/b>, Radio West, Huittinen-Pori<br \/>\n&#8211; Yksi melko vahva tekij\u00e4 ykk\u00f6sen valintaan oli, ett\u00e4 muut levyt ovat, no, ovat mit\u00e4 ovat. Tarja on s\u00e4ilytt\u00e4nyt uudella levyll\u00e4 tutun tyylin, mutta hieman pehmentynyt, joka ei ole lainkaan huono juttu, etenk\u00e4\u00e4n joululevyll\u00e4. Pehmoista tunnelmointia jouluun, olematta perinteinen joululevy. <b>Milla Holm<\/b>, Radio Rex, Joensuu-Pohjois-Karjala<\/p>\n","protected":false},"excerpt":{"rendered":"<p>Tammikuu MARKO HAAVISTO &amp; POUTAHAUKAT \u2013 T\u00e4ss\u00e4 ja nyt (Johanna) &#8211; Marko kumppaneineen on uskollinen omalle tyylilleen. Yll\u00e4tt\u00e4v\u00e4\u00e4, ett\u00e4 levyn&#8230;<\/p>\n","protected":false},"author":1,"featured_media":0,"parent":0,"menu_order":0,"comment_status":"closed","ping_status":"closed","template":"","meta":[],"_links":{"self":[{"href":"https:\/\/www.hitit.fi\/index.php\/wp-json\/wp\/v2\/pages\/375"}],"collection":[{"href":"https:\/\/www.hitit.fi\/index.php\/wp-json\/wp\/v2\/pages"}],"about":[{"href":"https:\/\/www.hitit.fi\/index.php\/wp-json\/wp\/v2\/types\/page"}],"author":[{"embeddable":true,"href":"https:\/\/www.hitit.fi\/index.php\/wp-json\/wp\/v2\/users\/1"}],"replies":[{"embeddable":true,"href":"https:\/\/www.hitit.fi\/index.php\/wp-json\/wp\/v2\/comments?post=375"}],"version-history":[{"count":1,"href":"https:\/\/www.hitit.fi\/index.php\/wp-json\/wp\/v2\/pages\/375\/revisions"}],"predecessor-version":[{"id":8006,"href":"https:\/\/www.hitit.fi\/index.php\/wp-json\/wp\/v2\/pages\/375\/revisions\/8006"}],"wp:attachment":[{"href":"https:\/\/www.hitit.fi\/index.php\/wp-json\/wp\/v2\/media?parent=375"}],"curies":[{"name":"wp","href":"https:\/\/api.w.org\/{rel}","templated":true}]}}