{"id":402,"date":"2015-01-25T19:04:46","date_gmt":"2015-01-25T19:04:46","guid":{"rendered":"http:\/\/www.hitit.fi\/?page_id=402"},"modified":"2022-04-28T19:22:10","modified_gmt":"2022-04-28T16:22:10","slug":"kuukauden-levyt-2012","status":"publish","type":"page","link":"https:\/\/www.hitit.fi\/index.php\/kuukauden-levyt-2012\/","title":{"rendered":"Kuukauden Levyt 2012"},"content":{"rendered":"<h3 class=\"western\"><span style=\"font-family: Arial,sans-serif;\"><span style=\"font-size: medium;\">Tammikuu<br \/>\n<\/span><\/span><\/h3>\n<p><span style=\"font-family: Arial,sans-serif;\"><span style=\"font-size: medium;\"><b>ANNELI MATTILA &#8211; Seitsem\u00e4s taivas (AXR)<\/b><br \/>\n&#8211; Hyv\u00e4\u00e4 kannattaa odottaa vaikka v\u00e4h\u00e4n pidemp\u00e4\u00e4nkin. Albumilta on meill\u00e4 ollut kovassa soitossa jo per\u00e4ti viisi eri kappaletta. <b>Jyrki Hakanen<\/b> \/ Radio Sun<br \/>\n&#8211; Seitsem\u00e4nness\u00e4 taivaassa on kuuntelijat t\u00e4m\u00e4n j\u00e4lkeen. <b>Radio Inarin toimitus<\/b><br \/>\n<\/span><\/span><\/p>\n<h3><span style=\"font-family: Arial,sans-serif;\"><span style=\"font-size: medium;\">Helmikuu <\/span><\/span><\/h3>\n<p><span style=\"font-family: Arial,sans-serif;\"><span style=\"font-size: medium;\"><b>HEIKKI KOSKELO &#8211; Aamuun on aikaa (Mediamusiikki)<\/b><br \/>\n&#8211; Todella loistava kokonaisuus sellainen suomalaista perusmusiikkia, jota meid\u00e4n kaikkien kelpaa kuunnella. Heikin levyll\u00e4 jokainen raita on kuunneltavaa ja ennen kaikkea tanssittavaa musiikkia. Hieno kokonaisuus, nostan hattuani ja korkealle. <b>Lasse Finska<\/b> \/ Lomaradio<br \/>\n&#8211; Kattava kokonaisuus, tyylik\u00e4s sekoitus uutta ja vanhaa musiikkia. Huipputekij\u00e4tiimin k\u00e4denj\u00e4lki kuuluu levyll\u00e4, ja Heikin mahtava \u00e4\u00e4ni p\u00e4\u00e4see oikeuksiinsa monipuolisissa kappaleissa, joista jokainen varmasti l\u00f6yt\u00e4\u00e4 mieleisens\u00e4 niin kuunteluun kuin tanssilattiallekin. <b>P\u00e4ivi Karppinen <\/b>\/ Radio Kajaus<br \/>\n&#8211; Ihan toimiva sekoitus uutta ja vanhaa. <b>Jyrki Hakanen <\/b>\/ Radio Sun<br \/>\n&#8211; Sympaattinen solisti, viime kes\u00e4n tangomiehist\u00e4 parhain. Monipuolinen biisivalikoima laajan yleis\u00f6n makuun. Perinnetietoisesta kokonaisuudesta t\u00e4ydet pisteet. <b>Pentti Ter\u00e4v\u00e4inen<\/b> \/ Radio Musa Tampere <\/span><\/span><\/p>\n<h3><span style=\"font-family: Arial,sans-serif;\"><span style=\"font-size: medium;\">Maaliskuu <\/span><\/span><\/h3>\n<p><span style=\"font-family: Arial,sans-serif;\"><span style=\"font-size: medium;\"><b>EIJA KANTOLA &#8211; Peili (AXR)<\/b><br \/>\n&#8211; Parasta Eijaa, sill\u00e4 musiikki sopii radioon, tanssimiseen ja kuuntelemiseen. Hyv\u00e4t rytmit ja tekstit siivitt\u00e4v\u00e4t kokonaisuuden parhaimpaansa. <b>Lasse Finska<\/b> \/ Lomaradio<br \/>\n&#8211; Monipuolinen albumi osuu korvien v\u00e4liin ja tanssijalan alle. 20 vuoden kokemus tangokuningattarena kuuluu kypsin\u00e4, mietittyin\u00e4 tulkintoina. Eija tekee lauluista itsens\u00e4 n\u00e4k\u00f6isi\u00e4. <b>Pentti Ter\u00e4v\u00e4inen<\/b> \/ Radio Musa, Tampere <\/span><\/span><\/p>\n<h3><span style=\"font-family: Arial,sans-serif;\"><span style=\"font-size: medium;\">Huhtikuu <\/span><\/span><\/h3>\n<p><span style=\"font-family: Arial,sans-serif;\"><span style=\"font-size: medium;\"><b>HEIKKI SALO &#8211; Hiili (AXR)<\/b><br \/>\n&#8211; Loistava albumi Salolta, kuunneltavaa ja soitettavaa musiikkia. <b>Lasse Finska<\/b> \/ Lomaradio<br \/>\n&#8211; Suuri, suomalainen lauluntekij\u00e4 ja tarkkan\u00e4k\u00f6inen tarinankertoja on iskussa. Ajassa kiinni, menneisyyden tuntien. Levy vie Pohjanmaalta Pispalanharjulle mukanaan Miljoonasateen fanit ja nekin, joille Heikki Salo on se poika lavan takaa. <b>Pentti Ter\u00e4v\u00e4inen<\/b> \/ Radio Musa, Tampere <\/span><\/span><\/p>\n<h3><span style=\"font-family: Arial,sans-serif;\"><span style=\"font-size: medium;\">Toukokuu <\/span><\/span><\/h3>\n<p><span style=\"font-family: Arial,sans-serif;\"><span style=\"font-size: medium;\"><b>FBI-BEAT &#8211; Jos olet mun (Magnum)<\/b><br \/>\n&#8211; Monipuolinen kokonaisuus. Tanssija ja kuuntelija l\u00f6yt\u00e4v\u00e4t omat suosikkinsa. <b>P\u00e4ivi Karppinen<\/b> \/ Radio Kajaus<br \/>\n&#8211; K\u00e4ytt\u00f6levy tanssimusiikin tarvitsijoille ja kotimaista musiikkia soittaville radioille. Maistuva kattaus, onnistunut tuotanto. <b>Pentti Ter\u00e4v\u00e4inen<\/b> \/ Radio Musa, Tampere<br \/>\n&#8211; Radio- ja kuuntelijayst\u00e4v\u00e4llist\u00e4 uutta musiikkia tuttuun perinteiseen FBI-Beat-tyyliin. <b>Lasse Finska<\/b> \/ Lomaradio<\/span><\/span><\/p>\n<h3 class=\"western\"><span style=\"font-family: Arial,sans-serif;\"><span style=\"font-size: medium;\">Kes\u00e4kuu <\/span><\/span><\/h3>\n<p><span style=\"font-family: Arial,sans-serif;\"><span style=\"font-size: medium;\"><b>KIKKA LAITINEN &#8211; Suomalaisia rakkaustarinoita 3 (Humble House)<\/b><br \/>\n&#8211; Todella vaikea valita kolmen yht\u00e4 hyv\u00e4n ehdokkaan v\u00e4lilt\u00e4, ne kaksi muuta ovat Kai J\u00e4ms\u00e4 ja Marko Maunuksela. Kikka Laitisen albumi on hieno kokonaisuus; samastuttavia rakkaustarinoita useista eri n\u00e4k\u00f6kulmista. Erityisesti kappaleiden tekstit puhuttelevat kohderyhm\u00e4\u00e4mme. <b>Jyrki Hakanen<\/b> \/ Radio Sun<br \/>\n&#8211; Vahvan naisen el\u00e4m\u00e4nmakuisia tulkintoja el\u00e4m\u00e4n eri vaiheista. <b>P\u00e4ivi Karppinen <\/b>\/ Radio Kajaus <\/span><\/span><\/p>\n<h3><span style=\"font-family: Arial,sans-serif;\"><span style=\"font-size: medium;\">Hein\u00e4kuu <\/span><\/span><\/h3>\n<p><span style=\"font-family: Arial,sans-serif;\"><span style=\"font-size: medium;\"><b>MIKKO SIPOLA &#8211; Making a Sound (Universal)<\/b><br \/>\n&#8211; Raspikurkkuinen Mikko on todella valmis laulaja, eik\u00e4 ihme 1000 keikan j\u00e4lkeen! Biisit tasaisen hyv\u00e4\u00e4 ruotsalaistuotantoa kahta lukuun ottamatta! Hyvi\u00e4 ne suomalaisetkin ovat! <b>Joni Heinonen \/ Radio Voima &#8211; Lahti<\/b><br \/>\n<\/span><\/span><\/p>\n<h3><span style=\"font-family: Arial,sans-serif;\"><span style=\"font-size: medium;\">Elokuu <\/span><\/span><\/h3>\n<p><span style=\"font-family: Arial,sans-serif;\"><span style=\"font-size: medium;\"><b>SEPPO TAMMILEHTO &#8211; 1952 (Turenki)<\/b><br \/>\n&#8211; Ammattitaitoa &#8211; kuuluvuusalueeltamme. <b>Jyrki Hakanen \/ Radio Sun &#8211; Lemp\u00e4\u00e4l\u00e4<\/b><br \/>\n&#8211; Erinomainen katsaus taitavan laulaja-lauluntekij\u00e4n menneisyyteen, t\u00e4h\u00e4n p\u00e4iv\u00e4\u00e4n ja tulevaisuuteen. T\u00e4ysipainoinen paketti hyv\u00e4\u00e4 musiikkia ja my\u00f6s el\u00e4v\u00e4\u00e4 kuvaa. <b>Pentti Ter\u00e4v\u00e4inen \/ Radio Musa<\/b><\/span><\/span><\/p>\n<h3 class=\"western\"><span style=\"font-family: Arial,sans-serif;\"><span style=\"font-size: medium;\">Syyskuu <\/span><\/span><\/h3>\n<p><span style=\"font-family: Arial,sans-serif;\"><span style=\"font-size: medium;\"><b>TUURE KILPEL\u00c4INEN JA KAIHON KARAVAANI &#8211; Afrikan T\u00e4hti (Wea)<\/b><br \/>\n&#8211; Tuure pirist\u00e4\u00e4 syksyn harmaudessa ja pimeydess\u00e4. <b>P\u00e4ivi Karppinen \/ Radio Kajaus<\/b><br \/>\n&#8211; Afrikant\u00e4hte\u00e4 oli mukava pelata pikkupoikana ja levy\u00e4 kuuntelee nyt isompana. <b>Ilmari Aikio \/ Radio Inari<\/b><br \/>\n&#8211; Valovoimainen tunteiden tulkki loistaa uudella albumillaan. <b>Hippi Hovi \/ Radio Vaasa<\/b><br \/>\n&#8211; Yksi kanavamme toivotuimpia ja soitetuimpia. Uuden albumin ensimm\u00e4inen lohkaisu &#8221;Eloon!&#8221; on t\u00e4ll\u00e4 hetkell\u00e4 listamme ykk\u00f6sen\u00e4. Juuri sopivaa l\u00e4\u00e4kett\u00e4 syksyn pimeyteen! <b>Jyrki Hakanen \/ Radio Sun <\/b><br \/>\n&#8211; S\u00e4\u00e4nn\u00f6llisin v\u00e4liajoin tulee joka, joka uudistaa iskelm\u00e4\u00e4. &#8221;Suomen Manu Chao&#8221; lis\u00e4\u00e4 siihen eksoottisiakin mausteita ja syntyy maistuvaa soppaa. Kokonaisuus kest\u00e4\u00e4 kuuntelua pitk\u00e4\u00e4n. <b>Pentti Ter\u00e4v\u00e4inen \/ Radio Musa Tampere<\/b><\/span><\/span><\/p>\n<h3><span style=\"font-family: Arial,sans-serif;\"><span style=\"font-size: medium;\">Lokakuu <\/span><\/span><\/h3>\n<p><span style=\"font-family: Arial,sans-serif;\"><span style=\"font-size: medium;\"><b>Y\u00d6LINTU &#8211; Minne maailma kuljettaa (Warner)<\/b><br \/>\n&#8211; Y\u00f6lintu on viihdytt\u00e4nyt suomalaista tanssi- ja iskelm\u00e4kansaa kunnioitettavat 20 vuotta. Uusi albumi on hieno kokonaisuus, jonka ensimm\u00e4inen lohkaisu Minne maailma kuljettaa on meill\u00e4 listaykk\u00f6sen\u00e4. <b>Jyrki Hakanen \/ Radio Sun<\/b><br \/>\n&#8211; Minne maailma kuljettaa? <b>Ilmari Aikio \/ Radio Inari<\/b><\/span><\/span><\/p>\n<h3><span style=\"font-family: Arial,sans-serif;\"><span style=\"font-size: medium;\">Marraskuu <\/span><\/span><\/h3>\n<p><span style=\"font-family: Arial,sans-serif;\"><span style=\"font-size: medium;\"><b>PEKKA MIKKOLA &#8211; Pirstaloitu onni (Mediamusiikki)<\/b><br \/>\n&#8211; Positiivinen yll\u00e4tys, l\u00f6ytyy jokaiselle jotakin. <b>P\u00e4ivi Karppinen \/ Radio Kajaus<\/b><br \/>\n&#8211; Persoonallisen \u00e4\u00e4nen omaava tangokuningas on tehnyt monipuolisen esikoisalbumin, jossa riitt\u00e4\u00e4 sopivaa soitettavaa sek\u00e4 radioille ett\u00e4 tanssiparketeille. Vakuuttavan avauksen perusteella Pekalle uskaltaa povata kiintot\u00e4hden asemaa. <b>Pentti Ter\u00e4v\u00e4inen \/ Radio Musa Tampere<\/b> <\/span><\/span><\/p>\n<h3 class=\"western\"><span style=\"font-family: Arial,sans-serif;\"><span style=\"font-size: medium;\">Joulukuu<\/span><\/span><\/h3>\n<p><span style=\"font-family: Arial,sans-serif;\"><span style=\"font-size: medium;\"><b>TOMMI SOIDINM\u00c4KI &#8211; Joulun hiljaisuus (Mediamusiikki)<\/b><br \/>\n&#8211; T\u00e4ss\u00e4 on todella tarjolla joulun hiljaisuutta ja rauhallisuutta, mit\u00e4 kaiken kiiren ohella kaivataan. Hieno tunnelmallinen kokonaisuus. <b>P\u00e4ivi Karppinen \/ Radio Kajaus<\/b><br \/>\n&#8211; Kaksitoista tunnelmallista joululaulua ja jouluaiheista laulua on tyylik\u00e4s paketti, joka kest\u00e4\u00e4 joulusta toiseen. Tommin \u00e4\u00e4ni on vain komistunut kilometrien my\u00f6t\u00e4. <b>Pentti Ter\u00e4v\u00e4inen \/ Radio Musa Tampere<\/b><\/span><\/span><\/p>\n","protected":false},"excerpt":{"rendered":"<p>Tammikuu ANNELI MATTILA &#8211; Seitsem\u00e4s taivas (AXR) &#8211; Hyv\u00e4\u00e4 kannattaa odottaa vaikka v\u00e4h\u00e4n pidemp\u00e4\u00e4nkin. Albumilta on meill\u00e4 ollut kovassa soitossa&#8230;<\/p>\n","protected":false},"author":1,"featured_media":0,"parent":0,"menu_order":0,"comment_status":"closed","ping_status":"closed","template":"","meta":[],"_links":{"self":[{"href":"https:\/\/www.hitit.fi\/index.php\/wp-json\/wp\/v2\/pages\/402"}],"collection":[{"href":"https:\/\/www.hitit.fi\/index.php\/wp-json\/wp\/v2\/pages"}],"about":[{"href":"https:\/\/www.hitit.fi\/index.php\/wp-json\/wp\/v2\/types\/page"}],"author":[{"embeddable":true,"href":"https:\/\/www.hitit.fi\/index.php\/wp-json\/wp\/v2\/users\/1"}],"replies":[{"embeddable":true,"href":"https:\/\/www.hitit.fi\/index.php\/wp-json\/wp\/v2\/comments?post=402"}],"version-history":[{"count":1,"href":"https:\/\/www.hitit.fi\/index.php\/wp-json\/wp\/v2\/pages\/402\/revisions"}],"predecessor-version":[{"id":8012,"href":"https:\/\/www.hitit.fi\/index.php\/wp-json\/wp\/v2\/pages\/402\/revisions\/8012"}],"wp:attachment":[{"href":"https:\/\/www.hitit.fi\/index.php\/wp-json\/wp\/v2\/media?parent=402"}],"curies":[{"name":"wp","href":"https:\/\/api.w.org\/{rel}","templated":true}]}}