{"id":406,"date":"2015-01-25T19:17:43","date_gmt":"2015-01-25T19:17:43","guid":{"rendered":"http:\/\/www.hitit.fi\/?page_id=406"},"modified":"2022-04-28T19:22:21","modified_gmt":"2022-04-28T16:22:21","slug":"kuukauden-levyt-2014","status":"publish","type":"page","link":"https:\/\/www.hitit.fi\/index.php\/kuukauden-levyt-2014\/","title":{"rendered":"Kuukauden Levyt 2014"},"content":{"rendered":"<h3 class=\"western\"><span style=\"font-family: Arial,sans-serif;\"><span style=\"font-size: medium;\">Tammikuu<\/span><\/span><\/h3>\n<p><span style=\"font-family: Arial,sans-serif;\"><span style=\"font-size: medium;\"><b>SINI SABOTAGE &#8211; 22 M2 (PME Records)<\/b><br \/>\n&#8211; Aina kun s\u00e4 puhut sit\u00e4 Imatraa&#8230;. Miks! <b>Ilmari Aikio \/ Radio Inari<\/b><br \/>\n<\/span><\/span><\/p>\n<h3><span style=\"font-family: Arial,sans-serif;\"><span style=\"font-size: medium;\">Helmikuu <\/span><\/span><\/h3>\n<p><span style=\"font-family: Arial,sans-serif;\"><span style=\"font-size: medium;\"><b>IRINA BJ\u00d6RKLUND &#8211; La vie est une fete (Kaiho)<\/b><br \/>\n&#8211; Eritt\u00e4in onnistunutta suomalais-ranskalaista tunnelmointia. Onko yhdentyneen Euroopan ansioita, ett\u00e4 kaksi eri kansallista kulttuuria voivat olla n\u00e4in l\u00e4hekk\u00e4in. <b>Jussi Tuovinen \/ Iskelm\u00e4 Oikea Asema, Kuopio.<\/b><br \/>\n&#8211; Saha ei soi levyll\u00e4, mutta hienoja versioita suomalaisista kappaleista. <b>Ilmari Aikio \/ Radio Inari<\/b><br \/>\n&#8211; Kotimaiset klassikot k\u00e4\u00e4ntyv\u00e4t hienosti my\u00f6s muille kielille. Kerta ei ole ensimm\u00e4inen, mutta t\u00e4ll\u00e4 kertaa paketti on osattu tarjota my\u00f6s tavalliselle kuulijalle. Albumille olisi ehk\u00e4 kaivannut my\u00f6s hieman reippaampia rytmej\u00e4. Ehk\u00e4p\u00e4 sitten ensi kerralla. <b>Pentti Ter\u00e4v\u00e4inen \/ Radio Musa Tampere <\/b><br \/>\n<\/span><\/span><\/p>\n<h3><span style=\"font-family: Arial,sans-serif;\"><span style=\"font-size: medium;\">Maaliskuu<\/span><\/span><\/h3>\n<p><span style=\"font-family: Arial,sans-serif;\"><span style=\"font-size: medium;\"><b>JUSSI &amp; THE BOYS &#8211; Kerran viel\u00e4 pojat (Turenki \/ Ding Dong)<\/b><br \/>\n&#8211; Hatunnosto vanhoille herroille. <b>Jussi H\u00e4kkil\u00e4 \/ Radio Pooki<\/b><br \/>\n-Jo levyn nimi kertoo kaiken. Toivottavasti on tulossa viel\u00e4 monta muutakin &#8221;kertaa&#8221;. <b>Jussi Tuovinen \/ Iskelm\u00e4 Oikea Asema<\/b><br \/>\n&#8211; Aivan loistava, monipuolinen albumi radioille, jotka soittavat musiikkia laajalla skaalalla. Levyn kolme instrumentaalibiisi\u00e4 n\u00e4ytt\u00e4v\u00e4t mallia nuoremmille rautalangan v\u00e4\u00e4nt\u00e4jille. <b>Pentti Ter\u00e4v\u00e4inen \/ Radio Musa<\/b><\/span><\/span><\/p>\n<h3><span style=\"font-family: Arial,sans-serif;\"><span style=\"font-size: medium;\">Huhtikuu <\/span><\/span><\/h3>\n<p><span style=\"font-family: Arial,sans-serif;\"><span style=\"font-size: medium;\"><b>LASSE HOIKKA &#8211; Taas kutsuu tie (Sony Music) <\/b><br \/>\n&#8211; Pohjoisen mies tien p\u00e4\u00e4ll\u00e4 24\/7, siis TAAS! <b>Ilmari Aikio \/ Radio Inari<\/b><br \/>\n&#8211; Hienoa, ett\u00e4 Lasse Hoikka ja Souvarit jaksavat omalla linjallaan.Tuttua ja turvallista kuin tunturipurojen raikkaus. Lassen tuotanto tulee soimaan runsaasti meill\u00e4. <b>Reijo Glad \/ Radio Sandels, Iisalmi<\/b><br \/>\n&#8211; Lasse vaihteeksi kantrahtavissa tunnelmissa, joita h\u00e4n on lupaillut jo pitk\u00e4\u00e4n. MIehen pehme\u00e4 \u00e4\u00e4ni sopii hyvin suomikantriin ja niin sopii rautalankakitara ja haitarikin. Herkuttelen ajatuksella, ett\u00e4 Lasse laulaisi albumista my\u00f6s englanninkielisen version&#8230; <b>Pentti Ter\u00e4v\u00e4inen \/ Radio Musa, Tampere<\/b><\/span><\/span><\/p>\n<h3><span style=\"font-family: Arial,sans-serif;\"><span style=\"font-size: medium;\">Toukokuu <\/span><\/span><\/h3>\n<p><span style=\"font-family: Arial,sans-serif;\"><span style=\"font-size: medium;\"><b>FINLANDERS &#8211; Se on el\u00e4m\u00e4\u00e4 (FLD Records) <\/b><br \/>\n&#8211; Pitk\u00e4n kokemuksen omaavat ammattilaiset eiv\u00e4t pet\u00e4 koskaan. <b>Jussi Tuovinen \/ Iskelm\u00e4 Oikea Asema (Kuopio-Varkaus-Iisalmi)<\/b><br \/>\n&#8211; Uusien lauluntekij\u00f6iden panos laajentaa Finkkujen kuulijakuntaa. Albumilla on iso nippu radiohittej\u00e4, jotka her\u00e4tt\u00e4v\u00e4t nekin, jotka eiv\u00e4t v\u00e4ltt\u00e4m\u00e4tt\u00e4 k\u00e4y tanssilavoilla. <b>Pentti Ter\u00e4v\u00e4inen \/ Radio Musa (Tampere)<\/b><br \/>\n&#8211; Ei suomalaista kes\u00e4\u00e4 ilman Finkkuja, Laadukasta, ammattitaitoista ty\u00f6t\u00e4, jossa on aina sanomaa mukana. Sopii suomalaiseen makuun. <b>Reijo Glad \/ Radio Sandels (Iisalmi)<\/b><\/span><\/span><\/p>\n<h3 class=\"western\"><span style=\"font-family: Arial,sans-serif;\"><span style=\"font-size: medium;\">Kes\u00e4kuu<\/span><\/span><\/h3>\n<p><span style=\"font-family: Arial,sans-serif;\"><span style=\"font-size: medium;\"><b>KATJA LUKIN &#8211; L\u00f6ysin viimein paikan kaivatun (Poptori)<\/b><br \/>\n&#8211; Mainio kokonaisuus, josta on saatu esimakua jo useiden sinkkujen muodossa. Albumi sopii erinomaisesti radioon, joka soittaa oikeaa iskelm\u00e4\u00e4 ja poppia. Sopivassa suhteessa menomusaa, tanssittavaa ja kuunneltavaa. Katjan tulkinnat ovat luonnollisia ja laulusuoritukset kympin arvoisia. <b>Reijo Glad \/ Radio Sandels, Iisalmi<\/b><br \/>\n&#8211; Tyylik\u00e4s hittipaketti, jota on rakennettu vuosikausia. Ensimm\u00e4iset singlet taidettiin saada radiosoittoon jo viime vuosikymmenen puolella. Hiljaa hyv\u00e4 tulee, sanotaan. Levy on komea n\u00e4ytt\u00f6 tekij\u00e4tiimin korkeasta tasosta. <b>Pentti Ter\u00e4v\u00e4inen \/ Radio Musa, Tampere<\/b><\/span><\/span><\/p>\n<h3 class=\"western\"><span style=\"font-family: Arial,sans-serif;\"><span style=\"font-size: medium;\">Hein\u00e4kuu<\/span><\/span><\/h3>\n<p><span style=\"font-family: Arial,sans-serif;\"><span style=\"font-size: medium;\"><b>LEIF LINDEMAN &#8211; Unikuva (Sony Music)<\/b><br \/>\n&#8211; Aitoa tangoa perinteiseen tyyliin. Lindemanin ihmisl\u00e4heinen sympaattisuus kuuluu my\u00f6s levylt\u00e4, mies el\u00e4\u00e4 t\u00e4ysill\u00e4 musiikkiaan. Albumi istuu hienosti radiomme profiiliin. <b>Reijo Glad \/ Radio Sandels, Iisalmi<\/b><br \/>\n&#8211; Tunnelmallista tulkintaa varmalla otteella pitk\u00e4n linjan ammattilaiselta. <b>Kimmo Salonp\u00e4\u00e4 \/ Radio Sea FM, Oulu<\/b><br \/>\n&#8211; Tyylik\u00e4s kokonaisuus ja upeat tulkinnat sek\u00e4 klassikoista ett\u00e4 aiemmin kuulemattomista s\u00e4velmist\u00e4. Leif lunastaa t\u00e4ll\u00e4 levyll\u00e4 paikkansa suurten tangolaulajien joukossa. <b>Pentti Ter\u00e4v\u00e4inen \/ Radio Musa, Tampere<\/b><\/span><\/span><\/p>\n<h3 class=\"western\"><span style=\"font-family: Arial,sans-serif;\"><span style=\"font-size: medium;\">Elokuu<\/span><\/span><\/h3>\n<p><span style=\"font-family: Arial,sans-serif;\"><span style=\"font-size: medium;\"><b>EVA &amp; MANU &#8211; Cinnamon Hearts (Warner)<\/b><br \/>\n&#8211; Eva &amp; Manu on pirist\u00e4v\u00e4 poikkeus suomalaisessa musiikkikent\u00e4ss\u00e4. <b>Anssi Marttinen \/ Radio Vaasa<\/b><br \/>\n&#8211; Tyylik\u00e4s ja vaihteleva kokonaisuus radiohiteist\u00e4 tunnelmointiin. Levy on sopivalla tavalla vanhanaikainen, ja sopii kuunneltavaksi alusta loppuun. <b>Pentti Ter\u00e4v\u00e4inen \/ Radio Musa, Tampere &amp; Helsinki<\/b><br \/>\n&#8211; Meh\u00e4n soitamme p\u00e4\u00e4asiassa suomenkielist\u00e4 musiikkia, mutta kyll\u00e4 t\u00e4lt\u00e4 albumilta l\u00f6ytyy soitettavaa my\u00f6s aikuisten radioon. Kannustusta tekij\u00f6ille! <b>Reijo Glad \/ Radio Sandels, Iisalmi<\/b><\/span><\/span><\/p>\n<h3 class=\"western\"><span style=\"font-family: Arial,sans-serif;\"><span style=\"font-size: medium;\">Syyskuu<\/span><\/span><\/h3>\n<p><span style=\"font-family: Arial,sans-serif;\"><span style=\"font-size: medium;\"><b>JARI SILLANP\u00c4\u00c4 &#8211; Rakkaudella merkitty mies (Warner)<\/b><br \/>\n&#8211; Liekeiss\u00e4 Malagaan. <b>Ilmari Aikio \/ Radio Inari<\/b><br \/>\n&#8211; Jari Sillanp\u00e4\u00e4 on uudella levyll\u00e4\u00e4n rohkeasti uskaltanut kokeilla uusia tuulia. T\u00e4m\u00e4 on varmasti my\u00f6s laajentanut fanipohjaa nuorempiinkin musiikin kuluttajiin. Suosittelemme testaamaan levy\u00e4 isoina annoksina. <b>Kimmo Salonp\u00e4\u00e4 \/ Radio Sea FM, Oulu<\/b><br \/>\n&#8211; Levy on osoitus Sillanp\u00e4\u00e4n valtavasta muuntautumiskyvyst\u00e4. Mies kokeilee rohkeasti rajojaan ja onnistuu t\u00e4ll\u00e4kin kertaa. Levylt\u00e4 nousee useita kappaleita radioiden soittoon ymp\u00e4ri vuorokauden. <b>Reijo Glad \/ Radio Sandels, Iisalmi<\/b><br \/>\n&#8211; Jari Sillanp\u00e4\u00e4 hallitsee kaikki kevyen musiikin lajit. H\u00e4n on saavuttanut t\u00e4\u00e4ll\u00e4 jo kaiken. Kielitaitoinen viihdytt\u00e4j\u00e4 voisi tehd\u00e4 halutessaan my\u00f6s kansainv\u00e4list\u00e4 uraa. <b>Pentti Ter\u00e4v\u00e4inen \/ Radio Musa, Tampere &amp; Helsinki<\/b><\/span><\/span><\/p>\n<h3 class=\"western\"><span style=\"font-family: Arial,sans-serif;\"><span style=\"font-size: medium;\">Lokakuu<\/span><\/span><\/h3>\n<p><span style=\"font-family: Arial,sans-serif;\"><span style=\"font-size: medium;\"><b>Y\u00d6 &#8211; Hyv\u00e4ss\u00e4 ja pahassa (Ratas)<\/b><br \/>\n&#8211; Pitk\u00e4aikainen radiosuosikki sopii l\u00e4hes kaikkien radioiden soittoon. Kokonaispaketti on kunnossa, uudistunut mutta tuttu. Y\u00f6 on takuuvarmaa tavaraa. Sit\u00e4 saa mit\u00e4 tilaa. <b>Reijo Glad \/ Radio Sandels, Iisalmi &#8211; Kuopio <\/b><br \/>\n&#8211; Lainaan t\u00e4h\u00e4n Jorma Uotisen sanoja: &#8211; Ei huono<\/span><\/span><span style=\"font-family: Arial,sans-serif;\"><span style=\"font-size: medium;\">\uff9d<\/span><\/span><span style=\"font-family: Arial,sans-serif;\"><span style=\"font-size: medium;\">. Y\u00f6n yst\u00e4ville t\u00e4m\u00e4 on j\u00e4lleen odotettua tavaraa. Mukavaa kuunneltavaa my\u00f6s p\u00e4ivisin. <b>Kimmo Salonp\u00e4\u00e4 \/ Radio Sea FM, Oulu<\/b><br \/>\n&#8211; Y\u00f6 on radioiden kestosuosikki. Kepe\u00e4mp\u00e4\u00e4kin linjaa suosivat radiot toivottavat t\u00e4m\u00e4n albumin tervetulleeksi. Monissa lauluissa on positiivinen vire. <b>Pentti Ter\u00e4v\u00e4inen \/ Radio Musa, Tampere &#8211; Helsinki<\/b><\/span><\/span><\/p>\n<h3 class=\"western\"><span style=\"font-family: Arial,sans-serif;\"><span style=\"font-size: medium;\">Marraskuu<\/span><\/span><\/h3>\n<p><span style=\"font-family: Arial,sans-serif;\"><span style=\"font-size: medium;\"><b>NIKO AHVONEN &#8211; Pohjoinen soul (Turenki)<\/b><br \/>\n&#8211; Svengaa kuin hirvi. Nimitt\u00e4in Niko Ahvosen uusi Pohjoinen Soul -levy. <b>Anssi Marttinen \/ Radio Vaasa<\/b><br \/>\n&#8211; Suomessa ei ole kovin montaa soul-muusikkoa, ja Niko Ahvonen kuuluu t\u00e4ss\u00e4 ryhm\u00e4ss\u00e4 ehdottomasti k\u00e4rkikastiin. Ahvosen soul on tehty pilke silm\u00e4kulmassa ja musiikki etenee kunnioitettavaa tahtia. Ahvosen yhteisty\u00f6 Sami Saaren kanssa tuottaa svengaavaa tulosta. <b>Teija Aarrekari, Sea FM Oulu<\/b><br \/>\n&#8211; Sielukas poljento ja mielenkiintoiset sanaleikit pist\u00e4v\u00e4t kaikenik\u00e4isten tanssijalat vipattamaan. Levy kest\u00e4\u00e4 autokuuntelussakin etel\u00e4st\u00e4 pohjoiseen. Lis\u00e4\u00e4 t\u00e4llaista! <b>Reijo Glad \/ Radio Sandels, Iisalmi &#8211; Kuopio <\/b><br \/>\n&#8211; Radioaalloille hyvin sopivaa, tiukkaa svengimusaa, jossa tapahtuu sek\u00e4 teksteiss\u00e4 ett\u00e4 s\u00e4velmiss\u00e4. <b>Pentti Ter\u00e4v\u00e4inen \/ Radio Musa, Tampere <\/b><\/span><\/span><\/p>\n<h3><span style=\"font-family: Arial,sans-serif;\"><span style=\"font-size: medium;\">Vuoden joululevy<\/span><\/span><\/h3>\n<p><span style=\"font-family: Arial,sans-serif;\"><span style=\"font-size: medium;\"><b>KY\u00d6STI M\u00c4KIMATTILA &#8211; Joulumuistoni (Sony) <\/b><\/span><\/span><\/p>\n<p><span style=\"font-family: Arial,sans-serif;\"><span style=\"font-size: medium;\">&#8211; Positiivinen yll\u00e4tys.<b> Anssi Marttinen \/ Radio Vaasa <\/b><\/span><\/span><\/p>\n<p><span style=\"font-family: Arial,sans-serif;\"><span style=\"font-size: medium;\">&#8211; Ky\u00f6sti laulaa syd\u00e4mest\u00e4\u00e4n perinteisi\u00e4 lauluja muutamalla uudemmalla h\u00f6ystettyn\u00e4. Levyn voi kuunnella kokonaan, mik\u00e4 on harvinaista nykyaikana. Sopii meille, jotka emme ole raskaan joulun kannattajia. <b>Reijo Glad \/ Radio Sandels <\/b><\/span><\/span><\/p>\n<p><span style=\"font-family: Arial,sans-serif;\"><span style=\"font-size: medium;\">&#8211; Albumilta v\u00e4littyy l\u00e4mmin ja rauhoittava joulun tunnelma. Ik\u00e4\u00e4n kuin Ky\u00f6sti M\u00e4kimattila soittajineen olisi tullut paikan p\u00e4\u00e4lle musisoimaan kynttil\u00e4nvalossa. S\u00e4hk\u00f6\u00e4 on k\u00e4ytetty s\u00e4\u00e4steli\u00e4\u00e4sti.<\/span><\/span><span style=\"font-family: Arial,sans-serif;\"><span style=\"font-size: medium;\"><b> Pentti Ter\u00e4v\u00e4inen \/ Radio Musa Tampere<\/b><\/span><\/span><\/p>\n","protected":false},"excerpt":{"rendered":"<p>Tammikuu SINI SABOTAGE &#8211; 22 M2 (PME Records) &#8211; Aina kun s\u00e4 puhut sit\u00e4 Imatraa&#8230;. Miks! Ilmari Aikio \/ Radio&#8230;<\/p>\n","protected":false},"author":1,"featured_media":0,"parent":0,"menu_order":0,"comment_status":"closed","ping_status":"closed","template":"","meta":[],"_links":{"self":[{"href":"https:\/\/www.hitit.fi\/index.php\/wp-json\/wp\/v2\/pages\/406"}],"collection":[{"href":"https:\/\/www.hitit.fi\/index.php\/wp-json\/wp\/v2\/pages"}],"about":[{"href":"https:\/\/www.hitit.fi\/index.php\/wp-json\/wp\/v2\/types\/page"}],"author":[{"embeddable":true,"href":"https:\/\/www.hitit.fi\/index.php\/wp-json\/wp\/v2\/users\/1"}],"replies":[{"embeddable":true,"href":"https:\/\/www.hitit.fi\/index.php\/wp-json\/wp\/v2\/comments?post=406"}],"version-history":[{"count":1,"href":"https:\/\/www.hitit.fi\/index.php\/wp-json\/wp\/v2\/pages\/406\/revisions"}],"predecessor-version":[{"id":8014,"href":"https:\/\/www.hitit.fi\/index.php\/wp-json\/wp\/v2\/pages\/406\/revisions\/8014"}],"wp:attachment":[{"href":"https:\/\/www.hitit.fi\/index.php\/wp-json\/wp\/v2\/media?parent=406"}],"curies":[{"name":"wp","href":"https:\/\/api.w.org\/{rel}","templated":true}]}}