{"id":408,"date":"2015-01-25T19:27:05","date_gmt":"2015-01-25T19:27:05","guid":{"rendered":"http:\/\/www.hitit.fi\/?page_id=408"},"modified":"2022-04-28T19:22:04","modified_gmt":"2022-04-28T16:22:04","slug":"kuukauden-levyt-2011","status":"publish","type":"page","link":"https:\/\/www.hitit.fi\/index.php\/kuukauden-levyt-2011\/","title":{"rendered":"Kuukauden Levyt 2011"},"content":{"rendered":"<h3><span style=\"font-family: Arial,sans-serif;\"><span style=\"font-size: medium;\">Tammikuu<b><br \/>\n<\/b><\/span><\/span><\/h3>\n<p><span style=\"font-family: Arial,sans-serif;\"><span style=\"font-size: medium;\"><b>MATTI ESKO &#8211; Halleluja (AXR)<\/b><\/span><\/span><\/p>\n<p><span style=\"font-family: Arial,sans-serif;\"><span style=\"font-size: medium;\">&#8211; Hieno tulkinta Cohenin Hallelujah-kappaleesta on ratkaiseva omalta kohdaltani t\u00e4ss\u00e4 \u00e4\u00e4nestyksess\u00e4. Matti Esko todistaa jo pelk\u00e4st\u00e4\u00e4n t\u00e4ll\u00e4 kappaleella omaavansa suuren tulkitsijan taidot, joten eik\u00f6h\u00e4n unohdeta Rekkamies-Matti jo ja nautitaan kyps\u00e4n miehen kyps\u00e4st\u00e4 \u00e4\u00e4nest\u00e4. <b>Liina Matveinen\/ Iskelm\u00e4 Rex, Joensuu-Pohjois-Karjala<\/b><\/span><\/span><\/p>\n<p><span style=\"font-family: Arial,sans-serif;\"><span style=\"font-size: medium;\">&#8211; Eletty\u00e4 el\u00e4m\u00e4\u00e4, hyv\u00e4lt\u00e4 kuulostaa.<b>P\u00e4ivi Karppinen\/ Radio Kajaus, Kajaani-Kainuu-Kuusamo<\/b><\/span><\/span><\/p>\n<p><span style=\"font-family: Arial,sans-serif;\"><span style=\"font-size: medium;\">&#8211; Halleluja, mik\u00e4 levy! Ilmari Aikio Radio Inari<\/span><\/span><\/p>\n<p><span style=\"font-family: Arial,sans-serif;\"><span style=\"font-size: medium;\">&#8211; Uutta tuoretta Matti Eskoa, mutta niin mukavan perinteist\u00e4 Mattia. <b>Lasse Finska\/ Lomaradio<\/b><\/span><\/span><\/p>\n<h3><span style=\"font-family: Arial,sans-serif;\"><span style=\"font-size: medium;\">Helmikuu <\/span><\/span><\/h3>\n<p><span style=\"font-family: Arial,sans-serif;\"><span style=\"font-size: medium;\"><b>KAIJA LUSTILA &#8211; N\u00e4iden t\u00e4htien alla (Sony Music)<\/b><\/span><\/span><\/p>\n<p><span style=\"font-family: Arial,sans-serif;\"><span style=\"font-size: medium;\">&#8211; Vahva ja rohkea kokonaisuus, samalla s\u00e4ilytetty tanssillinen tuntuma. <b>P\u00e4ivi Karppinen\/ Radio Kajaus, Kajaani-Kainuu-Kuusamo<\/b><\/span><\/span><\/p>\n<p><span style=\"font-family: Arial,sans-serif;\"><span style=\"font-size: medium;\">&#8211; Kun aikuinen nainen tekee levyn, siin\u00e4 on sit\u00e4 jotakin. <b>Lasse Finska\/ Lomaradio (netiss\u00e4)<\/b><\/span><\/span><\/p>\n<h3><span style=\"font-family: Arial,sans-serif;\"><span style=\"font-size: medium;\">Maaliskuu<\/span><\/span><\/h3>\n<p><span style=\"font-family: Arial,sans-serif;\"><span style=\"font-size: medium;\"><b>NELJ\u00c4NSUORA &#8211; Valtava maailma (HMC \/ Warner)<\/b><\/span><\/span><\/p>\n<p><span style=\"font-family: Arial,sans-serif;\"><span style=\"font-size: medium;\">&#8211; Yll\u00e4tti positiivisesti, yhtyeen monipuolisuus tulee esille entist\u00e4 paremmin. <b>P\u00e4ivi Karppinen\/ Radio Kajaus, Kajaani-Kainuu-Koillismaa-Kuusamo<\/b><\/span><\/span><\/p>\n<p><span style=\"font-family: Arial,sans-serif;\"><span style=\"font-size: medium;\">&#8211; Nelj\u00e4nsuora on meill\u00e4 kuumimpia yhtyeit\u00e4. Edelliselt\u00e4 albumilta nousi kovaan soittoon per\u00e4ti viisi kipaletta &#8211; on t\u00e4ysin mahdollista, ett\u00e4 tuo luku ly\u00f6d\u00e4\u00e4n rikki t\u00e4m\u00e4n loistokkaan uudenalbumin my\u00f6t\u00e4. Erinomainen kokonaisuus tarttuvaa energiaa ja upeaa tunnelmointia. <b>Jyrki Hakanen\/ Radio Sun, Pirkanmaa- Kanta-H\u00e4me-Satakunta<\/b><\/span><\/span><\/p>\n<h3><span style=\"font-family: Arial,sans-serif;\"><span style=\"font-size: medium;\">Huhtikuu <\/span><\/span><\/h3>\n<p><span style=\"font-family: Arial,sans-serif;\"><span style=\"font-size: medium;\"><b>JANNE LEINO &#8211;&nbsp; Sytyt\u00e4 mut (Universal)<\/b><\/span><\/span><\/p>\n<p><span style=\"font-family: Arial,sans-serif;\"><span style=\"font-size: medium;\">&#8211; Jollei t\u00e4m\u00e4 Jannen resepti tehoa, niin se on kuolemaksi! <b>Jussi H\u00e4kkil\u00e4\/ Radio Pooki, Keski- ja Pohjois-Pohjanmaa &#8211; Meri-Lappi<\/b><\/span><\/span><\/p>\n<p><span style=\"font-family: Arial,sans-serif;\"><span style=\"font-size: medium;\">&#8211; Sytyt\u00e4 mut on tulinen albumi ja kappale on itsess\u00e4\u00e4n kiva duetto. <b>Ilmari Aikio\/ Radio Inari<\/b><\/span><\/span><\/p>\n<h3><span style=\"font-family: Arial,sans-serif;\"><span style=\"font-size: medium;\">Toukokuu <\/span><\/span><\/h3>\n<p><span style=\"font-family: Arial,sans-serif;\"><span style=\"font-size: medium;\"><b>Y\u00d6LINTU &#8211; Iso lemmen pala (AllStar)<\/b><\/span><\/span><\/p>\n<p><span style=\"font-family: Arial,sans-serif;\"><span style=\"font-size: medium;\">&#8211; Ammattitaidolla tehtyj\u00e4 versioita kuolemattomista kappaleista &#8211; vaikkakin Badding Somerjoen alkuper\u00e4isi\u00e4 taitaa olla mahdotonta ly\u00f6d\u00e4. Hyv\u00e4 kokonaisuus. <b>Jyrki Hakanen\/ Radio Sun<\/b><\/span><\/span><\/p>\n<h3><span style=\"font-family: Arial,sans-serif;\"><span style=\"font-size: medium;\">Kes\u00e4kuu <\/span><\/span><\/h3>\n<p><span style=\"font-family: Arial,sans-serif;\"><span style=\"font-size: medium;\"><b>ARTTU WISKARI (Warner)<\/b><\/span><\/span><\/p>\n<p><span style=\"font-family: Arial,sans-serif;\"><span style=\"font-size: medium;\">&#8211; Valinta oli t\u00e4ll\u00e4 kertaa suuren ehdokasvy\u00f6ryn vuoksi poikkeuksellisen haastava. P\u00e4\u00e4dyn kuitenkin Arttu Wiskariin, koska esimerkiksi laulujen &#8221;M\u00f6kkitie&#8221; ja &#8221;Tuntematon potilas&#8221; tarinat ovat enemm\u00e4n kuin pelkki\u00e4 laulutekstej\u00e4. <b>Jyrki Hakanen\/ Radio Sun, Pirkanmaa-Kanta-H\u00e4me-Satakunta<\/b><\/span><\/span><\/p>\n<h3><span style=\"font-family: Arial,sans-serif;\"><span style=\"font-size: medium;\">Hein\u00e4kuu <\/span><\/span><\/h3>\n<p><span style=\"font-family: Arial,sans-serif;\"><span style=\"font-size: medium;\"><b>SINITAIVAS &#8211; Totta ja kaunista (Magnum)<\/b><\/span><\/span><\/p>\n<p><span style=\"font-family: Arial,sans-serif;\"><span style=\"font-size: medium;\">&#8211; Perushyv\u00e4\u00e4 tanssimusiikkia, jossa on aineksia my\u00f6s radiosoittoon. Radio Sunissa covereiden (Katri Helena) sijasta toimivat paremmin b\u00e4ndin omat kappaleet. <b>Jyrki Hakanen\/ Radio Sun, Pirkanmaa-Kanta-H\u00e4me-Satakunta<\/b><\/span><\/span><\/p>\n<p><span style=\"font-family: Arial,sans-serif;\"><span style=\"font-size: medium;\">&#8211; Sinkkukappaleet antoivat esimakua tulevasta, eik\u00e4 tarvinnut petty\u00e4. Laatusanat meinaavat loppua kesken, mutta kiteytettyn\u00e4 kerrassaan loistava kokonaisuus. Soveltuu tanssijoille ja kuulijoille tunneskaalan menness\u00e4 laidasta laitaan. Iloa ja suuria tunteita kuten el\u00e4m\u00e4\u00e4n kuuluukin. <b>P\u00e4ivi Karppinen\/ Radio Kajaus, Kajaani-Kainuu-Koillismaa-Kuusamo-Kemij\u00e4rvi<\/b><\/span><\/span><\/p>\n<p><span style=\"font-family: Arial,sans-serif;\"><span style=\"font-size: medium;\">&#8211; Aivan kertakaikkiaan loistava kokonaisuus t\u00e4m\u00e4 Sinitaivaan levy. <b>Lasse Finska\/ Lomaradio, Helsinki-Tampere-Turku-Lahti-Jyv\u00e4skyl\u00e4<\/b><\/span><\/span><\/p>\n<p><span style=\"font-family: Arial,sans-serif;\"><span style=\"font-size: medium;\">&#8211; Reipasta radiokamaa&#8230; <b>Jussi H\u00e4kkil\u00e4\/ Radio Pooki, Keski- ja Pohjois-Pohjanmaa \u2013 Meri-Lappi<\/b><\/span><\/span><\/p>\n<h3><span style=\"font-family: Arial,sans-serif;\"><span style=\"font-size: medium;\">Elokuu <\/span><\/span><\/h3>\n<p><span style=\"font-family: Arial,sans-serif;\"><span style=\"font-size: medium;\"><b>TEEMU HARJUKARI &amp; TAIVAANRANNANMAALARIT &#8211; Kaksi t\u00e4htee (Magnum)<\/b><\/span><\/span><\/p>\n<p><span style=\"font-family: Arial,sans-serif;\"><span style=\"font-size: medium;\">&#8211; Odotus palkittiin, toimiva paketti niin parketille kuin radiosoittoonkin. <b>P\u00e4ivi Karppinen\/Radio Kajaus<\/b><\/span><\/span><\/p>\n<p><span style=\"font-family: Arial,sans-serif;\"><span style=\"font-size: medium;\">&#8211; Tanssijalalle sopivaa musiikkia, jossa on my\u00f6s aineksia radiosoittoon. <b>Jyrki Hakanen\/ Radio Sun <\/b><\/span><\/span><\/p>\n<p><span style=\"font-family: Arial,sans-serif;\"><span style=\"font-size: medium;\">&#8211; Aitoa, oikeaa ja rehellist\u00e4 Teemu Harjukari &amp; TRM -musiikkia radiokuuntelijalle ja musiikinyst\u00e4ville. <b>Lasse Finska\/ Lomaradio<\/b><\/span><\/span><\/p>\n<h3><span style=\"font-family: Arial,sans-serif;\"><span style=\"font-size: medium;\">Syyskuu <\/span><\/span><\/h3>\n<p><span style=\"font-family: Arial,sans-serif;\"><span style=\"font-size: medium;\"><b>MERVI KOPONEN &#8211; Jotain suurempaa (Spiral \/ Sony Music)<\/b><\/span><\/span><\/p>\n<p><span style=\"font-family: Arial,sans-serif;\"><span style=\"font-size: medium;\">&#8211; Raahesta jotain suurempaa. <b>Ilmari Aikio\/ Radio Inari<\/b><\/span><\/span><\/p>\n<p><span style=\"font-family: Arial,sans-serif;\"><span style=\"font-size: medium;\">&#8211; Uutta musiikkia joka saa kuuntelijan pauloihinsa. <b>Lasse Finska \/&nbsp; Lomaradio<\/b><\/span><\/span><\/p>\n<p><span style=\"font-family: Arial,sans-serif;\"><span style=\"font-size: medium;\">&#8211; Kyll\u00e4 Mervi palkintonsa ansaitsi, kateelliset vaan panettelee&#8230;todisteena osaamisesta t\u00e4m\u00e4 esikoinenkin. <b>Jussi H\u00e4kkil\u00e4\/ Radio Pooki<\/b><\/span><\/span><\/p>\n<h3><span style=\"font-family: Arial,sans-serif;\"><span style=\"font-size: medium;\">Lokakuu <\/span><\/span><\/h3>\n<p><span style=\"font-family: Arial,sans-serif;\"><span style=\"font-size: medium;\"><b>SUVI TER\u00c4SNISKA &#8211; Pahalta piilossa (HMC \/ Warner)<\/b><\/span><\/span><\/p>\n<p><span style=\"font-family: Arial,sans-serif;\"><span style=\"font-size: medium;\">&#8211; Vahvaa tulkintaa, kappaleita joka l\u00e4ht\u00f6\u00f6n.<b> P\u00e4ivi Karppinen\/ Radio Kajaus<\/b><\/span><\/span><\/p>\n<p><span style=\"font-family: Arial,sans-serif;\"><span style=\"font-size: medium;\">&#8211; Piilossa ollaan, kun aiemmin kyseltiin Miss\u00e4 muruseni on? Vastauksena pahalta piilossa.&nbsp; <b>Toimitus Radio Inari<\/b><\/span><\/span><\/p>\n<p><span style=\"font-family: Arial,sans-serif;\"><span style=\"font-size: medium;\">&#8211; Mit\u00e4 t\u00e4t\u00e4 kehumaan sen enemp\u00e4\u00e4, kuuntelepa ite&#8230; <b>Jussi H\u00e4kkil\u00e4\/ Radio Pooki<\/b><\/span><\/span><\/p>\n<h3><span style=\"font-family: Arial,sans-serif;\"><span style=\"font-size: medium;\">Marraskuu <\/span><\/span><\/h3>\n<p><span style=\"font-family: Arial,sans-serif;\"><span style=\"font-size: medium;\"><b>TOPI SORSAKOSKI &#8211; Tummansininen s\u00e4vel (EMI)<\/b><\/span><\/span><\/p>\n<p><span style=\"font-family: Arial,sans-serif;\"><span style=\"font-size: medium;\">&#8211; Liian pian h\u00e4n poistui musiikkitaivaalta pilviin. Musiikki el\u00e4\u00e4 tummansinisin s\u00e4velin. <b>Ilmari Aikio\/ Radio Inari<\/b><\/span><\/span><\/p>\n<p><span style=\"font-family: Arial,sans-serif;\"><span style=\"font-size: medium;\">&#8211; Kerta kaikkiaan loistava levykokonaisuus. Topi j\u00e4tti muiston meille kaikille yli sukupolvien nyt ja aina.<b>Lasse Finska\/ Lomaradio<\/b><\/span><\/span><\/p>\n<p><span style=\"font-family: Arial,sans-serif;\"><span style=\"font-size: medium;\">&#8211; Upea kokonaisuus. <b>Jyrki Hakanen\/ Radio Sun <\/b><\/span><\/span><\/p>\n<h3><span style=\"font-family: Arial,sans-serif;\"><span style=\"font-size: medium;\">Vuoden joululevy<b><br \/>\n<\/b><\/span><\/span><\/h3>\n<p><span style=\"font-family: Arial,sans-serif;\"><span style=\"font-size: medium;\"><b>KAI HYTTINEN &#8211; On joulu tullut Lappiin (Turenki)<\/b><\/span><\/span><\/p>\n<p><span style=\"font-family: Arial,sans-serif;\"><span style=\"font-size: medium;\">&#8211; T\u00e4t\u00e4 jaksan kuunnella perheeni kanssa koko joulun eik\u00e4 valituksia tule lapsiltakaan. Suomalaista, jouluista, pehme\u00e4 \u00e4\u00e4ni, tunnelmallinen&#8230; joten kaikki klassikon aineet kasassa.<b> Liina Matveinen\/ Iskelm\u00e4 Rex<\/b><\/span><\/span><\/p>\n<p><span style=\"font-family: Arial,sans-serif;\"><span style=\"font-size: medium;\">&#8211; Todella laadukas joululevy tuo sen oikean joulutunnelman. Lasse FinskaLomaradio<\/span><\/span><\/p>\n<p><span style=\"font-family: Arial,sans-serif;\"><span style=\"font-size: medium;\">&#8211; Tunnelmallinen kokonaisuus.<b> P\u00e4ivi Karppinen\/ Radio Kajaus<\/b><\/span><\/span><\/p>\n<p><span style=\"font-family: Arial,sans-serif;\"><span style=\"font-size: medium;\">&#8211; Uutta joulumusaa aina kaivataan. <b>Jussi H\u00e4kkil\u00e4\/ Radio Pooki<\/b><\/span><\/span><\/p>\n","protected":false},"excerpt":{"rendered":"<p>Tammikuu MATTI ESKO &#8211; Halleluja (AXR) &#8211; Hieno tulkinta Cohenin Hallelujah-kappaleesta on ratkaiseva omalta kohdaltani t\u00e4ss\u00e4 \u00e4\u00e4nestyksess\u00e4. Matti Esko todistaa&#8230;<\/p>\n","protected":false},"author":1,"featured_media":0,"parent":0,"menu_order":0,"comment_status":"closed","ping_status":"closed","template":"","meta":[],"_links":{"self":[{"href":"https:\/\/www.hitit.fi\/index.php\/wp-json\/wp\/v2\/pages\/408"}],"collection":[{"href":"https:\/\/www.hitit.fi\/index.php\/wp-json\/wp\/v2\/pages"}],"about":[{"href":"https:\/\/www.hitit.fi\/index.php\/wp-json\/wp\/v2\/types\/page"}],"author":[{"embeddable":true,"href":"https:\/\/www.hitit.fi\/index.php\/wp-json\/wp\/v2\/users\/1"}],"replies":[{"embeddable":true,"href":"https:\/\/www.hitit.fi\/index.php\/wp-json\/wp\/v2\/comments?post=408"}],"version-history":[{"count":1,"href":"https:\/\/www.hitit.fi\/index.php\/wp-json\/wp\/v2\/pages\/408\/revisions"}],"predecessor-version":[{"id":8011,"href":"https:\/\/www.hitit.fi\/index.php\/wp-json\/wp\/v2\/pages\/408\/revisions\/8011"}],"wp:attachment":[{"href":"https:\/\/www.hitit.fi\/index.php\/wp-json\/wp\/v2\/media?parent=408"}],"curies":[{"name":"wp","href":"https:\/\/api.w.org\/{rel}","templated":true}]}}