{"id":9772,"date":"2023-11-21T20:26:08","date_gmt":"2023-11-21T18:26:08","guid":{"rendered":"https:\/\/www.hitit.fi\/?page_id=9772"},"modified":"2023-11-21T20:30:07","modified_gmt":"2023-11-21T18:30:07","slug":"kuukauden-levyt","status":"publish","type":"page","link":"https:\/\/www.hitit.fi\/index.php\/kuukauden-levyt\/","title":{"rendered":"Kuukauden levyt"},"content":{"rendered":"\n<p>Paikallisradioiden musiikkitoimittajat ovat valinneet Kuukauden levy -voittajia vuodesta 1990. T\u00e4lt\u00e4 sivulta l\u00f6yd\u00e4t Kuukauden levy -palkittuja vuodesta 2001 aina t\u00e4h\u00e4n p\u00e4iv\u00e4\u00e4n asti. Kuukauden levy valitaan edelleen s\u00e4\u00e4nn\u00f6llisesti.<\/p>\n\n\n\n<figure class=\"wp-block-table\"><table><tbody><tr><td class=\"has-text-align-center\" data-align=\"center\">2024<\/td><td class=\"has-text-align-center\" data-align=\"center\">2023<\/td><td class=\"has-text-align-center\" data-align=\"center\">2022<\/td><td class=\"has-text-align-center\" data-align=\"center\"><a href=\"https:\/\/www.hitit.fi\/index.php\/category\/kuukauden-levyt-2021\/\" data-type=\"URL\" data-id=\"https:\/\/www.hitit.fi\/index.php\/category\/kuukauden-levyt-2021\/\" target=\"_blank\" rel=\"noreferrer noopener\">2021<\/a><\/td><\/tr><tr><td class=\"has-text-align-center\" data-align=\"center\"><a href=\"https:\/\/www.hitit.fi\/index.php\/category\/kuukauden-levyt-2020\/\" data-type=\"URL\" data-id=\"https:\/\/www.hitit.fi\/index.php\/category\/kuukauden-levyt-2020\/\" target=\"_blank\" rel=\"noreferrer noopener\">2020<\/a><\/td><td class=\"has-text-align-center\" data-align=\"center\"><a href=\"https:\/\/www.hitit.fi\/index.php\/category\/kuukauden-levyt-2019\/\" target=\"_blank\" rel=\"noreferrer noopener\">2019<\/a><\/td><td class=\"has-text-align-center\" data-align=\"center\"><a href=\"https:\/\/www.hitit.fi\/index.php\/category\/kuukauden-levyt-2018\/\">2018<\/a><\/td><td class=\"has-text-align-center\" data-align=\"center\"><a href=\"https:\/\/www.hitit.fi\/index.php\/category\/kuukauden-levyt-2017\/\" data-type=\"URL\" data-id=\"https:\/\/www.hitit.fi\/index.php\/category\/kuukauden-levyt-2017\/\" target=\"_blank\" rel=\"noreferrer noopener\">2017<\/a><\/td><\/tr><tr><td class=\"has-text-align-center\" data-align=\"center\"><a href=\"https:\/\/www.hitit.fi\/index.php\/category\/kuukauden-levyt-2016\/\" target=\"_blank\" rel=\"noreferrer noopener\">2016<\/a><\/td><td class=\"has-text-align-center\" data-align=\"center\"><a href=\"https:\/\/www.hitit.fi\/index.php\/category\/kklevyt2015\/\" target=\"_blank\" rel=\"noreferrer noopener\">2015<\/a><\/td><td class=\"has-text-align-center\" data-align=\"center\"><a href=\"https:\/\/www.hitit.fi\/index.php\/kuukauden-levyt-2014\/\" target=\"_blank\" rel=\"noreferrer noopener\">2014<\/a><\/td><td class=\"has-text-align-center\" data-align=\"center\"><a href=\"https:\/\/www.hitit.fi\/index.php\/kuukauden-levyt-2013\/\" data-type=\"URL\" data-id=\"https:\/\/www.hitit.fi\/index.php\/kuukauden-levyt-2013\/\" target=\"_blank\" rel=\"noreferrer noopener\">2013<\/a><\/td><\/tr><tr><td class=\"has-text-align-center\" data-align=\"center\"><a href=\"https:\/\/www.hitit.fi\/index.php\/kuukauden-levyt-2012\/\" data-type=\"URL\" data-id=\"https:\/\/www.hitit.fi\/index.php\/kuukauden-levyt-2012\/\" target=\"_blank\" rel=\"noreferrer noopener\">2012<\/a><\/td><td class=\"has-text-align-center\" data-align=\"center\"><a href=\"https:\/\/www.hitit.fi\/index.php\/kuukauden-levyt-2011\/\" data-type=\"URL\" data-id=\"https:\/\/www.hitit.fi\/index.php\/kuukauden-levyt-2011\/\" target=\"_blank\" rel=\"noreferrer noopener\">2011<\/a><\/td><td class=\"has-text-align-center\" data-align=\"center\"><a href=\"https:\/\/www.hitit.fi\/index.php\/kuukauden-levyt-2010\/\" target=\"_blank\" rel=\"noreferrer noopener\">2010<\/a><\/td><td class=\"has-text-align-center\" data-align=\"center\"><a href=\"https:\/\/www.hitit.fi\/index.php\/395-2\/\" target=\"_blank\" rel=\"noreferrer noopener\">2009<\/a><\/td><\/tr><tr><td class=\"has-text-align-center\" data-align=\"center\"><a href=\"https:\/\/www.hitit.fi\/index.php\/kuukauden-levyt-2008\/\" target=\"_blank\" rel=\"noreferrer noopener\">2008<\/a><\/td><td class=\"has-text-align-center\" data-align=\"center\"><a href=\"https:\/\/www.hitit.fi\/index.php\/378-2\/\" data-type=\"URL\" data-id=\"https:\/\/www.hitit.fi\/index.php\/378-2\/\" target=\"_blank\" rel=\"noreferrer noopener\">2007<\/a><\/td><td class=\"has-text-align-center\" data-align=\"center\"><a href=\"https:\/\/www.hitit.fi\/index.php\/kuukauden-levyt-2006\/\" data-type=\"URL\" data-id=\"https:\/\/www.hitit.fi\/index.php\/kuukauden-levyt-2006\/\" target=\"_blank\" rel=\"noreferrer noopener\">2006<\/a><\/td><td class=\"has-text-align-center\" data-align=\"center\"><a href=\"https:\/\/www.hitit.fi\/index.php\/kuukauden-levyt-2005\/\" target=\"_blank\" rel=\"noreferrer noopener\">2005<\/a><\/td><\/tr><tr><td class=\"has-text-align-center\" data-align=\"center\"><a href=\"https:\/\/www.hitit.fi\/index.php\/kuukauden-levyt-2004\/\" target=\"_blank\" rel=\"noreferrer noopener\">2004<\/a><\/td><td class=\"has-text-align-center\" data-align=\"center\"><a href=\"https:\/\/www.hitit.fi\/index.php\/kuukauden-levyt-2003\/\" target=\"_blank\" rel=\"noreferrer noopener\">2003<\/a><\/td><td class=\"has-text-align-center\" data-align=\"center\"><a href=\"https:\/\/www.hitit.fi\/index.php\/kuukauden-levyt-2002\/\" data-type=\"URL\" data-id=\"https:\/\/www.hitit.fi\/index.php\/kuukauden-levyt-2002\/\" target=\"_blank\" rel=\"noreferrer noopener\">2002<\/a><\/td><td class=\"has-text-align-center\" data-align=\"center\"><a href=\"https:\/\/www.hitit.fi\/index.php\/kuukauden-levyt-2001\/\" data-type=\"URL\" data-id=\"https:\/\/www.hitit.fi\/index.php\/kuukauden-levyt-2001\/\" target=\"_blank\" rel=\"noreferrer noopener\">2001<\/a><\/td><\/tr><\/tbody><\/table><\/figure>\n\n\n\n<p><\/p>\n\n\n<div class=\"wp-block-image\">\n<figure class=\"aligncenter size-full\"><img decoding=\"async\" loading=\"lazy\" width=\"1000\" height=\"667\" src=\"http:\/\/www.hitit.fi\/wp-content\/uploads\/2017\/10\/lavisvoittajat_pieni.png\" alt=\"\" class=\"wp-image-9770\" srcset=\"https:\/\/www.hitit.fi\/wp-content\/uploads\/2017\/10\/lavisvoittajat_pieni.png 1000w, https:\/\/www.hitit.fi\/wp-content\/uploads\/2017\/10\/lavisvoittajat_pieni-300x200.png 300w, https:\/\/www.hitit.fi\/wp-content\/uploads\/2017\/10\/lavisvoittajat_pieni-768x512.png 768w, https:\/\/www.hitit.fi\/wp-content\/uploads\/2017\/10\/lavisvoittajat_pieni-120x80.png 120w, https:\/\/www.hitit.fi\/wp-content\/uploads\/2017\/10\/lavisvoittajat_pieni-255x170.png 255w, https:\/\/www.hitit.fi\/wp-content\/uploads\/2017\/10\/lavisvoittajat_pieni-345x230.png 345w\" sizes=\"(max-width: 1000px) 100vw, 1000px\" \/><figcaption class=\"wp-element-caption\">Kuukauden levy -voittajia 2022 ja 2023. Voittajat palkittiin Lavakauden p\u00e4\u00e4tt\u00e4j\u00e4isiss\u00e4 Tampereen Komediateatterilla. Kuva: Paula Huvinen.<\/figcaption><\/figure><\/div>\n\n\n<p><\/p>\n","protected":false},"excerpt":{"rendered":"<p>Paikallisradioiden musiikkitoimittajat ovat valinneet Kuukauden levy -voittajia vuodesta 1990. T\u00e4lt\u00e4 sivulta l\u00f6yd\u00e4t Kuukauden levy -palkittuja vuodesta 2001 aina t\u00e4h\u00e4n p\u00e4iv\u00e4\u00e4n&#8230;<\/p>\n","protected":false},"author":1,"featured_media":0,"parent":0,"menu_order":0,"comment_status":"closed","ping_status":"closed","template":"","meta":[],"_links":{"self":[{"href":"https:\/\/www.hitit.fi\/index.php\/wp-json\/wp\/v2\/pages\/9772"}],"collection":[{"href":"https:\/\/www.hitit.fi\/index.php\/wp-json\/wp\/v2\/pages"}],"about":[{"href":"https:\/\/www.hitit.fi\/index.php\/wp-json\/wp\/v2\/types\/page"}],"author":[{"embeddable":true,"href":"https:\/\/www.hitit.fi\/index.php\/wp-json\/wp\/v2\/users\/1"}],"replies":[{"embeddable":true,"href":"https:\/\/www.hitit.fi\/index.php\/wp-json\/wp\/v2\/comments?post=9772"}],"version-history":[{"count":4,"href":"https:\/\/www.hitit.fi\/index.php\/wp-json\/wp\/v2\/pages\/9772\/revisions"}],"predecessor-version":[{"id":9777,"href":"https:\/\/www.hitit.fi\/index.php\/wp-json\/wp\/v2\/pages\/9772\/revisions\/9777"}],"wp:attachment":[{"href":"https:\/\/www.hitit.fi\/index.php\/wp-json\/wp\/v2\/media?parent=9772"}],"curies":[{"name":"wp","href":"https:\/\/api.w.org\/{rel}","templated":true}]}}